{"id":2332,"date":"2020-10-09T07:26:34","date_gmt":"2020-10-09T07:26:34","guid":{"rendered":"http:\/\/www.bunkerseguridad.es\/en\/?post_type=product&#038;p=2332"},"modified":"2021-02-10T11:26:17","modified_gmt":"2021-02-10T11:26:17","slug":"barriere-de-infrarouge-quads-pb-xxf","status":"publish","type":"product","link":"https:\/\/bunkerseguridad.com\/fr\/produit\/barriere-de-infrarouge-quads-pb-xxf\/","title":{"rendered":"Barri\u00e8re de infrarouge quad PB-50\/100\/200F"},"content":{"rendered":"<p>Le choix professionnel en mati\u00e8re de protection ext\u00e9rieure, nos d\u00e9tecteurs de faisceaux Quad synchronisent 16 trajectoires de faisceaux pour une stabilit\u00e9 maximale dans des conditions m\u00e9t\u00e9orologiques s\u00e9v\u00e8res, ce qui est parfait pour la protection de p\u00e9rim\u00e8tres \u00e0 longue port\u00e9e.<\/p>\n<p>Remarque : les d\u00e9tecteurs Quad Beams de la s\u00e9rie PB-F sont des unit\u00e9s \u00e0 canal unique pour les syst\u00e8mes \u00e0 faisceau simple. Pour les syst\u00e8mes plus complexes, par exemple les faisceaux multiples empil\u00e9s ou les syst\u00e8mes en ligne, utilisez les unit\u00e9s \u00e0 4 canaux de la s\u00e9rie PB-IN-HF pour \u00e9viter la \u00ab\u00a0diaphonie\u00a0\u00bb.<\/p>\n<p><strong>Caract\u00e9ristiques:<\/strong><\/p>\n<ul>\n<li>4 x faisceaux de haute puissance synchronis\u00e9s<\/li>\n<li>Une double modulation pour une immunit\u00e9 \u00e0 la lumi\u00e8re in\u00e9gal\u00e9e<\/li>\n<li>Verrouillage dynamique du gain automatique (AGL)<\/li>\n<li>T\u00eates de capteur r\u00e9glables \u00e0 \u00b190\u00b0 horizontalement \u00b1 10\u00b0 verticalement<\/li>\n<li>50.000 lux d&rsquo;immunit\u00e9 \u00e0 la lumi\u00e8re du soleil<\/li>\n<li>Logement IP55<\/li>\n<\/ul>\n","protected":false},"excerpt":{"rendered":"<p>Faisceaux quadruples synchronis\u00e9s \u00e0 un seul canal pour une stabilit\u00e9 maximale dans des conditions m\u00e9t\u00e9orologiques difficiles.<\/p>\n<p>Protection du p\u00e9rim\u00e8tre ext\u00e9rieur et int\u00e9rieur.<\/p>\n","protected":false},"featured_media":2274,"template":"","meta":{"_et_pb_use_builder":"","_et_pb_old_content":"","_et_gb_content_width":""},"pwb-brand":[202],"product_brand":[],"product_cat":[41,49],"product_tag":[76,80,82,81,78],"class_list":{"0":"post-2332","1":"product","2":"type-product","3":"status-publish","4":"has-post-thumbnail","6":"pwb-brand-takex","7":"product_cat-detection-intrusion-perimetrique","8":"product_cat-barrieres-infrarouges","9":"product_tag-canal-unique","10":"product_tag-exterieur","11":"product_tag-faisceau-photoelectrique","12":"product_tag-interieur","13":"product_tag-quadruple-faisceau","15":"first","16":"instock","17":"shipping-taxable","18":"product-type-simple"},"yoast_head":"<!-- This site is optimized with the Yoast SEO plugin v25.2 - https:\/\/yoast.com\/wordpress\/plugins\/seo\/ -->\n<title>Barri\u00e8re de infrarouge quad PB-50\/100\/200F - Bunker Seguridad<\/title>\n<meta name=\"description\" content=\"Faisceaux quadruples synchronis\u00e9s \u00e0 un seul canal pour une stabilit\u00e9 maximale dans des conditions m\u00e9t\u00e9orologiques difficiles. Protection du p\u00e9rim\u00e8tre ext\u00e9rieur et int\u00e9rieur.\" \/>\n<meta name=\"robots\" content=\"noindex, follow, max-snippet:-1, max-image-preview:large, max-video-preview:-1\" \/>\n<meta property=\"og:locale\" content=\"fr_FR\" \/>\n<meta property=\"og:type\" content=\"article\" \/>\n<meta property=\"og:title\" content=\"Barri\u00e8re de infrarouge quad PB-50\/100\/200F - Bunker Seguridad\" \/>\n<meta property=\"og:description\" content=\"Faisceaux quadruples synchronis\u00e9s \u00e0 un seul canal pour une stabilit\u00e9 maximale dans des conditions m\u00e9t\u00e9orologiques difficiles. Protection du p\u00e9rim\u00e8tre ext\u00e9rieur et int\u00e9rieur.\" \/>\n<meta property=\"og:url\" content=\"https:\/\/bunkerseguridad.com\/fr\/produit\/barriere-de-infrarouge-quads-pb-xxf\/\" \/>\n<meta property=\"og:site_name\" content=\"Bunker Seguridad\" \/>\n<meta property=\"article:modified_time\" content=\"2021-02-10T11:26:17+00:00\" \/>\n<meta property=\"og:image\" content=\"https:\/\/bunkerseguridad.com\/fr\/wp-content\/uploads\/2020\/10\/PB-IN-100AT.png\" \/>\n\t<meta property=\"og:image:width\" content=\"1200\" \/>\n\t<meta property=\"og:image:height\" content=\"1200\" \/>\n\t<meta property=\"og:image:type\" content=\"image\/png\" \/>\n<meta name=\"twitter:card\" content=\"summary_large_image\" \/>\n<meta name=\"twitter:label1\" content=\"Dur\u00e9e de lecture estim\u00e9e\" \/>\n\t<meta name=\"twitter:data1\" content=\"1 minute\" \/>\n<script type=\"application\/ld+json\" class=\"yoast-schema-graph\">{\"@context\":\"https:\/\/schema.org\",\"@graph\":[{\"@type\":\"WebPage\",\"@id\":\"https:\/\/bunkerseguridad.com\/fr\/produit\/barriere-de-infrarouge-quads-pb-xxf\/\",\"url\":\"https:\/\/bunkerseguridad.com\/fr\/produit\/barriere-de-infrarouge-quads-pb-xxf\/\",\"name\":\"Barri\u00e8re de infrarouge quad PB-50\/100\/200F - Bunker Seguridad\",\"isPartOf\":{\"@id\":\"https:\/\/bunkerseguridad.com\/fr\/#website\"},\"primaryImageOfPage\":{\"@id\":\"https:\/\/bunkerseguridad.com\/fr\/produit\/barriere-de-infrarouge-quads-pb-xxf\/#primaryimage\"},\"image\":{\"@id\":\"https:\/\/bunkerseguridad.com\/fr\/produit\/barriere-de-infrarouge-quads-pb-xxf\/#primaryimage\"},\"thumbnailUrl\":\"https:\/\/bunkerseguridad.com\/fr\/wp-content\/uploads\/2020\/10\/PB-IN-100AT.png\",\"datePublished\":\"2020-10-09T07:26:34+00:00\",\"dateModified\":\"2021-02-10T11:26:17+00:00\",\"description\":\"Faisceaux quadruples synchronis\u00e9s \u00e0 un seul canal pour une stabilit\u00e9 maximale dans des conditions m\u00e9t\u00e9orologiques difficiles. Protection du p\u00e9rim\u00e8tre ext\u00e9rieur et int\u00e9rieur.\",\"breadcrumb\":{\"@id\":\"https:\/\/bunkerseguridad.com\/fr\/produit\/barriere-de-infrarouge-quads-pb-xxf\/#breadcrumb\"},\"inLanguage\":\"fr-FR\",\"potentialAction\":[{\"@type\":\"ReadAction\",\"target\":[\"https:\/\/bunkerseguridad.com\/fr\/produit\/barriere-de-infrarouge-quads-pb-xxf\/\"]}]},{\"@type\":\"ImageObject\",\"inLanguage\":\"fr-FR\",\"@id\":\"https:\/\/bunkerseguridad.com\/fr\/produit\/barriere-de-infrarouge-quads-pb-xxf\/#primaryimage\",\"url\":\"https:\/\/bunkerseguridad.com\/fr\/wp-content\/uploads\/2020\/10\/PB-IN-100AT.png\",\"contentUrl\":\"https:\/\/bunkerseguridad.com\/fr\/wp-content\/uploads\/2020\/10\/PB-IN-100AT.png\",\"width\":1200,\"height\":1200,\"caption\":\"Colonnes photo\u00e9lectriques S\u00e9ries PB\"},{\"@type\":\"BreadcrumbList\",\"@id\":\"https:\/\/bunkerseguridad.com\/fr\/produit\/barriere-de-infrarouge-quads-pb-xxf\/#breadcrumb\",\"itemListElement\":[{\"@type\":\"ListItem\",\"position\":1,\"name\":\"Home\",\"item\":\"https:\/\/bunkerseguridad.com\/fr\/\"},{\"@type\":\"ListItem\",\"position\":2,\"name\":\"Shop\",\"item\":\"https:\/\/bunkerseguridad.com\/fr\/shop\/\"},{\"@type\":\"ListItem\",\"position\":3,\"name\":\"Barri\u00e8re de infrarouge quad PB-50\/100\/200F\"}]},{\"@type\":\"WebSite\",\"@id\":\"https:\/\/bunkerseguridad.com\/fr\/#website\",\"url\":\"https:\/\/bunkerseguridad.com\/fr\/\",\"name\":\"Bunker Seguridad\",\"description\":\"Otro sitio realizado con WordPress\",\"potentialAction\":[{\"@type\":\"SearchAction\",\"target\":{\"@type\":\"EntryPoint\",\"urlTemplate\":\"https:\/\/bunkerseguridad.com\/fr\/?s={search_term_string}\"},\"query-input\":{\"@type\":\"PropertyValueSpecification\",\"valueRequired\":true,\"valueName\":\"search_term_string\"}}],\"inLanguage\":\"fr-FR\"}]}<\/script>\n<!-- \/ Yoast SEO plugin. -->","yoast_head_json":{"title":"Barri\u00e8re de infrarouge quad PB-50\/100\/200F - Bunker Seguridad","description":"Faisceaux quadruples synchronis\u00e9s \u00e0 un seul canal pour une stabilit\u00e9 maximale dans des conditions m\u00e9t\u00e9orologiques difficiles. Protection du p\u00e9rim\u00e8tre ext\u00e9rieur et int\u00e9rieur.","robots":{"index":"noindex","follow":"follow","max-snippet":"max-snippet:-1","max-image-preview":"max-image-preview:large","max-video-preview":"max-video-preview:-1"},"og_locale":"fr_FR","og_type":"article","og_title":"Barri\u00e8re de infrarouge quad PB-50\/100\/200F - Bunker Seguridad","og_description":"Faisceaux quadruples synchronis\u00e9s \u00e0 un seul canal pour une stabilit\u00e9 maximale dans des conditions m\u00e9t\u00e9orologiques difficiles. Protection du p\u00e9rim\u00e8tre ext\u00e9rieur et int\u00e9rieur.","og_url":"https:\/\/bunkerseguridad.com\/fr\/produit\/barriere-de-infrarouge-quads-pb-xxf\/","og_site_name":"Bunker Seguridad","article_modified_time":"2021-02-10T11:26:17+00:00","og_image":[{"width":1200,"height":1200,"url":"https:\/\/bunkerseguridad.com\/fr\/wp-content\/uploads\/2020\/10\/PB-IN-100AT.png","type":"image\/png"}],"twitter_card":"summary_large_image","twitter_misc":{"Dur\u00e9e de lecture estim\u00e9e":"1 minute"},"schema":{"@context":"https:\/\/schema.org","@graph":[{"@type":"WebPage","@id":"https:\/\/bunkerseguridad.com\/fr\/produit\/barriere-de-infrarouge-quads-pb-xxf\/","url":"https:\/\/bunkerseguridad.com\/fr\/produit\/barriere-de-infrarouge-quads-pb-xxf\/","name":"Barri\u00e8re de infrarouge quad PB-50\/100\/200F - Bunker Seguridad","isPartOf":{"@id":"https:\/\/bunkerseguridad.com\/fr\/#website"},"primaryImageOfPage":{"@id":"https:\/\/bunkerseguridad.com\/fr\/produit\/barriere-de-infrarouge-quads-pb-xxf\/#primaryimage"},"image":{"@id":"https:\/\/bunkerseguridad.com\/fr\/produit\/barriere-de-infrarouge-quads-pb-xxf\/#primaryimage"},"thumbnailUrl":"https:\/\/bunkerseguridad.com\/fr\/wp-content\/uploads\/2020\/10\/PB-IN-100AT.png","datePublished":"2020-10-09T07:26:34+00:00","dateModified":"2021-02-10T11:26:17+00:00","description":"Faisceaux quadruples synchronis\u00e9s \u00e0 un seul canal pour une stabilit\u00e9 maximale dans des conditions m\u00e9t\u00e9orologiques difficiles. Protection du p\u00e9rim\u00e8tre ext\u00e9rieur et int\u00e9rieur.","breadcrumb":{"@id":"https:\/\/bunkerseguridad.com\/fr\/produit\/barriere-de-infrarouge-quads-pb-xxf\/#breadcrumb"},"inLanguage":"fr-FR","potentialAction":[{"@type":"ReadAction","target":["https:\/\/bunkerseguridad.com\/fr\/produit\/barriere-de-infrarouge-quads-pb-xxf\/"]}]},{"@type":"ImageObject","inLanguage":"fr-FR","@id":"https:\/\/bunkerseguridad.com\/fr\/produit\/barriere-de-infrarouge-quads-pb-xxf\/#primaryimage","url":"https:\/\/bunkerseguridad.com\/fr\/wp-content\/uploads\/2020\/10\/PB-IN-100AT.png","contentUrl":"https:\/\/bunkerseguridad.com\/fr\/wp-content\/uploads\/2020\/10\/PB-IN-100AT.png","width":1200,"height":1200,"caption":"Colonnes photo\u00e9lectriques S\u00e9ries PB"},{"@type":"BreadcrumbList","@id":"https:\/\/bunkerseguridad.com\/fr\/produit\/barriere-de-infrarouge-quads-pb-xxf\/#breadcrumb","itemListElement":[{"@type":"ListItem","position":1,"name":"Home","item":"https:\/\/bunkerseguridad.com\/fr\/"},{"@type":"ListItem","position":2,"name":"Shop","item":"https:\/\/bunkerseguridad.com\/fr\/shop\/"},{"@type":"ListItem","position":3,"name":"Barri\u00e8re de infrarouge quad PB-50\/100\/200F"}]},{"@type":"WebSite","@id":"https:\/\/bunkerseguridad.com\/fr\/#website","url":"https:\/\/bunkerseguridad.com\/fr\/","name":"Bunker Seguridad","description":"Otro sitio realizado con WordPress","potentialAction":[{"@type":"SearchAction","target":{"@type":"EntryPoint","urlTemplate":"https:\/\/bunkerseguridad.com\/fr\/?s={search_term_string}"},"query-input":{"@type":"PropertyValueSpecification","valueRequired":true,"valueName":"search_term_string"}}],"inLanguage":"fr-FR"}]}},"brands":[{"id":202,"name":"Takex","slug":"takex"}],"_links":{"self":[{"href":"https:\/\/bunkerseguridad.com\/fr\/wp-json\/wp\/v2\/product\/2332","targetHints":{"allow":["GET"]}}],"collection":[{"href":"https:\/\/bunkerseguridad.com\/fr\/wp-json\/wp\/v2\/product"}],"about":[{"href":"https:\/\/bunkerseguridad.com\/fr\/wp-json\/wp\/v2\/types\/product"}],"wp:featuredmedia":[{"embeddable":true,"href":"https:\/\/bunkerseguridad.com\/fr\/wp-json\/wp\/v2\/media\/2274"}],"wp:attachment":[{"href":"https:\/\/bunkerseguridad.com\/fr\/wp-json\/wp\/v2\/media?parent=2332"}],"wp:term":[{"taxonomy":"pwb-brand","embeddable":true,"href":"https:\/\/bunkerseguridad.com\/fr\/wp-json\/wp\/v2\/pwb-brand?post=2332"},{"taxonomy":"product_brand","embeddable":true,"href":"https:\/\/bunkerseguridad.com\/fr\/wp-json\/wp\/v2\/product_brand?post=2332"},{"taxonomy":"product_cat","embeddable":true,"href":"https:\/\/bunkerseguridad.com\/fr\/wp-json\/wp\/v2\/product_cat?post=2332"},{"taxonomy":"product_tag","embeddable":true,"href":"https:\/\/bunkerseguridad.com\/fr\/wp-json\/wp\/v2\/product_tag?post=2332"}],"curies":[{"name":"wp","href":"https:\/\/api.w.org\/{rel}","templated":true}]}}