{"id":2308,"date":"2020-10-08T10:37:11","date_gmt":"2020-10-08T10:37:11","guid":{"rendered":"http:\/\/www.bunkerseguridad.es\/en\/?post_type=product&#038;p=2308"},"modified":"2021-02-10T10:09:01","modified_gmt":"2021-02-10T10:09:01","slug":"barrieres-infrarouges-pb-xxhf-kh","status":"publish","type":"product","link":"https:\/\/bunkerseguridad.com\/fr\/produit\/barrieres-infrarouges-pb-xxhf-kh\/","title":{"rendered":"Barri\u00e8res infrarouges PB-50\/100\/200HF-KH"},"content":{"rendered":"<p><strong>TAKEX KH Barri\u00e8res infrarouges s\u00e9ries <\/strong>et les tours Bunker Seguridad sont une combinaison fiable pour la d\u00e9tection d&rsquo;intrusion dans le p\u00e9rim\u00e8tre dans les situations les plus exigeantes. Livr\u00e9es avec des supports de montage PTKH \u00ab\u00a0Quick fix\u00a0\u00bb pour un montage rapide et sans probl\u00e8me, les unit\u00e9s de faisceaux sont plac\u00e9es dans des canaux coulissants verticaux dans la colonne de la tour, ce qui permet un ajustement facile et pr\u00e9cis de la hauteur. Les poutres quadruples sont synchronis\u00e9es pour maintenir la port\u00e9e et la stabilit\u00e9 par temps violent, tout en rejetant les \u00ab\u00a0alarmes de nuisance\u00a0\u00bb caus\u00e9es par les oiseaux, les animaux ou les d\u00e9chets.<\/p>\n<ul>\n<li>4 x faisceaux de haute puissance synchronis\u00e9s. Port\u00e9e des faisceaux : jusqu&rsquo;\u00e0 50 m en ext\u00e9rieur \/ 100 m en int\u00e9rieur.<\/li>\n<li>4 x faisceaux haute puissance synchronis\u00e9s. Port\u00e9e du faisceau : jusqu&rsquo;\u00e0 100 m en ext\u00e9rieur \/ 200 m en int\u00e9rieur.<\/li>\n<li>4 x faisceaux haute puissance synchronis\u00e9s. Port\u00e9e du faisceau : jusqu&rsquo;\u00e0 200 m en ext\u00e9rieur \/ 400 m en int\u00e9rieur.<strong><br \/>\n<\/strong><\/li>\n<\/ul>\n<p><strong>Features:<\/strong><\/p>\n<div class=\"field-items\">\n<div class=\"field-item even\">\n<ul>\n<li>4 faisceaux synchronis\u00e9s de haute puissance<\/li>\n<li>L&rsquo;augmentation de la s\u00e9paration du faisceau minimise les alarmes intempestives<\/li>\n<li>La couleur interne vive aide la proc\u00e9dure d&rsquo;alignement du faisceau<\/li>\n<li>Protection contre la foudre et les surtensions jusqu&rsquo;\u00e0 15kV<\/li>\n<li>Sp\u00e9cialement con\u00e7ue pour une utilisation dans colonnes de la gamme TA<\/li>\n<li>\u00c9lectronique \u00e0 double rev\u00eatement pour les environnements exigeants<\/li>\n<li>\u00c0 double modulation pour une immunit\u00e9 \u00e0 la lumi\u00e8re in\u00e9gal\u00e9e<\/li>\n<li>4 canaux de faisceaux s\u00e9lectionnables pour emp\u00eacher la diaphonie<\/li>\n<li>Circuit de surveillance de l&rsquo;environnement<\/li>\n<li>Verrouillage du gain dynamique automatique (AGL)<\/li>\n<li>50 000 lux d&rsquo;immunit\u00e9 au soleil<\/li>\n<\/ul>\n<\/div>\n<\/div>\n<div class=\"field-items\">\n<div class=\"field-item even\"><\/div>\n<\/div>\n","protected":false},"excerpt":{"rendered":"<p>PB-xxHF-KH <strong>sont des faisceaux quadruples \u00e0 4 canaux con\u00e7us sp\u00e9cifiquement pour \u00eatre utilis\u00e9s dans des tours de faisceaux.<\/strong> Ils sont faciles \u00e0 aligner et permettent d&rsquo;utiliser plusieurs faisceaux sans interf\u00e9rence.<\/p>\n<p><strong>Ils conviennent \u00e0 la protection des p\u00e9rim\u00e8tres ext\u00e9rieurs et int\u00e9rieurs.<\/strong><\/p>\n","protected":false},"featured_media":2310,"template":"","meta":{"_et_pb_use_builder":"","_et_pb_old_content":"","_et_gb_content_width":""},"pwb-brand":[202],"product_brand":[],"product_cat":[41,49],"product_tag":[207,80,82,81,360,78],"class_list":{"0":"post-2308","1":"product","2":"type-product","3":"status-publish","4":"has-post-thumbnail","6":"pwb-brand-takex","7":"product_cat-detection-intrusion-perimetrique","8":"product_cat-barrieres-infrarouges","9":"product_tag-4-channel","10":"product_tag-exterieur","11":"product_tag-faisceau-photoelectrique","12":"product_tag-interieur","13":"product_tag-pour-une-utilisation-dans-les-tours-a-poutres","14":"product_tag-quadruple-faisceau","16":"first","17":"instock","18":"shipping-taxable","19":"product-type-simple"},"yoast_head":"<!-- This site is optimized with the Yoast SEO plugin v25.2 - https:\/\/yoast.com\/wordpress\/plugins\/seo\/ -->\n<title>Barri\u00e8res infrarouges PB-50\/100\/200HF-KH - Bunker Seguridad<\/title>\n<meta name=\"description\" content=\"Quatre faisceaux \u00e0 quatre canaux sp\u00e9cialement con\u00e7us pour \u00eatre utilis\u00e9s dans des tours de faisceaux. Protection du p\u00e9rim\u00e8tre ext\u00e9rieur et int\u00e9rieur sans interf\u00e9rences &quot;d&#039;intercommunication&quot;.\" \/>\n<meta name=\"robots\" content=\"noindex, follow, max-snippet:-1, max-image-preview:large, max-video-preview:-1\" \/>\n<meta property=\"og:locale\" content=\"fr_FR\" \/>\n<meta property=\"og:type\" content=\"article\" \/>\n<meta property=\"og:title\" content=\"Barri\u00e8res infrarouges PB-50\/100\/200HF-KH - Bunker Seguridad\" \/>\n<meta property=\"og:description\" content=\"Quatre faisceaux \u00e0 quatre canaux sp\u00e9cialement con\u00e7us pour \u00eatre utilis\u00e9s dans des tours de faisceaux. Protection du p\u00e9rim\u00e8tre ext\u00e9rieur et int\u00e9rieur sans interf\u00e9rences &quot;d&#039;intercommunication&quot;.\" \/>\n<meta property=\"og:url\" content=\"https:\/\/bunkerseguridad.com\/fr\/produit\/barrieres-infrarouges-pb-xxhf-kh\/\" \/>\n<meta property=\"og:site_name\" content=\"Bunker Seguridad\" \/>\n<meta property=\"article:modified_time\" content=\"2021-02-10T10:09:01+00:00\" \/>\n<meta property=\"og:image\" content=\"https:\/\/bunkerseguridad.com\/fr\/wp-content\/uploads\/2020\/10\/PB-50-100-200HF-KH.png\" \/>\n\t<meta property=\"og:image:width\" content=\"1200\" \/>\n\t<meta property=\"og:image:height\" content=\"1200\" \/>\n\t<meta property=\"og:image:type\" content=\"image\/png\" \/>\n<meta name=\"twitter:card\" content=\"summary_large_image\" \/>\n<meta name=\"twitter:label1\" content=\"Dur\u00e9e de lecture estim\u00e9e\" \/>\n\t<meta name=\"twitter:data1\" content=\"2 minutes\" \/>\n<script type=\"application\/ld+json\" class=\"yoast-schema-graph\">{\"@context\":\"https:\/\/schema.org\",\"@graph\":[{\"@type\":\"WebPage\",\"@id\":\"https:\/\/bunkerseguridad.com\/fr\/produit\/barrieres-infrarouges-pb-xxhf-kh\/\",\"url\":\"https:\/\/bunkerseguridad.com\/fr\/produit\/barrieres-infrarouges-pb-xxhf-kh\/\",\"name\":\"Barri\u00e8res infrarouges PB-50\/100\/200HF-KH - Bunker Seguridad\",\"isPartOf\":{\"@id\":\"https:\/\/bunkerseguridad.com\/fr\/#website\"},\"primaryImageOfPage\":{\"@id\":\"https:\/\/bunkerseguridad.com\/fr\/produit\/barrieres-infrarouges-pb-xxhf-kh\/#primaryimage\"},\"image\":{\"@id\":\"https:\/\/bunkerseguridad.com\/fr\/produit\/barrieres-infrarouges-pb-xxhf-kh\/#primaryimage\"},\"thumbnailUrl\":\"https:\/\/bunkerseguridad.com\/fr\/wp-content\/uploads\/2020\/10\/PB-50-100-200HF-KH.png\",\"datePublished\":\"2020-10-08T10:37:11+00:00\",\"dateModified\":\"2021-02-10T10:09:01+00:00\",\"description\":\"Quatre faisceaux \u00e0 quatre canaux sp\u00e9cialement con\u00e7us pour \u00eatre utilis\u00e9s dans des tours de faisceaux. Protection du p\u00e9rim\u00e8tre ext\u00e9rieur et int\u00e9rieur sans interf\u00e9rences \\\"d'intercommunication\\\".\",\"breadcrumb\":{\"@id\":\"https:\/\/bunkerseguridad.com\/fr\/produit\/barrieres-infrarouges-pb-xxhf-kh\/#breadcrumb\"},\"inLanguage\":\"fr-FR\",\"potentialAction\":[{\"@type\":\"ReadAction\",\"target\":[\"https:\/\/bunkerseguridad.com\/fr\/produit\/barrieres-infrarouges-pb-xxhf-kh\/\"]}]},{\"@type\":\"ImageObject\",\"inLanguage\":\"fr-FR\",\"@id\":\"https:\/\/bunkerseguridad.com\/fr\/produit\/barrieres-infrarouges-pb-xxhf-kh\/#primaryimage\",\"url\":\"https:\/\/bunkerseguridad.com\/fr\/wp-content\/uploads\/2020\/10\/PB-50-100-200HF-KH.png\",\"contentUrl\":\"https:\/\/bunkerseguridad.com\/fr\/wp-content\/uploads\/2020\/10\/PB-50-100-200HF-KH.png\",\"width\":1200,\"height\":1200,\"caption\":\"Photoelectric Beams Series PB 50\/100\/200HF KH\"},{\"@type\":\"BreadcrumbList\",\"@id\":\"https:\/\/bunkerseguridad.com\/fr\/produit\/barrieres-infrarouges-pb-xxhf-kh\/#breadcrumb\",\"itemListElement\":[{\"@type\":\"ListItem\",\"position\":1,\"name\":\"Home\",\"item\":\"https:\/\/bunkerseguridad.com\/fr\/\"},{\"@type\":\"ListItem\",\"position\":2,\"name\":\"Shop\",\"item\":\"https:\/\/bunkerseguridad.com\/fr\/shop\/\"},{\"@type\":\"ListItem\",\"position\":3,\"name\":\"Barri\u00e8res infrarouges PB-50\/100\/200HF-KH\"}]},{\"@type\":\"WebSite\",\"@id\":\"https:\/\/bunkerseguridad.com\/fr\/#website\",\"url\":\"https:\/\/bunkerseguridad.com\/fr\/\",\"name\":\"Bunker Seguridad\",\"description\":\"Otro sitio realizado con WordPress\",\"potentialAction\":[{\"@type\":\"SearchAction\",\"target\":{\"@type\":\"EntryPoint\",\"urlTemplate\":\"https:\/\/bunkerseguridad.com\/fr\/?s={search_term_string}\"},\"query-input\":{\"@type\":\"PropertyValueSpecification\",\"valueRequired\":true,\"valueName\":\"search_term_string\"}}],\"inLanguage\":\"fr-FR\"}]}<\/script>\n<!-- \/ Yoast SEO plugin. -->","yoast_head_json":{"title":"Barri\u00e8res infrarouges PB-50\/100\/200HF-KH - Bunker Seguridad","description":"Quatre faisceaux \u00e0 quatre canaux sp\u00e9cialement con\u00e7us pour \u00eatre utilis\u00e9s dans des tours de faisceaux. Protection du p\u00e9rim\u00e8tre ext\u00e9rieur et int\u00e9rieur sans interf\u00e9rences \"d'intercommunication\".","robots":{"index":"noindex","follow":"follow","max-snippet":"max-snippet:-1","max-image-preview":"max-image-preview:large","max-video-preview":"max-video-preview:-1"},"og_locale":"fr_FR","og_type":"article","og_title":"Barri\u00e8res infrarouges PB-50\/100\/200HF-KH - Bunker Seguridad","og_description":"Quatre faisceaux \u00e0 quatre canaux sp\u00e9cialement con\u00e7us pour \u00eatre utilis\u00e9s dans des tours de faisceaux. Protection du p\u00e9rim\u00e8tre ext\u00e9rieur et int\u00e9rieur sans interf\u00e9rences \"d'intercommunication\".","og_url":"https:\/\/bunkerseguridad.com\/fr\/produit\/barrieres-infrarouges-pb-xxhf-kh\/","og_site_name":"Bunker Seguridad","article_modified_time":"2021-02-10T10:09:01+00:00","og_image":[{"width":1200,"height":1200,"url":"https:\/\/bunkerseguridad.com\/fr\/wp-content\/uploads\/2020\/10\/PB-50-100-200HF-KH.png","type":"image\/png"}],"twitter_card":"summary_large_image","twitter_misc":{"Dur\u00e9e de lecture estim\u00e9e":"2 minutes"},"schema":{"@context":"https:\/\/schema.org","@graph":[{"@type":"WebPage","@id":"https:\/\/bunkerseguridad.com\/fr\/produit\/barrieres-infrarouges-pb-xxhf-kh\/","url":"https:\/\/bunkerseguridad.com\/fr\/produit\/barrieres-infrarouges-pb-xxhf-kh\/","name":"Barri\u00e8res infrarouges PB-50\/100\/200HF-KH - Bunker Seguridad","isPartOf":{"@id":"https:\/\/bunkerseguridad.com\/fr\/#website"},"primaryImageOfPage":{"@id":"https:\/\/bunkerseguridad.com\/fr\/produit\/barrieres-infrarouges-pb-xxhf-kh\/#primaryimage"},"image":{"@id":"https:\/\/bunkerseguridad.com\/fr\/produit\/barrieres-infrarouges-pb-xxhf-kh\/#primaryimage"},"thumbnailUrl":"https:\/\/bunkerseguridad.com\/fr\/wp-content\/uploads\/2020\/10\/PB-50-100-200HF-KH.png","datePublished":"2020-10-08T10:37:11+00:00","dateModified":"2021-02-10T10:09:01+00:00","description":"Quatre faisceaux \u00e0 quatre canaux sp\u00e9cialement con\u00e7us pour \u00eatre utilis\u00e9s dans des tours de faisceaux. Protection du p\u00e9rim\u00e8tre ext\u00e9rieur et int\u00e9rieur sans interf\u00e9rences \"d'intercommunication\".","breadcrumb":{"@id":"https:\/\/bunkerseguridad.com\/fr\/produit\/barrieres-infrarouges-pb-xxhf-kh\/#breadcrumb"},"inLanguage":"fr-FR","potentialAction":[{"@type":"ReadAction","target":["https:\/\/bunkerseguridad.com\/fr\/produit\/barrieres-infrarouges-pb-xxhf-kh\/"]}]},{"@type":"ImageObject","inLanguage":"fr-FR","@id":"https:\/\/bunkerseguridad.com\/fr\/produit\/barrieres-infrarouges-pb-xxhf-kh\/#primaryimage","url":"https:\/\/bunkerseguridad.com\/fr\/wp-content\/uploads\/2020\/10\/PB-50-100-200HF-KH.png","contentUrl":"https:\/\/bunkerseguridad.com\/fr\/wp-content\/uploads\/2020\/10\/PB-50-100-200HF-KH.png","width":1200,"height":1200,"caption":"Photoelectric Beams Series PB 50\/100\/200HF KH"},{"@type":"BreadcrumbList","@id":"https:\/\/bunkerseguridad.com\/fr\/produit\/barrieres-infrarouges-pb-xxhf-kh\/#breadcrumb","itemListElement":[{"@type":"ListItem","position":1,"name":"Home","item":"https:\/\/bunkerseguridad.com\/fr\/"},{"@type":"ListItem","position":2,"name":"Shop","item":"https:\/\/bunkerseguridad.com\/fr\/shop\/"},{"@type":"ListItem","position":3,"name":"Barri\u00e8res infrarouges PB-50\/100\/200HF-KH"}]},{"@type":"WebSite","@id":"https:\/\/bunkerseguridad.com\/fr\/#website","url":"https:\/\/bunkerseguridad.com\/fr\/","name":"Bunker Seguridad","description":"Otro sitio realizado con WordPress","potentialAction":[{"@type":"SearchAction","target":{"@type":"EntryPoint","urlTemplate":"https:\/\/bunkerseguridad.com\/fr\/?s={search_term_string}"},"query-input":{"@type":"PropertyValueSpecification","valueRequired":true,"valueName":"search_term_string"}}],"inLanguage":"fr-FR"}]}},"brands":[{"id":202,"name":"Takex","slug":"takex"}],"_links":{"self":[{"href":"https:\/\/bunkerseguridad.com\/fr\/wp-json\/wp\/v2\/product\/2308","targetHints":{"allow":["GET"]}}],"collection":[{"href":"https:\/\/bunkerseguridad.com\/fr\/wp-json\/wp\/v2\/product"}],"about":[{"href":"https:\/\/bunkerseguridad.com\/fr\/wp-json\/wp\/v2\/types\/product"}],"wp:featuredmedia":[{"embeddable":true,"href":"https:\/\/bunkerseguridad.com\/fr\/wp-json\/wp\/v2\/media\/2310"}],"wp:attachment":[{"href":"https:\/\/bunkerseguridad.com\/fr\/wp-json\/wp\/v2\/media?parent=2308"}],"wp:term":[{"taxonomy":"pwb-brand","embeddable":true,"href":"https:\/\/bunkerseguridad.com\/fr\/wp-json\/wp\/v2\/pwb-brand?post=2308"},{"taxonomy":"product_brand","embeddable":true,"href":"https:\/\/bunkerseguridad.com\/fr\/wp-json\/wp\/v2\/product_brand?post=2308"},{"taxonomy":"product_cat","embeddable":true,"href":"https:\/\/bunkerseguridad.com\/fr\/wp-json\/wp\/v2\/product_cat?post=2308"},{"taxonomy":"product_tag","embeddable":true,"href":"https:\/\/bunkerseguridad.com\/fr\/wp-json\/wp\/v2\/product_tag?post=2308"}],"curies":[{"name":"wp","href":"https:\/\/api.w.org\/{rel}","templated":true}]}}