{"id":2296,"date":"2020-10-08T09:53:43","date_gmt":"2020-10-08T09:53:43","guid":{"rendered":"http:\/\/www.bunkerseguridad.es\/en\/?post_type=product&#038;p=2296"},"modified":"2021-02-10T11:35:04","modified_gmt":"2021-02-10T11:35:04","slug":"barriere-de-infrarouge-quad-pb-in-xxhf","status":"publish","type":"product","link":"https:\/\/bunkerseguridad.com\/fr\/produit\/barriere-de-infrarouge-quad-pb-in-xxhf\/","title":{"rendered":"Barri\u00e8re de infrarouge quad PB-IN-50\/100\/200HF"},"content":{"rendered":"<p>Associ\u00e9e \u00e0 la s\u00e9paration des canaux et aux circuits environnementaux (antibu\u00e9e), la s\u00e9rie PB-IN-HF a acquis une reconnaissance mondiale en tant que norme \u00e0 laquelle nos rivaux aspirent.<\/p>\n<p><strong>Caract\u00e9ristiques:<\/strong><\/p>\n<ul>\n<li>4 x faisceaux haute puissance synchronis\u00e9s<\/li>\n<li>4 canaux de faisceau s\u00e9lectionnables pour \u00e9viter la diaphonie<\/li>\n<li>Circuit de surveillance de l&rsquo;environnement<\/li>\n<li>Verrouillage dynamique du gain automatique (AGL)<\/li>\n<li>La couleur interne vive facilite la proc\u00e9dure d&rsquo;alignement du faisceau<\/li>\n<li>Une double modulation pour une immunit\u00e9 \u00e0 la lumi\u00e8re in\u00e9gal\u00e9e<\/li>\n<li>Contr\u00f4le automatique des gains (AGC)<\/li>\n<li>50 000 lux d&rsquo;immunit\u00e9 \u00e0 la lumi\u00e8re du soleil<\/li>\n<li>Logement IP55<\/li>\n<\/ul>\n","protected":false},"excerpt":{"rendered":"<p><strong>The PB-IN-HF <\/strong>est le fleuron de la gamme TAKEX de quadruples faisceaux infrarouges photo\u00e9lectriques. En synchronisant 16 trajets de faisceaux entre l&rsquo;\u00e9metteur et le r\u00e9cepteur, la s\u00e9rie PB-IN-HF offre une stabilit\u00e9 in\u00e9gal\u00e9e en mati\u00e8re de s\u00e9curit\u00e9 p\u00e9rim\u00e9trique.<\/p>\n","protected":false},"featured_media":2274,"template":"","meta":{"_et_pb_use_builder":"","_et_pb_old_content":"","_et_gb_content_width":""},"pwb-brand":[202],"product_brand":[],"product_cat":[41,49],"product_tag":[207,80,82,81,78],"class_list":{"0":"post-2296","1":"product","2":"type-product","3":"status-publish","4":"has-post-thumbnail","6":"pwb-brand-takex","7":"product_cat-detection-intrusion-perimetrique","8":"product_cat-barrieres-infrarouges","9":"product_tag-4-channel","10":"product_tag-exterieur","11":"product_tag-faisceau-photoelectrique","12":"product_tag-interieur","13":"product_tag-quadruple-faisceau","15":"first","16":"instock","17":"shipping-taxable","18":"product-type-simple"},"yoast_head":"<!-- This site is optimized with the Yoast SEO plugin v25.2 - https:\/\/yoast.com\/wordpress\/plugins\/seo\/ -->\n<title>Barri\u00e8re de infrarouge quad PB-IN-50\/100\/200HF - Bunker Seguridad<\/title>\n<meta name=\"description\" content=\"Quatre faisceaux photo\u00e9lectriques infrarouges qui offrent une stabilit\u00e9 in\u00e9gal\u00e9e dans la s\u00e9curit\u00e9 du p\u00e9rim\u00e8tre en synchronisant 16 trajets de faisceaux entre Tx et Rx.\" \/>\n<meta name=\"robots\" content=\"noindex, follow, max-snippet:-1, max-image-preview:large, max-video-preview:-1\" \/>\n<meta property=\"og:locale\" content=\"fr_FR\" \/>\n<meta property=\"og:type\" content=\"article\" \/>\n<meta property=\"og:title\" content=\"Barri\u00e8re de infrarouge quad PB-IN-50\/100\/200HF - Bunker Seguridad\" \/>\n<meta property=\"og:description\" content=\"Quatre faisceaux photo\u00e9lectriques infrarouges qui offrent une stabilit\u00e9 in\u00e9gal\u00e9e dans la s\u00e9curit\u00e9 du p\u00e9rim\u00e8tre en synchronisant 16 trajets de faisceaux entre Tx et Rx.\" \/>\n<meta property=\"og:url\" content=\"https:\/\/bunkerseguridad.com\/fr\/produit\/barriere-de-infrarouge-quad-pb-in-xxhf\/\" \/>\n<meta property=\"og:site_name\" content=\"Bunker Seguridad\" \/>\n<meta property=\"article:modified_time\" content=\"2021-02-10T11:35:04+00:00\" \/>\n<meta property=\"og:image\" content=\"https:\/\/bunkerseguridad.com\/fr\/wp-content\/uploads\/2020\/10\/PB-IN-100AT.png\" \/>\n\t<meta property=\"og:image:width\" content=\"1200\" \/>\n\t<meta property=\"og:image:height\" content=\"1200\" \/>\n\t<meta property=\"og:image:type\" content=\"image\/png\" \/>\n<meta name=\"twitter:card\" content=\"summary_large_image\" \/>\n<meta name=\"twitter:label1\" content=\"Dur\u00e9e de lecture estim\u00e9e\" \/>\n\t<meta name=\"twitter:data1\" content=\"1 minute\" \/>\n<script type=\"application\/ld+json\" class=\"yoast-schema-graph\">{\"@context\":\"https:\/\/schema.org\",\"@graph\":[{\"@type\":\"WebPage\",\"@id\":\"https:\/\/bunkerseguridad.com\/fr\/produit\/barriere-de-infrarouge-quad-pb-in-xxhf\/\",\"url\":\"https:\/\/bunkerseguridad.com\/fr\/produit\/barriere-de-infrarouge-quad-pb-in-xxhf\/\",\"name\":\"Barri\u00e8re de infrarouge quad PB-IN-50\/100\/200HF - Bunker Seguridad\",\"isPartOf\":{\"@id\":\"https:\/\/bunkerseguridad.com\/fr\/#website\"},\"primaryImageOfPage\":{\"@id\":\"https:\/\/bunkerseguridad.com\/fr\/produit\/barriere-de-infrarouge-quad-pb-in-xxhf\/#primaryimage\"},\"image\":{\"@id\":\"https:\/\/bunkerseguridad.com\/fr\/produit\/barriere-de-infrarouge-quad-pb-in-xxhf\/#primaryimage\"},\"thumbnailUrl\":\"https:\/\/bunkerseguridad.com\/fr\/wp-content\/uploads\/2020\/10\/PB-IN-100AT.png\",\"datePublished\":\"2020-10-08T09:53:43+00:00\",\"dateModified\":\"2021-02-10T11:35:04+00:00\",\"description\":\"Quatre faisceaux photo\u00e9lectriques infrarouges qui offrent une stabilit\u00e9 in\u00e9gal\u00e9e dans la s\u00e9curit\u00e9 du p\u00e9rim\u00e8tre en synchronisant 16 trajets de faisceaux entre Tx et Rx.\",\"breadcrumb\":{\"@id\":\"https:\/\/bunkerseguridad.com\/fr\/produit\/barriere-de-infrarouge-quad-pb-in-xxhf\/#breadcrumb\"},\"inLanguage\":\"fr-FR\",\"potentialAction\":[{\"@type\":\"ReadAction\",\"target\":[\"https:\/\/bunkerseguridad.com\/fr\/produit\/barriere-de-infrarouge-quad-pb-in-xxhf\/\"]}]},{\"@type\":\"ImageObject\",\"inLanguage\":\"fr-FR\",\"@id\":\"https:\/\/bunkerseguridad.com\/fr\/produit\/barriere-de-infrarouge-quad-pb-in-xxhf\/#primaryimage\",\"url\":\"https:\/\/bunkerseguridad.com\/fr\/wp-content\/uploads\/2020\/10\/PB-IN-100AT.png\",\"contentUrl\":\"https:\/\/bunkerseguridad.com\/fr\/wp-content\/uploads\/2020\/10\/PB-IN-100AT.png\",\"width\":1200,\"height\":1200,\"caption\":\"Colonnes photo\u00e9lectriques S\u00e9ries PB\"},{\"@type\":\"BreadcrumbList\",\"@id\":\"https:\/\/bunkerseguridad.com\/fr\/produit\/barriere-de-infrarouge-quad-pb-in-xxhf\/#breadcrumb\",\"itemListElement\":[{\"@type\":\"ListItem\",\"position\":1,\"name\":\"Home\",\"item\":\"https:\/\/bunkerseguridad.com\/fr\/\"},{\"@type\":\"ListItem\",\"position\":2,\"name\":\"Shop\",\"item\":\"https:\/\/bunkerseguridad.com\/fr\/shop\/\"},{\"@type\":\"ListItem\",\"position\":3,\"name\":\"Barri\u00e8re de infrarouge quad PB-IN-50\/100\/200HF\"}]},{\"@type\":\"WebSite\",\"@id\":\"https:\/\/bunkerseguridad.com\/fr\/#website\",\"url\":\"https:\/\/bunkerseguridad.com\/fr\/\",\"name\":\"Bunker Seguridad\",\"description\":\"Otro sitio realizado con WordPress\",\"potentialAction\":[{\"@type\":\"SearchAction\",\"target\":{\"@type\":\"EntryPoint\",\"urlTemplate\":\"https:\/\/bunkerseguridad.com\/fr\/?s={search_term_string}\"},\"query-input\":{\"@type\":\"PropertyValueSpecification\",\"valueRequired\":true,\"valueName\":\"search_term_string\"}}],\"inLanguage\":\"fr-FR\"}]}<\/script>\n<!-- \/ Yoast SEO plugin. -->","yoast_head_json":{"title":"Barri\u00e8re de infrarouge quad PB-IN-50\/100\/200HF - Bunker Seguridad","description":"Quatre faisceaux photo\u00e9lectriques infrarouges qui offrent une stabilit\u00e9 in\u00e9gal\u00e9e dans la s\u00e9curit\u00e9 du p\u00e9rim\u00e8tre en synchronisant 16 trajets de faisceaux entre Tx et Rx.","robots":{"index":"noindex","follow":"follow","max-snippet":"max-snippet:-1","max-image-preview":"max-image-preview:large","max-video-preview":"max-video-preview:-1"},"og_locale":"fr_FR","og_type":"article","og_title":"Barri\u00e8re de infrarouge quad PB-IN-50\/100\/200HF - Bunker Seguridad","og_description":"Quatre faisceaux photo\u00e9lectriques infrarouges qui offrent une stabilit\u00e9 in\u00e9gal\u00e9e dans la s\u00e9curit\u00e9 du p\u00e9rim\u00e8tre en synchronisant 16 trajets de faisceaux entre Tx et Rx.","og_url":"https:\/\/bunkerseguridad.com\/fr\/produit\/barriere-de-infrarouge-quad-pb-in-xxhf\/","og_site_name":"Bunker Seguridad","article_modified_time":"2021-02-10T11:35:04+00:00","og_image":[{"width":1200,"height":1200,"url":"https:\/\/bunkerseguridad.com\/fr\/wp-content\/uploads\/2020\/10\/PB-IN-100AT.png","type":"image\/png"}],"twitter_card":"summary_large_image","twitter_misc":{"Dur\u00e9e de lecture estim\u00e9e":"1 minute"},"schema":{"@context":"https:\/\/schema.org","@graph":[{"@type":"WebPage","@id":"https:\/\/bunkerseguridad.com\/fr\/produit\/barriere-de-infrarouge-quad-pb-in-xxhf\/","url":"https:\/\/bunkerseguridad.com\/fr\/produit\/barriere-de-infrarouge-quad-pb-in-xxhf\/","name":"Barri\u00e8re de infrarouge quad PB-IN-50\/100\/200HF - Bunker Seguridad","isPartOf":{"@id":"https:\/\/bunkerseguridad.com\/fr\/#website"},"primaryImageOfPage":{"@id":"https:\/\/bunkerseguridad.com\/fr\/produit\/barriere-de-infrarouge-quad-pb-in-xxhf\/#primaryimage"},"image":{"@id":"https:\/\/bunkerseguridad.com\/fr\/produit\/barriere-de-infrarouge-quad-pb-in-xxhf\/#primaryimage"},"thumbnailUrl":"https:\/\/bunkerseguridad.com\/fr\/wp-content\/uploads\/2020\/10\/PB-IN-100AT.png","datePublished":"2020-10-08T09:53:43+00:00","dateModified":"2021-02-10T11:35:04+00:00","description":"Quatre faisceaux photo\u00e9lectriques infrarouges qui offrent une stabilit\u00e9 in\u00e9gal\u00e9e dans la s\u00e9curit\u00e9 du p\u00e9rim\u00e8tre en synchronisant 16 trajets de faisceaux entre Tx et Rx.","breadcrumb":{"@id":"https:\/\/bunkerseguridad.com\/fr\/produit\/barriere-de-infrarouge-quad-pb-in-xxhf\/#breadcrumb"},"inLanguage":"fr-FR","potentialAction":[{"@type":"ReadAction","target":["https:\/\/bunkerseguridad.com\/fr\/produit\/barriere-de-infrarouge-quad-pb-in-xxhf\/"]}]},{"@type":"ImageObject","inLanguage":"fr-FR","@id":"https:\/\/bunkerseguridad.com\/fr\/produit\/barriere-de-infrarouge-quad-pb-in-xxhf\/#primaryimage","url":"https:\/\/bunkerseguridad.com\/fr\/wp-content\/uploads\/2020\/10\/PB-IN-100AT.png","contentUrl":"https:\/\/bunkerseguridad.com\/fr\/wp-content\/uploads\/2020\/10\/PB-IN-100AT.png","width":1200,"height":1200,"caption":"Colonnes photo\u00e9lectriques S\u00e9ries PB"},{"@type":"BreadcrumbList","@id":"https:\/\/bunkerseguridad.com\/fr\/produit\/barriere-de-infrarouge-quad-pb-in-xxhf\/#breadcrumb","itemListElement":[{"@type":"ListItem","position":1,"name":"Home","item":"https:\/\/bunkerseguridad.com\/fr\/"},{"@type":"ListItem","position":2,"name":"Shop","item":"https:\/\/bunkerseguridad.com\/fr\/shop\/"},{"@type":"ListItem","position":3,"name":"Barri\u00e8re de infrarouge quad PB-IN-50\/100\/200HF"}]},{"@type":"WebSite","@id":"https:\/\/bunkerseguridad.com\/fr\/#website","url":"https:\/\/bunkerseguridad.com\/fr\/","name":"Bunker Seguridad","description":"Otro sitio realizado con WordPress","potentialAction":[{"@type":"SearchAction","target":{"@type":"EntryPoint","urlTemplate":"https:\/\/bunkerseguridad.com\/fr\/?s={search_term_string}"},"query-input":{"@type":"PropertyValueSpecification","valueRequired":true,"valueName":"search_term_string"}}],"inLanguage":"fr-FR"}]}},"brands":[{"id":202,"name":"Takex","slug":"takex"}],"_links":{"self":[{"href":"https:\/\/bunkerseguridad.com\/fr\/wp-json\/wp\/v2\/product\/2296","targetHints":{"allow":["GET"]}}],"collection":[{"href":"https:\/\/bunkerseguridad.com\/fr\/wp-json\/wp\/v2\/product"}],"about":[{"href":"https:\/\/bunkerseguridad.com\/fr\/wp-json\/wp\/v2\/types\/product"}],"wp:featuredmedia":[{"embeddable":true,"href":"https:\/\/bunkerseguridad.com\/fr\/wp-json\/wp\/v2\/media\/2274"}],"wp:attachment":[{"href":"https:\/\/bunkerseguridad.com\/fr\/wp-json\/wp\/v2\/media?parent=2296"}],"wp:term":[{"taxonomy":"pwb-brand","embeddable":true,"href":"https:\/\/bunkerseguridad.com\/fr\/wp-json\/wp\/v2\/pwb-brand?post=2296"},{"taxonomy":"product_brand","embeddable":true,"href":"https:\/\/bunkerseguridad.com\/fr\/wp-json\/wp\/v2\/product_brand?post=2296"},{"taxonomy":"product_cat","embeddable":true,"href":"https:\/\/bunkerseguridad.com\/fr\/wp-json\/wp\/v2\/product_cat?post=2296"},{"taxonomy":"product_tag","embeddable":true,"href":"https:\/\/bunkerseguridad.com\/fr\/wp-json\/wp\/v2\/product_tag?post=2296"}],"curies":[{"name":"wp","href":"https:\/\/api.w.org\/{rel}","templated":true}]}}