{"id":2268,"date":"2020-10-08T08:55:20","date_gmt":"2020-10-08T08:55:20","guid":{"rendered":"http:\/\/www.bunkerseguridad.es\/en\/?post_type=product&#038;p=2268"},"modified":"2021-02-10T11:46:58","modified_gmt":"2021-02-10T11:46:58","slug":"ir-beams-pb-in-100at","status":"publish","type":"product","link":"https:\/\/bunkerseguridad.com\/fr\/produit\/ir-beams-pb-in-100at\/","title":{"rendered":"Barri\u00e8re infrarouge anti-crawl quad PB-IN-100AT"},"content":{"rendered":"<p>Gr\u00e2ce au traitement de l&rsquo;unit\u00e9 centrale, le r\u00e9cepteur sup\u00e9rieur s\u00e9lectionne le faisceau de l&rsquo;\u00e9metteur sup\u00e9rieur et le r\u00e9cepteur inf\u00e9rieur s\u00e9lectionne le faisceau de l&rsquo;\u00e9metteur inf\u00e9rieur, cr\u00e9ant ainsi un syst\u00e8me de d\u00e9tection de type ET\/OU.<\/p>\n<p><strong>Caract\u00e9ristiques:<\/strong><\/p>\n<ul>\n<li>Faisceau anti-retour pour les applications de haute s\u00e9curit\u00e9<\/li>\n<li>Activation ind\u00e9pendante des faisceaux sup\u00e9rieurs ou inf\u00e9rieurs<\/li>\n<li>Syst\u00e8me de double temps de r\u00e9ponse<\/li>\n<li>Une double modulation pour une immunit\u00e9 \u00e0 la lumi\u00e8re in\u00e9gal\u00e9e<\/li>\n<li>4 canaux de faisceau s\u00e9lectionnables pour \u00e9viter la diaphonie<\/li>\n<li>Circuit de surveillance de l&rsquo;environnement<\/li>\n<li>Verrouillage dynamique du gain automatique (AGL)<\/li>\n<li>50 000 lux d&rsquo;immunit\u00e9 \u00e0 la lumi\u00e8re du soleil<\/li>\n<li>Logement IP55<\/li>\n<\/ul>\n","protected":false},"excerpt":{"rendered":"<p>The <strong>PB-IN-100AT <\/strong>est con\u00e7u pour des applications de haute s\u00e9curit\u00e9, o\u00f9 toute tentative de se faufiler \u00e0 travers une partie du quadruple faisceau entra\u00eene une condition d&rsquo;alarme.<\/p>\n","protected":false},"featured_media":2274,"template":"","meta":{"_et_pb_use_builder":"","_et_pb_old_content":"","_et_gb_content_width":""},"pwb-brand":[202],"product_brand":[],"product_cat":[41,49],"product_tag":[207,80,82,81,343,78],"class_list":{"0":"post-2268","1":"product","2":"type-product","3":"status-publish","4":"has-post-thumbnail","6":"pwb-brand-takex","7":"product_cat-detection-intrusion-perimetrique","8":"product_cat-barrieres-infrarouges","9":"product_tag-4-channel","10":"product_tag-exterieur","11":"product_tag-faisceau-photoelectrique","12":"product_tag-interieur","13":"product_tag-poutre-anti-crawl","14":"product_tag-quadruple-faisceau","16":"first","17":"instock","18":"shipping-taxable","19":"product-type-simple"},"yoast_head":"<!-- This site is optimized with the Yoast SEO plugin v25.2 - https:\/\/yoast.com\/wordpress\/plugins\/seo\/ -->\n<title>Barri\u00e8re infrarouge anti-crawl quad PB-IN-100AT - Bunker Seguridad<\/title>\n<meta name=\"description\" content=\"IR quad Barri\u00e8re infrarouge pour les applications de haute s\u00e9curit\u00e9, o\u00f9 les tentatives de ramper \u00e0 travers une partie du faisceau quadruple entra\u00eenent une condition d&#039;alarme.\" \/>\n<meta name=\"robots\" content=\"noindex, follow, max-snippet:-1, max-image-preview:large, max-video-preview:-1\" \/>\n<meta property=\"og:locale\" content=\"fr_FR\" \/>\n<meta property=\"og:type\" content=\"article\" \/>\n<meta property=\"og:title\" content=\"Barri\u00e8re infrarouge anti-crawl quad PB-IN-100AT - Bunker Seguridad\" \/>\n<meta property=\"og:description\" content=\"IR quad Barri\u00e8re infrarouge pour les applications de haute s\u00e9curit\u00e9, o\u00f9 les tentatives de ramper \u00e0 travers une partie du faisceau quadruple entra\u00eenent une condition d&#039;alarme.\" \/>\n<meta property=\"og:url\" content=\"https:\/\/bunkerseguridad.com\/fr\/produit\/ir-beams-pb-in-100at\/\" \/>\n<meta property=\"og:site_name\" content=\"Bunker Seguridad\" \/>\n<meta property=\"article:modified_time\" content=\"2021-02-10T11:46:58+00:00\" \/>\n<meta property=\"og:image\" content=\"https:\/\/bunkerseguridad.com\/fr\/wp-content\/uploads\/2020\/10\/PB-IN-100AT.png\" \/>\n\t<meta property=\"og:image:width\" content=\"1200\" \/>\n\t<meta property=\"og:image:height\" content=\"1200\" \/>\n\t<meta property=\"og:image:type\" content=\"image\/png\" \/>\n<meta name=\"twitter:card\" content=\"summary_large_image\" \/>\n<meta name=\"twitter:label1\" content=\"Dur\u00e9e de lecture estim\u00e9e\" \/>\n\t<meta name=\"twitter:data1\" content=\"1 minute\" \/>\n<script type=\"application\/ld+json\" class=\"yoast-schema-graph\">{\"@context\":\"https:\/\/schema.org\",\"@graph\":[{\"@type\":\"WebPage\",\"@id\":\"https:\/\/bunkerseguridad.com\/fr\/produit\/ir-beams-pb-in-100at\/\",\"url\":\"https:\/\/bunkerseguridad.com\/fr\/produit\/ir-beams-pb-in-100at\/\",\"name\":\"Barri\u00e8re infrarouge anti-crawl quad PB-IN-100AT - Bunker Seguridad\",\"isPartOf\":{\"@id\":\"https:\/\/bunkerseguridad.com\/fr\/#website\"},\"primaryImageOfPage\":{\"@id\":\"https:\/\/bunkerseguridad.com\/fr\/produit\/ir-beams-pb-in-100at\/#primaryimage\"},\"image\":{\"@id\":\"https:\/\/bunkerseguridad.com\/fr\/produit\/ir-beams-pb-in-100at\/#primaryimage\"},\"thumbnailUrl\":\"https:\/\/bunkerseguridad.com\/fr\/wp-content\/uploads\/2020\/10\/PB-IN-100AT.png\",\"datePublished\":\"2020-10-08T08:55:20+00:00\",\"dateModified\":\"2021-02-10T11:46:58+00:00\",\"description\":\"IR quad Barri\u00e8re infrarouge pour les applications de haute s\u00e9curit\u00e9, o\u00f9 les tentatives de ramper \u00e0 travers une partie du faisceau quadruple entra\u00eenent une condition d'alarme.\",\"breadcrumb\":{\"@id\":\"https:\/\/bunkerseguridad.com\/fr\/produit\/ir-beams-pb-in-100at\/#breadcrumb\"},\"inLanguage\":\"fr-FR\",\"potentialAction\":[{\"@type\":\"ReadAction\",\"target\":[\"https:\/\/bunkerseguridad.com\/fr\/produit\/ir-beams-pb-in-100at\/\"]}]},{\"@type\":\"ImageObject\",\"inLanguage\":\"fr-FR\",\"@id\":\"https:\/\/bunkerseguridad.com\/fr\/produit\/ir-beams-pb-in-100at\/#primaryimage\",\"url\":\"https:\/\/bunkerseguridad.com\/fr\/wp-content\/uploads\/2020\/10\/PB-IN-100AT.png\",\"contentUrl\":\"https:\/\/bunkerseguridad.com\/fr\/wp-content\/uploads\/2020\/10\/PB-IN-100AT.png\",\"width\":1200,\"height\":1200,\"caption\":\"Colonnes photo\u00e9lectriques S\u00e9ries PB\"},{\"@type\":\"BreadcrumbList\",\"@id\":\"https:\/\/bunkerseguridad.com\/fr\/produit\/ir-beams-pb-in-100at\/#breadcrumb\",\"itemListElement\":[{\"@type\":\"ListItem\",\"position\":1,\"name\":\"Home\",\"item\":\"https:\/\/bunkerseguridad.com\/fr\/\"},{\"@type\":\"ListItem\",\"position\":2,\"name\":\"Shop\",\"item\":\"https:\/\/bunkerseguridad.com\/fr\/shop\/\"},{\"@type\":\"ListItem\",\"position\":3,\"name\":\"Barri\u00e8re infrarouge anti-crawl quad PB-IN-100AT\"}]},{\"@type\":\"WebSite\",\"@id\":\"https:\/\/bunkerseguridad.com\/fr\/#website\",\"url\":\"https:\/\/bunkerseguridad.com\/fr\/\",\"name\":\"Bunker Seguridad\",\"description\":\"Otro sitio realizado con WordPress\",\"potentialAction\":[{\"@type\":\"SearchAction\",\"target\":{\"@type\":\"EntryPoint\",\"urlTemplate\":\"https:\/\/bunkerseguridad.com\/fr\/?s={search_term_string}\"},\"query-input\":{\"@type\":\"PropertyValueSpecification\",\"valueRequired\":true,\"valueName\":\"search_term_string\"}}],\"inLanguage\":\"fr-FR\"}]}<\/script>\n<!-- \/ Yoast SEO plugin. -->","yoast_head_json":{"title":"Barri\u00e8re infrarouge anti-crawl quad PB-IN-100AT - Bunker Seguridad","description":"IR quad Barri\u00e8re infrarouge pour les applications de haute s\u00e9curit\u00e9, o\u00f9 les tentatives de ramper \u00e0 travers une partie du faisceau quadruple entra\u00eenent une condition d'alarme.","robots":{"index":"noindex","follow":"follow","max-snippet":"max-snippet:-1","max-image-preview":"max-image-preview:large","max-video-preview":"max-video-preview:-1"},"og_locale":"fr_FR","og_type":"article","og_title":"Barri\u00e8re infrarouge anti-crawl quad PB-IN-100AT - Bunker Seguridad","og_description":"IR quad Barri\u00e8re infrarouge pour les applications de haute s\u00e9curit\u00e9, o\u00f9 les tentatives de ramper \u00e0 travers une partie du faisceau quadruple entra\u00eenent une condition d'alarme.","og_url":"https:\/\/bunkerseguridad.com\/fr\/produit\/ir-beams-pb-in-100at\/","og_site_name":"Bunker Seguridad","article_modified_time":"2021-02-10T11:46:58+00:00","og_image":[{"width":1200,"height":1200,"url":"https:\/\/bunkerseguridad.com\/fr\/wp-content\/uploads\/2020\/10\/PB-IN-100AT.png","type":"image\/png"}],"twitter_card":"summary_large_image","twitter_misc":{"Dur\u00e9e de lecture estim\u00e9e":"1 minute"},"schema":{"@context":"https:\/\/schema.org","@graph":[{"@type":"WebPage","@id":"https:\/\/bunkerseguridad.com\/fr\/produit\/ir-beams-pb-in-100at\/","url":"https:\/\/bunkerseguridad.com\/fr\/produit\/ir-beams-pb-in-100at\/","name":"Barri\u00e8re infrarouge anti-crawl quad PB-IN-100AT - Bunker Seguridad","isPartOf":{"@id":"https:\/\/bunkerseguridad.com\/fr\/#website"},"primaryImageOfPage":{"@id":"https:\/\/bunkerseguridad.com\/fr\/produit\/ir-beams-pb-in-100at\/#primaryimage"},"image":{"@id":"https:\/\/bunkerseguridad.com\/fr\/produit\/ir-beams-pb-in-100at\/#primaryimage"},"thumbnailUrl":"https:\/\/bunkerseguridad.com\/fr\/wp-content\/uploads\/2020\/10\/PB-IN-100AT.png","datePublished":"2020-10-08T08:55:20+00:00","dateModified":"2021-02-10T11:46:58+00:00","description":"IR quad Barri\u00e8re infrarouge pour les applications de haute s\u00e9curit\u00e9, o\u00f9 les tentatives de ramper \u00e0 travers une partie du faisceau quadruple entra\u00eenent une condition d'alarme.","breadcrumb":{"@id":"https:\/\/bunkerseguridad.com\/fr\/produit\/ir-beams-pb-in-100at\/#breadcrumb"},"inLanguage":"fr-FR","potentialAction":[{"@type":"ReadAction","target":["https:\/\/bunkerseguridad.com\/fr\/produit\/ir-beams-pb-in-100at\/"]}]},{"@type":"ImageObject","inLanguage":"fr-FR","@id":"https:\/\/bunkerseguridad.com\/fr\/produit\/ir-beams-pb-in-100at\/#primaryimage","url":"https:\/\/bunkerseguridad.com\/fr\/wp-content\/uploads\/2020\/10\/PB-IN-100AT.png","contentUrl":"https:\/\/bunkerseguridad.com\/fr\/wp-content\/uploads\/2020\/10\/PB-IN-100AT.png","width":1200,"height":1200,"caption":"Colonnes photo\u00e9lectriques S\u00e9ries PB"},{"@type":"BreadcrumbList","@id":"https:\/\/bunkerseguridad.com\/fr\/produit\/ir-beams-pb-in-100at\/#breadcrumb","itemListElement":[{"@type":"ListItem","position":1,"name":"Home","item":"https:\/\/bunkerseguridad.com\/fr\/"},{"@type":"ListItem","position":2,"name":"Shop","item":"https:\/\/bunkerseguridad.com\/fr\/shop\/"},{"@type":"ListItem","position":3,"name":"Barri\u00e8re infrarouge anti-crawl quad PB-IN-100AT"}]},{"@type":"WebSite","@id":"https:\/\/bunkerseguridad.com\/fr\/#website","url":"https:\/\/bunkerseguridad.com\/fr\/","name":"Bunker Seguridad","description":"Otro sitio realizado con WordPress","potentialAction":[{"@type":"SearchAction","target":{"@type":"EntryPoint","urlTemplate":"https:\/\/bunkerseguridad.com\/fr\/?s={search_term_string}"},"query-input":{"@type":"PropertyValueSpecification","valueRequired":true,"valueName":"search_term_string"}}],"inLanguage":"fr-FR"}]}},"brands":[{"id":202,"name":"Takex","slug":"takex"}],"_links":{"self":[{"href":"https:\/\/bunkerseguridad.com\/fr\/wp-json\/wp\/v2\/product\/2268","targetHints":{"allow":["GET"]}}],"collection":[{"href":"https:\/\/bunkerseguridad.com\/fr\/wp-json\/wp\/v2\/product"}],"about":[{"href":"https:\/\/bunkerseguridad.com\/fr\/wp-json\/wp\/v2\/types\/product"}],"wp:featuredmedia":[{"embeddable":true,"href":"https:\/\/bunkerseguridad.com\/fr\/wp-json\/wp\/v2\/media\/2274"}],"wp:attachment":[{"href":"https:\/\/bunkerseguridad.com\/fr\/wp-json\/wp\/v2\/media?parent=2268"}],"wp:term":[{"taxonomy":"pwb-brand","embeddable":true,"href":"https:\/\/bunkerseguridad.com\/fr\/wp-json\/wp\/v2\/pwb-brand?post=2268"},{"taxonomy":"product_brand","embeddable":true,"href":"https:\/\/bunkerseguridad.com\/fr\/wp-json\/wp\/v2\/product_brand?post=2268"},{"taxonomy":"product_cat","embeddable":true,"href":"https:\/\/bunkerseguridad.com\/fr\/wp-json\/wp\/v2\/product_cat?post=2268"},{"taxonomy":"product_tag","embeddable":true,"href":"https:\/\/bunkerseguridad.com\/fr\/wp-json\/wp\/v2\/product_tag?post=2268"}],"curies":[{"name":"wp","href":"https:\/\/api.w.org\/{rel}","templated":true}]}}