{"id":2254,"date":"2020-10-08T08:12:21","date_gmt":"2020-10-08T08:12:21","guid":{"rendered":"http:\/\/www.bunkerseguridad.es\/en\/?post_type=product&#038;p=2254"},"modified":"2021-02-10T10:22:30","modified_gmt":"2021-02-10T10:22:30","slug":"barriere-infrarouge-anti-crawl-pb-100at-kh","status":"publish","type":"product","link":"https:\/\/bunkerseguridad.com\/fr\/produit\/barriere-infrarouge-anti-crawl-pb-100at-kh\/","title":{"rendered":"Barri\u00e8re infrarouge anti-crawl PB-100AT-KH"},"content":{"rendered":"<p>Les faisceaux de la s\u00e9rie TAKEX KH et les tours Bunker Seguridad sont une combinaison fiable pour la d\u00e9tection d&rsquo;intrusion dans le p\u00e9rim\u00e8tre dans les situations les plus exigeantes. Les faisceaux quadruples sont synchronis\u00e9s afin de maintenir la port\u00e9e et la stabilit\u00e9 par temps violent, tout en rejetant les \u00ab\u00a0alarmes de nuisance\u00a0\u00bb caus\u00e9es par les oiseaux, les animaux ou les d\u00e9chets souffl\u00e9s. Ils permettent \u00e9galement un assemblage sans probl\u00e8me ainsi qu&rsquo;un r\u00e9glage en hauteur facile et pr\u00e9cis.<\/p>\n<p><strong>Ces poutres antichute conviennent pour des distances allant jusqu&rsquo;\u00e0 100 m \u00e0 l&rsquo;ext\u00e9rieur ou jusqu&rsquo;\u00e0 200 m \u00e0 l&rsquo;int\u00e9rieur.<\/strong><\/p>\n<p><strong>Caract\u00e9ristiques:<\/strong><\/p>\n<ul>\n<li>Activation ind\u00e9pendante des faisceaux sup\u00e9rieurs ou inf\u00e9rieurs<\/li>\n<li>L&rsquo;\u00e9lectronique \u00e0 double rev\u00eatement pour des environnements exigeants<\/li>\n<li>Livr\u00e9 avec des supports de fixation \u00ab\u00a0Quick fix\u00a0\u00bb pour un ajustement facile<\/li>\n<li>4 canaux de faisceau s\u00e9lectionnables pour \u00e9viter la diaphonie<\/li>\n<li>Circuit de surveillance de l&rsquo;environnement<\/li>\n<li>Verrouillage dynamique du gain automatique (AGL)<\/li>\n<li>Une double modulation pour une immunit\u00e9 \u00e0 la lumi\u00e8re in\u00e9gal\u00e9e<\/li>\n<li>50 000 lux d&rsquo;immunit\u00e9 \u00e0 la lumi\u00e8re du soleil<\/li>\n<\/ul>\n","protected":false},"excerpt":{"rendered":"<p>Takex<strong> PB-100AT-KH anti-crawl Barriere-infrarouge<\/strong> <strong>sont disponibles pour les applications de haute s\u00e9curit\u00e9<\/strong> afin de d\u00e9tecter les intrusions de faible niveau ou rampantes, con\u00e7ues sp\u00e9cialement pour \u00eatre utilis\u00e9es dans les tours \u00e0 faisceaux.<\/p>\n","protected":false},"featured_media":2267,"template":"","meta":{"_et_pb_use_builder":"","_et_pb_old_content":"","_et_gb_content_width":""},"pwb-brand":[202],"product_brand":[],"product_cat":[41,49],"product_tag":[207,80,82,81,360,343,78],"class_list":{"0":"post-2254","1":"product","2":"type-product","3":"status-publish","4":"has-post-thumbnail","6":"pwb-brand-takex","7":"product_cat-detection-intrusion-perimetrique","8":"product_cat-barrieres-infrarouges","9":"product_tag-4-channel","10":"product_tag-exterieur","11":"product_tag-faisceau-photoelectrique","12":"product_tag-interieur","13":"product_tag-pour-une-utilisation-dans-les-tours-a-poutres","14":"product_tag-poutre-anti-crawl","15":"product_tag-quadruple-faisceau","17":"first","18":"instock","19":"shipping-taxable","20":"product-type-simple"},"yoast_head":"<!-- This site is optimized with the Yoast SEO plugin v25.2 - https:\/\/yoast.com\/wordpress\/plugins\/seo\/ -->\n<title>Barri\u00e8re infrarouge anti-crawl PB-100AT-KH - Bunker Seguridad<\/title>\n<meta name=\"description\" content=\"Takex PB-100AT-KH anti-crawl pour les applications de haute s\u00e9curit\u00e9 afin de d\u00e9tecter les intrusions de faible niveau ou rampantes, con\u00e7u pour \u00eatre utilis\u00e9 dans les tours \u00e0 faisceaux.\" \/>\n<meta name=\"robots\" content=\"noindex, follow, max-snippet:-1, max-image-preview:large, max-video-preview:-1\" \/>\n<meta property=\"og:locale\" content=\"fr_FR\" \/>\n<meta property=\"og:type\" content=\"article\" \/>\n<meta property=\"og:title\" content=\"Barri\u00e8re infrarouge anti-crawl PB-100AT-KH - Bunker Seguridad\" \/>\n<meta property=\"og:description\" content=\"Takex PB-100AT-KH anti-crawl pour les applications de haute s\u00e9curit\u00e9 afin de d\u00e9tecter les intrusions de faible niveau ou rampantes, con\u00e7u pour \u00eatre utilis\u00e9 dans les tours \u00e0 faisceaux.\" \/>\n<meta property=\"og:url\" content=\"https:\/\/bunkerseguridad.com\/fr\/produit\/barriere-infrarouge-anti-crawl-pb-100at-kh\/\" \/>\n<meta property=\"og:site_name\" content=\"Bunker Seguridad\" \/>\n<meta property=\"article:modified_time\" content=\"2021-02-10T10:22:30+00:00\" \/>\n<meta property=\"og:image\" content=\"https:\/\/bunkerseguridad.com\/fr\/wp-content\/uploads\/2020\/10\/datasheet_pb-hf-kh-1.png\" \/>\n\t<meta property=\"og:image:width\" content=\"1200\" \/>\n\t<meta property=\"og:image:height\" content=\"1200\" \/>\n\t<meta property=\"og:image:type\" content=\"image\/png\" \/>\n<meta name=\"twitter:card\" content=\"summary_large_image\" \/>\n<meta name=\"twitter:label1\" content=\"Dur\u00e9e de lecture estim\u00e9e\" \/>\n\t<meta name=\"twitter:data1\" content=\"1 minute\" \/>\n<script type=\"application\/ld+json\" class=\"yoast-schema-graph\">{\"@context\":\"https:\/\/schema.org\",\"@graph\":[{\"@type\":\"WebPage\",\"@id\":\"https:\/\/bunkerseguridad.com\/fr\/produit\/barriere-infrarouge-anti-crawl-pb-100at-kh\/\",\"url\":\"https:\/\/bunkerseguridad.com\/fr\/produit\/barriere-infrarouge-anti-crawl-pb-100at-kh\/\",\"name\":\"Barri\u00e8re infrarouge anti-crawl PB-100AT-KH - Bunker Seguridad\",\"isPartOf\":{\"@id\":\"https:\/\/bunkerseguridad.com\/fr\/#website\"},\"primaryImageOfPage\":{\"@id\":\"https:\/\/bunkerseguridad.com\/fr\/produit\/barriere-infrarouge-anti-crawl-pb-100at-kh\/#primaryimage\"},\"image\":{\"@id\":\"https:\/\/bunkerseguridad.com\/fr\/produit\/barriere-infrarouge-anti-crawl-pb-100at-kh\/#primaryimage\"},\"thumbnailUrl\":\"https:\/\/bunkerseguridad.com\/fr\/wp-content\/uploads\/2020\/10\/datasheet_pb-hf-kh-1.png\",\"datePublished\":\"2020-10-08T08:12:21+00:00\",\"dateModified\":\"2021-02-10T10:22:30+00:00\",\"description\":\"Takex PB-100AT-KH anti-crawl pour les applications de haute s\u00e9curit\u00e9 afin de d\u00e9tecter les intrusions de faible niveau ou rampantes, con\u00e7u pour \u00eatre utilis\u00e9 dans les tours \u00e0 faisceaux.\",\"breadcrumb\":{\"@id\":\"https:\/\/bunkerseguridad.com\/fr\/produit\/barriere-infrarouge-anti-crawl-pb-100at-kh\/#breadcrumb\"},\"inLanguage\":\"fr-FR\",\"potentialAction\":[{\"@type\":\"ReadAction\",\"target\":[\"https:\/\/bunkerseguridad.com\/fr\/produit\/barriere-infrarouge-anti-crawl-pb-100at-kh\/\"]}]},{\"@type\":\"ImageObject\",\"inLanguage\":\"fr-FR\",\"@id\":\"https:\/\/bunkerseguridad.com\/fr\/produit\/barriere-infrarouge-anti-crawl-pb-100at-kh\/#primaryimage\",\"url\":\"https:\/\/bunkerseguridad.com\/fr\/wp-content\/uploads\/2020\/10\/datasheet_pb-hf-kh-1.png\",\"contentUrl\":\"https:\/\/bunkerseguridad.com\/fr\/wp-content\/uploads\/2020\/10\/datasheet_pb-hf-kh-1.png\",\"width\":1200,\"height\":1200,\"caption\":\"Photoelectric Beams PB-100AT-KH\"},{\"@type\":\"BreadcrumbList\",\"@id\":\"https:\/\/bunkerseguridad.com\/fr\/produit\/barriere-infrarouge-anti-crawl-pb-100at-kh\/#breadcrumb\",\"itemListElement\":[{\"@type\":\"ListItem\",\"position\":1,\"name\":\"Home\",\"item\":\"https:\/\/bunkerseguridad.com\/fr\/\"},{\"@type\":\"ListItem\",\"position\":2,\"name\":\"Shop\",\"item\":\"https:\/\/bunkerseguridad.com\/fr\/shop\/\"},{\"@type\":\"ListItem\",\"position\":3,\"name\":\"Barri\u00e8re infrarouge anti-crawl PB-100AT-KH\"}]},{\"@type\":\"WebSite\",\"@id\":\"https:\/\/bunkerseguridad.com\/fr\/#website\",\"url\":\"https:\/\/bunkerseguridad.com\/fr\/\",\"name\":\"Bunker Seguridad\",\"description\":\"Otro sitio realizado con WordPress\",\"potentialAction\":[{\"@type\":\"SearchAction\",\"target\":{\"@type\":\"EntryPoint\",\"urlTemplate\":\"https:\/\/bunkerseguridad.com\/fr\/?s={search_term_string}\"},\"query-input\":{\"@type\":\"PropertyValueSpecification\",\"valueRequired\":true,\"valueName\":\"search_term_string\"}}],\"inLanguage\":\"fr-FR\"}]}<\/script>\n<!-- \/ Yoast SEO plugin. -->","yoast_head_json":{"title":"Barri\u00e8re infrarouge anti-crawl PB-100AT-KH - Bunker Seguridad","description":"Takex PB-100AT-KH anti-crawl pour les applications de haute s\u00e9curit\u00e9 afin de d\u00e9tecter les intrusions de faible niveau ou rampantes, con\u00e7u pour \u00eatre utilis\u00e9 dans les tours \u00e0 faisceaux.","robots":{"index":"noindex","follow":"follow","max-snippet":"max-snippet:-1","max-image-preview":"max-image-preview:large","max-video-preview":"max-video-preview:-1"},"og_locale":"fr_FR","og_type":"article","og_title":"Barri\u00e8re infrarouge anti-crawl PB-100AT-KH - Bunker Seguridad","og_description":"Takex PB-100AT-KH anti-crawl pour les applications de haute s\u00e9curit\u00e9 afin de d\u00e9tecter les intrusions de faible niveau ou rampantes, con\u00e7u pour \u00eatre utilis\u00e9 dans les tours \u00e0 faisceaux.","og_url":"https:\/\/bunkerseguridad.com\/fr\/produit\/barriere-infrarouge-anti-crawl-pb-100at-kh\/","og_site_name":"Bunker Seguridad","article_modified_time":"2021-02-10T10:22:30+00:00","og_image":[{"width":1200,"height":1200,"url":"https:\/\/bunkerseguridad.com\/fr\/wp-content\/uploads\/2020\/10\/datasheet_pb-hf-kh-1.png","type":"image\/png"}],"twitter_card":"summary_large_image","twitter_misc":{"Dur\u00e9e de lecture estim\u00e9e":"1 minute"},"schema":{"@context":"https:\/\/schema.org","@graph":[{"@type":"WebPage","@id":"https:\/\/bunkerseguridad.com\/fr\/produit\/barriere-infrarouge-anti-crawl-pb-100at-kh\/","url":"https:\/\/bunkerseguridad.com\/fr\/produit\/barriere-infrarouge-anti-crawl-pb-100at-kh\/","name":"Barri\u00e8re infrarouge anti-crawl PB-100AT-KH - Bunker Seguridad","isPartOf":{"@id":"https:\/\/bunkerseguridad.com\/fr\/#website"},"primaryImageOfPage":{"@id":"https:\/\/bunkerseguridad.com\/fr\/produit\/barriere-infrarouge-anti-crawl-pb-100at-kh\/#primaryimage"},"image":{"@id":"https:\/\/bunkerseguridad.com\/fr\/produit\/barriere-infrarouge-anti-crawl-pb-100at-kh\/#primaryimage"},"thumbnailUrl":"https:\/\/bunkerseguridad.com\/fr\/wp-content\/uploads\/2020\/10\/datasheet_pb-hf-kh-1.png","datePublished":"2020-10-08T08:12:21+00:00","dateModified":"2021-02-10T10:22:30+00:00","description":"Takex PB-100AT-KH anti-crawl pour les applications de haute s\u00e9curit\u00e9 afin de d\u00e9tecter les intrusions de faible niveau ou rampantes, con\u00e7u pour \u00eatre utilis\u00e9 dans les tours \u00e0 faisceaux.","breadcrumb":{"@id":"https:\/\/bunkerseguridad.com\/fr\/produit\/barriere-infrarouge-anti-crawl-pb-100at-kh\/#breadcrumb"},"inLanguage":"fr-FR","potentialAction":[{"@type":"ReadAction","target":["https:\/\/bunkerseguridad.com\/fr\/produit\/barriere-infrarouge-anti-crawl-pb-100at-kh\/"]}]},{"@type":"ImageObject","inLanguage":"fr-FR","@id":"https:\/\/bunkerseguridad.com\/fr\/produit\/barriere-infrarouge-anti-crawl-pb-100at-kh\/#primaryimage","url":"https:\/\/bunkerseguridad.com\/fr\/wp-content\/uploads\/2020\/10\/datasheet_pb-hf-kh-1.png","contentUrl":"https:\/\/bunkerseguridad.com\/fr\/wp-content\/uploads\/2020\/10\/datasheet_pb-hf-kh-1.png","width":1200,"height":1200,"caption":"Photoelectric Beams PB-100AT-KH"},{"@type":"BreadcrumbList","@id":"https:\/\/bunkerseguridad.com\/fr\/produit\/barriere-infrarouge-anti-crawl-pb-100at-kh\/#breadcrumb","itemListElement":[{"@type":"ListItem","position":1,"name":"Home","item":"https:\/\/bunkerseguridad.com\/fr\/"},{"@type":"ListItem","position":2,"name":"Shop","item":"https:\/\/bunkerseguridad.com\/fr\/shop\/"},{"@type":"ListItem","position":3,"name":"Barri\u00e8re infrarouge anti-crawl PB-100AT-KH"}]},{"@type":"WebSite","@id":"https:\/\/bunkerseguridad.com\/fr\/#website","url":"https:\/\/bunkerseguridad.com\/fr\/","name":"Bunker Seguridad","description":"Otro sitio realizado con WordPress","potentialAction":[{"@type":"SearchAction","target":{"@type":"EntryPoint","urlTemplate":"https:\/\/bunkerseguridad.com\/fr\/?s={search_term_string}"},"query-input":{"@type":"PropertyValueSpecification","valueRequired":true,"valueName":"search_term_string"}}],"inLanguage":"fr-FR"}]}},"brands":[{"id":202,"name":"Takex","slug":"takex"}],"_links":{"self":[{"href":"https:\/\/bunkerseguridad.com\/fr\/wp-json\/wp\/v2\/product\/2254","targetHints":{"allow":["GET"]}}],"collection":[{"href":"https:\/\/bunkerseguridad.com\/fr\/wp-json\/wp\/v2\/product"}],"about":[{"href":"https:\/\/bunkerseguridad.com\/fr\/wp-json\/wp\/v2\/types\/product"}],"wp:featuredmedia":[{"embeddable":true,"href":"https:\/\/bunkerseguridad.com\/fr\/wp-json\/wp\/v2\/media\/2267"}],"wp:attachment":[{"href":"https:\/\/bunkerseguridad.com\/fr\/wp-json\/wp\/v2\/media?parent=2254"}],"wp:term":[{"taxonomy":"pwb-brand","embeddable":true,"href":"https:\/\/bunkerseguridad.com\/fr\/wp-json\/wp\/v2\/pwb-brand?post=2254"},{"taxonomy":"product_brand","embeddable":true,"href":"https:\/\/bunkerseguridad.com\/fr\/wp-json\/wp\/v2\/product_brand?post=2254"},{"taxonomy":"product_cat","embeddable":true,"href":"https:\/\/bunkerseguridad.com\/fr\/wp-json\/wp\/v2\/product_cat?post=2254"},{"taxonomy":"product_tag","embeddable":true,"href":"https:\/\/bunkerseguridad.com\/fr\/wp-json\/wp\/v2\/product_tag?post=2254"}],"curies":[{"name":"wp","href":"https:\/\/api.w.org\/{rel}","templated":true}]}}