{"id":2245,"date":"2020-10-08T07:09:51","date_gmt":"2020-10-08T07:09:51","guid":{"rendered":"http:\/\/www.bunkerseguridad.es\/en\/?post_type=product&#038;p=2245"},"modified":"2021-02-10T10:29:50","modified_gmt":"2021-02-10T10:29:50","slug":"barriere-de-infrarouge-pxb-hf-kh","status":"publish","type":"product","link":"https:\/\/bunkerseguridad.com\/fr\/produit\/barriere-de-infrarouge-pxb-hf-kh\/","title":{"rendered":"Barri\u00e8re de infrarouge PXB-50\/100\/200HF-KH"},"content":{"rendered":"<p>Les faisceaux de la s\u00e9rie PXB-HF-KH offrent 4 canaux de faisceau s\u00e9lectionnables pour \u00e9viter la diaphonie.<\/p>\n<ul>\n<li>PXB-50HF-KH : 4 x faisceaux synchronis\u00e9s de haute puissance. Port\u00e9e : jusqu&rsquo;\u00e0 50m en ext\u00e9rieur \/ 100m en int\u00e9rieur.<\/li>\n<li>PXB-100HF-KH : 4 x faisceaux synchronis\u00e9s de forte puissance. Port\u00e9e : jusqu&rsquo;\u00e0 100 m en ext\u00e9rieur \/ 200 m en int\u00e9rieur.<\/li>\n<li>PXB-200HF-KH : 4 x faisceaux haute puissance synchronis\u00e9s. Port\u00e9e : jusqu&rsquo;\u00e0 200m en ext\u00e9rieur \/ 400m en int\u00e9rieur.<\/li>\n<\/ul>\n<p><strong>Caract\u00e9ristiques:<\/strong><\/p>\n<ul>\n<li>\u00c9lectronique \u00e0 double rev\u00eatement pour les environnements exigeants<\/li>\n<li>Une double modulation pour une immunit\u00e9 \u00e0 la lumi\u00e8re in\u00e9gal\u00e9e<\/li>\n<li>Une s\u00e9paration accrue des faisceaux minimise les alarmes de nuisance<\/li>\n<li>La couleur interne vive facilite la proc\u00e9dure d&rsquo;alignement du faisceau<\/li>\n<li>Protection contre la foudre et les surtensions jusqu&rsquo;\u00e0 15kV<\/li>\n<li>Circuit de surveillance de l&rsquo;environnement<\/li>\n<li>Verrouillage dynamique du gain automatique (AGL)<\/li>\n<li>50 000 lux d&rsquo;immunit\u00e9 \u00e0 la lumi\u00e8re du soleil<\/li>\n<\/ul>\n","protected":false},"excerpt":{"rendered":"<p><strong>PXB-HF-KH<\/strong> sont des faisceaux <strong>quadruples \u00e0 4 canaux con\u00e7us sp\u00e9cifiquement pour \u00eatre utilis\u00e9s dans des tours de faisceaux.<\/strong> Ils comprennent un circuit de surveillance de l&rsquo;environnement pour une stabilit\u00e9 maximale dans des conditions m\u00e9t\u00e9orologiques difficiles, parfait pour la d\u00e9tection d&rsquo;intrus \u00e0 longue distance sur le p\u00e9rim\u00e8tre.<\/p>\n","protected":false},"featured_media":2253,"template":"","meta":{"_et_pb_use_builder":"","_et_pb_old_content":"","_et_gb_content_width":""},"pwb-brand":[202],"product_brand":[],"product_cat":[41,49],"product_tag":[207,80,82,81,360,78],"class_list":{"0":"post-2245","1":"product","2":"type-product","3":"status-publish","4":"has-post-thumbnail","6":"pwb-brand-takex","7":"product_cat-detection-intrusion-perimetrique","8":"product_cat-barrieres-infrarouges","9":"product_tag-4-channel","10":"product_tag-exterieur","11":"product_tag-faisceau-photoelectrique","12":"product_tag-interieur","13":"product_tag-pour-une-utilisation-dans-les-tours-a-poutres","14":"product_tag-quadruple-faisceau","16":"first","17":"instock","18":"shipping-taxable","19":"product-type-simple"},"yoast_head":"<!-- This site is optimized with the Yoast SEO plugin v25.2 - https:\/\/yoast.com\/wordpress\/plugins\/seo\/ -->\n<title>Barri\u00e8re de infrarouge PXB-50\/100\/200HF-KH - Bunker Seguridad<\/title>\n<meta name=\"description\" content=\"Des faisceaux quadruples \u00e0 4 canaux pour une utilisation dans des tours de faisceaux offrant une stabilit\u00e9 maximale dans des conditions m\u00e9t\u00e9orologiques s\u00e9v\u00e8res et une d\u00e9tection des intrus \u00e0 longue port\u00e9e.\" \/>\n<meta name=\"robots\" content=\"noindex, follow, max-snippet:-1, max-image-preview:large, max-video-preview:-1\" \/>\n<meta property=\"og:locale\" content=\"fr_FR\" \/>\n<meta property=\"og:type\" content=\"article\" \/>\n<meta property=\"og:title\" content=\"Barri\u00e8re de infrarouge PXB-50\/100\/200HF-KH - Bunker Seguridad\" \/>\n<meta property=\"og:description\" content=\"Des faisceaux quadruples \u00e0 4 canaux pour une utilisation dans des tours de faisceaux offrant une stabilit\u00e9 maximale dans des conditions m\u00e9t\u00e9orologiques s\u00e9v\u00e8res et une d\u00e9tection des intrus \u00e0 longue port\u00e9e.\" \/>\n<meta property=\"og:url\" content=\"https:\/\/bunkerseguridad.com\/fr\/produit\/barriere-de-infrarouge-pxb-hf-kh\/\" \/>\n<meta property=\"og:site_name\" content=\"Bunker Seguridad\" \/>\n<meta property=\"article:modified_time\" content=\"2021-02-10T10:29:50+00:00\" \/>\n<meta property=\"og:image\" content=\"https:\/\/bunkerseguridad.com\/fr\/wp-content\/uploads\/2020\/10\/1200-PRODUCTOS-PXB-100ATC-KH-1.png\" \/>\n\t<meta property=\"og:image:width\" content=\"1200\" \/>\n\t<meta property=\"og:image:height\" content=\"1200\" \/>\n\t<meta property=\"og:image:type\" content=\"image\/png\" \/>\n<meta name=\"twitter:card\" content=\"summary_large_image\" \/>\n<meta name=\"twitter:label1\" content=\"Dur\u00e9e de lecture estim\u00e9e\" \/>\n\t<meta name=\"twitter:data1\" content=\"1 minute\" \/>\n<script type=\"application\/ld+json\" class=\"yoast-schema-graph\">{\"@context\":\"https:\/\/schema.org\",\"@graph\":[{\"@type\":\"WebPage\",\"@id\":\"https:\/\/bunkerseguridad.com\/fr\/produit\/barriere-de-infrarouge-pxb-hf-kh\/\",\"url\":\"https:\/\/bunkerseguridad.com\/fr\/produit\/barriere-de-infrarouge-pxb-hf-kh\/\",\"name\":\"Barri\u00e8re de infrarouge PXB-50\/100\/200HF-KH - Bunker Seguridad\",\"isPartOf\":{\"@id\":\"https:\/\/bunkerseguridad.com\/fr\/#website\"},\"primaryImageOfPage\":{\"@id\":\"https:\/\/bunkerseguridad.com\/fr\/produit\/barriere-de-infrarouge-pxb-hf-kh\/#primaryimage\"},\"image\":{\"@id\":\"https:\/\/bunkerseguridad.com\/fr\/produit\/barriere-de-infrarouge-pxb-hf-kh\/#primaryimage\"},\"thumbnailUrl\":\"https:\/\/bunkerseguridad.com\/fr\/wp-content\/uploads\/2020\/10\/1200-PRODUCTOS-PXB-100ATC-KH-1.png\",\"datePublished\":\"2020-10-08T07:09:51+00:00\",\"dateModified\":\"2021-02-10T10:29:50+00:00\",\"description\":\"Des faisceaux quadruples \u00e0 4 canaux pour une utilisation dans des tours de faisceaux offrant une stabilit\u00e9 maximale dans des conditions m\u00e9t\u00e9orologiques s\u00e9v\u00e8res et une d\u00e9tection des intrus \u00e0 longue port\u00e9e.\",\"breadcrumb\":{\"@id\":\"https:\/\/bunkerseguridad.com\/fr\/produit\/barriere-de-infrarouge-pxb-hf-kh\/#breadcrumb\"},\"inLanguage\":\"fr-FR\",\"potentialAction\":[{\"@type\":\"ReadAction\",\"target\":[\"https:\/\/bunkerseguridad.com\/fr\/produit\/barriere-de-infrarouge-pxb-hf-kh\/\"]}]},{\"@type\":\"ImageObject\",\"inLanguage\":\"fr-FR\",\"@id\":\"https:\/\/bunkerseguridad.com\/fr\/produit\/barriere-de-infrarouge-pxb-hf-kh\/#primaryimage\",\"url\":\"https:\/\/bunkerseguridad.com\/fr\/wp-content\/uploads\/2020\/10\/1200-PRODUCTOS-PXB-100ATC-KH-1.png\",\"contentUrl\":\"https:\/\/bunkerseguridad.com\/fr\/wp-content\/uploads\/2020\/10\/1200-PRODUCTOS-PXB-100ATC-KH-1.png\",\"width\":1200,\"height\":1200,\"caption\":\"Photoelectric Beams series PXB-50-100-200 HF-KH\"},{\"@type\":\"BreadcrumbList\",\"@id\":\"https:\/\/bunkerseguridad.com\/fr\/produit\/barriere-de-infrarouge-pxb-hf-kh\/#breadcrumb\",\"itemListElement\":[{\"@type\":\"ListItem\",\"position\":1,\"name\":\"Home\",\"item\":\"https:\/\/bunkerseguridad.com\/fr\/\"},{\"@type\":\"ListItem\",\"position\":2,\"name\":\"Shop\",\"item\":\"https:\/\/bunkerseguridad.com\/fr\/shop\/\"},{\"@type\":\"ListItem\",\"position\":3,\"name\":\"Barri\u00e8re de infrarouge PXB-50\/100\/200HF-KH\"}]},{\"@type\":\"WebSite\",\"@id\":\"https:\/\/bunkerseguridad.com\/fr\/#website\",\"url\":\"https:\/\/bunkerseguridad.com\/fr\/\",\"name\":\"Bunker Seguridad\",\"description\":\"Otro sitio realizado con WordPress\",\"potentialAction\":[{\"@type\":\"SearchAction\",\"target\":{\"@type\":\"EntryPoint\",\"urlTemplate\":\"https:\/\/bunkerseguridad.com\/fr\/?s={search_term_string}\"},\"query-input\":{\"@type\":\"PropertyValueSpecification\",\"valueRequired\":true,\"valueName\":\"search_term_string\"}}],\"inLanguage\":\"fr-FR\"}]}<\/script>\n<!-- \/ Yoast SEO plugin. -->","yoast_head_json":{"title":"Barri\u00e8re de infrarouge PXB-50\/100\/200HF-KH - Bunker Seguridad","description":"Des faisceaux quadruples \u00e0 4 canaux pour une utilisation dans des tours de faisceaux offrant une stabilit\u00e9 maximale dans des conditions m\u00e9t\u00e9orologiques s\u00e9v\u00e8res et une d\u00e9tection des intrus \u00e0 longue port\u00e9e.","robots":{"index":"noindex","follow":"follow","max-snippet":"max-snippet:-1","max-image-preview":"max-image-preview:large","max-video-preview":"max-video-preview:-1"},"og_locale":"fr_FR","og_type":"article","og_title":"Barri\u00e8re de infrarouge PXB-50\/100\/200HF-KH - Bunker Seguridad","og_description":"Des faisceaux quadruples \u00e0 4 canaux pour une utilisation dans des tours de faisceaux offrant une stabilit\u00e9 maximale dans des conditions m\u00e9t\u00e9orologiques s\u00e9v\u00e8res et une d\u00e9tection des intrus \u00e0 longue port\u00e9e.","og_url":"https:\/\/bunkerseguridad.com\/fr\/produit\/barriere-de-infrarouge-pxb-hf-kh\/","og_site_name":"Bunker Seguridad","article_modified_time":"2021-02-10T10:29:50+00:00","og_image":[{"width":1200,"height":1200,"url":"https:\/\/bunkerseguridad.com\/fr\/wp-content\/uploads\/2020\/10\/1200-PRODUCTOS-PXB-100ATC-KH-1.png","type":"image\/png"}],"twitter_card":"summary_large_image","twitter_misc":{"Dur\u00e9e de lecture estim\u00e9e":"1 minute"},"schema":{"@context":"https:\/\/schema.org","@graph":[{"@type":"WebPage","@id":"https:\/\/bunkerseguridad.com\/fr\/produit\/barriere-de-infrarouge-pxb-hf-kh\/","url":"https:\/\/bunkerseguridad.com\/fr\/produit\/barriere-de-infrarouge-pxb-hf-kh\/","name":"Barri\u00e8re de infrarouge PXB-50\/100\/200HF-KH - Bunker Seguridad","isPartOf":{"@id":"https:\/\/bunkerseguridad.com\/fr\/#website"},"primaryImageOfPage":{"@id":"https:\/\/bunkerseguridad.com\/fr\/produit\/barriere-de-infrarouge-pxb-hf-kh\/#primaryimage"},"image":{"@id":"https:\/\/bunkerseguridad.com\/fr\/produit\/barriere-de-infrarouge-pxb-hf-kh\/#primaryimage"},"thumbnailUrl":"https:\/\/bunkerseguridad.com\/fr\/wp-content\/uploads\/2020\/10\/1200-PRODUCTOS-PXB-100ATC-KH-1.png","datePublished":"2020-10-08T07:09:51+00:00","dateModified":"2021-02-10T10:29:50+00:00","description":"Des faisceaux quadruples \u00e0 4 canaux pour une utilisation dans des tours de faisceaux offrant une stabilit\u00e9 maximale dans des conditions m\u00e9t\u00e9orologiques s\u00e9v\u00e8res et une d\u00e9tection des intrus \u00e0 longue port\u00e9e.","breadcrumb":{"@id":"https:\/\/bunkerseguridad.com\/fr\/produit\/barriere-de-infrarouge-pxb-hf-kh\/#breadcrumb"},"inLanguage":"fr-FR","potentialAction":[{"@type":"ReadAction","target":["https:\/\/bunkerseguridad.com\/fr\/produit\/barriere-de-infrarouge-pxb-hf-kh\/"]}]},{"@type":"ImageObject","inLanguage":"fr-FR","@id":"https:\/\/bunkerseguridad.com\/fr\/produit\/barriere-de-infrarouge-pxb-hf-kh\/#primaryimage","url":"https:\/\/bunkerseguridad.com\/fr\/wp-content\/uploads\/2020\/10\/1200-PRODUCTOS-PXB-100ATC-KH-1.png","contentUrl":"https:\/\/bunkerseguridad.com\/fr\/wp-content\/uploads\/2020\/10\/1200-PRODUCTOS-PXB-100ATC-KH-1.png","width":1200,"height":1200,"caption":"Photoelectric Beams series PXB-50-100-200 HF-KH"},{"@type":"BreadcrumbList","@id":"https:\/\/bunkerseguridad.com\/fr\/produit\/barriere-de-infrarouge-pxb-hf-kh\/#breadcrumb","itemListElement":[{"@type":"ListItem","position":1,"name":"Home","item":"https:\/\/bunkerseguridad.com\/fr\/"},{"@type":"ListItem","position":2,"name":"Shop","item":"https:\/\/bunkerseguridad.com\/fr\/shop\/"},{"@type":"ListItem","position":3,"name":"Barri\u00e8re de infrarouge PXB-50\/100\/200HF-KH"}]},{"@type":"WebSite","@id":"https:\/\/bunkerseguridad.com\/fr\/#website","url":"https:\/\/bunkerseguridad.com\/fr\/","name":"Bunker Seguridad","description":"Otro sitio realizado con WordPress","potentialAction":[{"@type":"SearchAction","target":{"@type":"EntryPoint","urlTemplate":"https:\/\/bunkerseguridad.com\/fr\/?s={search_term_string}"},"query-input":{"@type":"PropertyValueSpecification","valueRequired":true,"valueName":"search_term_string"}}],"inLanguage":"fr-FR"}]}},"brands":[{"id":202,"name":"Takex","slug":"takex"}],"_links":{"self":[{"href":"https:\/\/bunkerseguridad.com\/fr\/wp-json\/wp\/v2\/product\/2245","targetHints":{"allow":["GET"]}}],"collection":[{"href":"https:\/\/bunkerseguridad.com\/fr\/wp-json\/wp\/v2\/product"}],"about":[{"href":"https:\/\/bunkerseguridad.com\/fr\/wp-json\/wp\/v2\/types\/product"}],"wp:featuredmedia":[{"embeddable":true,"href":"https:\/\/bunkerseguridad.com\/fr\/wp-json\/wp\/v2\/media\/2253"}],"wp:attachment":[{"href":"https:\/\/bunkerseguridad.com\/fr\/wp-json\/wp\/v2\/media?parent=2245"}],"wp:term":[{"taxonomy":"pwb-brand","embeddable":true,"href":"https:\/\/bunkerseguridad.com\/fr\/wp-json\/wp\/v2\/pwb-brand?post=2245"},{"taxonomy":"product_brand","embeddable":true,"href":"https:\/\/bunkerseguridad.com\/fr\/wp-json\/wp\/v2\/product_brand?post=2245"},{"taxonomy":"product_cat","embeddable":true,"href":"https:\/\/bunkerseguridad.com\/fr\/wp-json\/wp\/v2\/product_cat?post=2245"},{"taxonomy":"product_tag","embeddable":true,"href":"https:\/\/bunkerseguridad.com\/fr\/wp-json\/wp\/v2\/product_tag?post=2245"}],"curies":[{"name":"wp","href":"https:\/\/api.w.org\/{rel}","templated":true}]}}