{"id":2120,"date":"2020-10-07T08:59:16","date_gmt":"2020-10-07T08:59:16","guid":{"rendered":"http:\/\/www.bunkerseguridad.es\/en\/?post_type=product&#038;p=2120"},"modified":"2021-02-11T10:04:24","modified_gmt":"2021-02-11T10:04:24","slug":"barriere-reflecteur-photoelectrique-pr-11b-takex","status":"publish","type":"product","link":"https:\/\/bunkerseguridad.com\/fr\/produit\/barriere-reflecteur-photoelectrique-pr-11b-takex\/","title":{"rendered":"Barri\u00e8re de infrarouge R\u00e9flecteur photo\u00e9lectrique PR-11B"},"content":{"rendered":"<p>The <strong>PR-11B Barri\u00e8re R\u00e9flecteur <\/strong>convient \u00e0 la fois \u00e0 l&rsquo;int\u00e9rieur et \u00e0 l&rsquo;ext\u00e9rieur, pour les applications o\u00f9 une rupture de faisceau est souhaitable mais o\u00f9 il n&rsquo;est pas pratique de faire passer le c\u00e2ble aux deux extr\u00e9mit\u00e9s. C&rsquo;est un moyen pratique de surveiller les entr\u00e9es, les portails et les all\u00e9es &#8211; pour la surveillance g\u00e9n\u00e9rale et le contr\u00f4le de l&rsquo;\u00e9clairage.<\/p>\n<p><strong>Ext\u00e9rieur 1-11m (3.3-36ft) ou moins Int\u00e9rieur 1-15m (3.3-49ft) ou moins<\/strong><\/p>\n<p><strong>Caract\u00e9ristiques:<\/strong><\/p>\n<ul>\n<li>Installation facile<\/li>\n<li>Convient \u00e0 la fois pour l&rsquo;int\u00e9rieur et l&rsquo;ext\u00e9rieur<\/li>\n<li>Double faisceau modul\u00e9 pour une immunit\u00e9 \u00e0 la lumi\u00e8re in\u00e9gal\u00e9e<\/li>\n<li>50 000 lux d&rsquo;immunit\u00e9 \u00e0 la lumi\u00e8re du soleil<\/li>\n<li>Prise de contr\u00f4le pour l&rsquo;alignement avec le multim\u00e8tre<\/li>\n<li>La direction du faisceau peut \u00eatre pivot\u00e9e de 180 degr\u00e9s<\/li>\n<li>Ajustement du temps de r\u00e9ponse<\/li>\n<\/ul>\n","protected":false},"excerpt":{"rendered":"<p>The <strong>PR-11B Barriere Reflecteur photoelectrique<\/strong> convient \u00e0 la fois \u00e0 l&rsquo;int\u00e9rieur et \u00e0 l&rsquo;ext\u00e9rieur, pour les applications o\u00f9 une rupture de faisceau est souhaitable mais o\u00f9 il n&rsquo;est pas pratique de faire passer le c\u00e2ble aux deux extr\u00e9mit\u00e9s. Un moyen pratique de surveiller les entr\u00e9es, les portails et les all\u00e9es &#8211; pour la surveillance g\u00e9n\u00e9rale et le contr\u00f4le de l&rsquo;\u00e9clairage.<\/p>\n","protected":false},"featured_media":2250,"template":"","meta":{"_et_pb_use_builder":"","_et_pb_old_content":"","_et_gb_content_width":""},"pwb-brand":[202],"product_brand":[],"product_cat":[41,49],"product_tag":[80,82,359,81],"class_list":{"0":"post-2120","1":"product","2":"type-product","3":"status-publish","4":"has-post-thumbnail","6":"pwb-brand-takex","7":"product_cat-detection-intrusion-perimetrique","8":"product_cat-barrieres-infrarouges","9":"product_tag-exterieur","10":"product_tag-faisceau-photoelectrique","11":"product_tag-faisceau-reflechissant","12":"product_tag-interieur","14":"first","15":"instock","16":"shipping-taxable","17":"product-type-simple"},"yoast_head":"<!-- This site is optimized with the Yoast SEO plugin v25.2 - https:\/\/yoast.com\/wordpress\/plugins\/seo\/ -->\n<title>Barri\u00e8re de infrarouge R\u00e9flecteur photo\u00e9lectrique PR-11B - Bunker Seguridad<\/title>\n<meta name=\"description\" content=\"Barriere Reflecteur utilisation \u00e0 l\u2019int\u00e9rieur o\u00f9 \u00e0 l\u2019ext\u00e9rieur, pour les zones impossibles \u00e0 c\u00e2bler un \u00e9metteur et un r\u00e9cepteur.\" \/>\n<meta name=\"robots\" content=\"noindex, follow, max-snippet:-1, max-image-preview:large, max-video-preview:-1\" \/>\n<meta property=\"og:locale\" content=\"fr_FR\" \/>\n<meta property=\"og:type\" content=\"article\" \/>\n<meta property=\"og:title\" content=\"Barri\u00e8re de infrarouge R\u00e9flecteur photo\u00e9lectrique PR-11B - Bunker Seguridad\" \/>\n<meta property=\"og:description\" content=\"Barriere Reflecteur utilisation \u00e0 l\u2019int\u00e9rieur o\u00f9 \u00e0 l\u2019ext\u00e9rieur, pour les zones impossibles \u00e0 c\u00e2bler un \u00e9metteur et un r\u00e9cepteur.\" \/>\n<meta property=\"og:url\" content=\"https:\/\/bunkerseguridad.com\/fr\/produit\/barriere-reflecteur-photoelectrique-pr-11b-takex\/\" \/>\n<meta property=\"og:site_name\" content=\"Bunker Seguridad\" \/>\n<meta property=\"article:modified_time\" content=\"2021-02-11T10:04:24+00:00\" \/>\n<meta property=\"og:image\" content=\"https:\/\/bunkerseguridad.com\/fr\/wp-content\/uploads\/2020\/10\/1200-PRODUCTOS-PR-11B.png\" \/>\n\t<meta property=\"og:image:width\" content=\"1200\" \/>\n\t<meta property=\"og:image:height\" content=\"1200\" \/>\n\t<meta property=\"og:image:type\" content=\"image\/png\" \/>\n<meta name=\"twitter:card\" content=\"summary_large_image\" \/>\n<meta name=\"twitter:label1\" content=\"Dur\u00e9e de lecture estim\u00e9e\" \/>\n\t<meta name=\"twitter:data1\" content=\"1 minute\" \/>\n<script type=\"application\/ld+json\" class=\"yoast-schema-graph\">{\"@context\":\"https:\/\/schema.org\",\"@graph\":[{\"@type\":\"WebPage\",\"@id\":\"https:\/\/bunkerseguridad.com\/fr\/produit\/barriere-reflecteur-photoelectrique-pr-11b-takex\/\",\"url\":\"https:\/\/bunkerseguridad.com\/fr\/produit\/barriere-reflecteur-photoelectrique-pr-11b-takex\/\",\"name\":\"Barri\u00e8re de infrarouge R\u00e9flecteur photo\u00e9lectrique PR-11B - Bunker Seguridad\",\"isPartOf\":{\"@id\":\"https:\/\/bunkerseguridad.com\/fr\/#website\"},\"primaryImageOfPage\":{\"@id\":\"https:\/\/bunkerseguridad.com\/fr\/produit\/barriere-reflecteur-photoelectrique-pr-11b-takex\/#primaryimage\"},\"image\":{\"@id\":\"https:\/\/bunkerseguridad.com\/fr\/produit\/barriere-reflecteur-photoelectrique-pr-11b-takex\/#primaryimage\"},\"thumbnailUrl\":\"https:\/\/bunkerseguridad.com\/fr\/wp-content\/uploads\/2020\/10\/1200-PRODUCTOS-PR-11B.png\",\"datePublished\":\"2020-10-07T08:59:16+00:00\",\"dateModified\":\"2021-02-11T10:04:24+00:00\",\"description\":\"Barriere Reflecteur utilisation \u00e0 l\u2019int\u00e9rieur o\u00f9 \u00e0 l\u2019ext\u00e9rieur, pour les zones impossibles \u00e0 c\u00e2bler un \u00e9metteur et un r\u00e9cepteur.\",\"breadcrumb\":{\"@id\":\"https:\/\/bunkerseguridad.com\/fr\/produit\/barriere-reflecteur-photoelectrique-pr-11b-takex\/#breadcrumb\"},\"inLanguage\":\"fr-FR\",\"potentialAction\":[{\"@type\":\"ReadAction\",\"target\":[\"https:\/\/bunkerseguridad.com\/fr\/produit\/barriere-reflecteur-photoelectrique-pr-11b-takex\/\"]}]},{\"@type\":\"ImageObject\",\"inLanguage\":\"fr-FR\",\"@id\":\"https:\/\/bunkerseguridad.com\/fr\/produit\/barriere-reflecteur-photoelectrique-pr-11b-takex\/#primaryimage\",\"url\":\"https:\/\/bunkerseguridad.com\/fr\/wp-content\/uploads\/2020\/10\/1200-PRODUCTOS-PR-11B.png\",\"contentUrl\":\"https:\/\/bunkerseguridad.com\/fr\/wp-content\/uploads\/2020\/10\/1200-PRODUCTOS-PR-11B.png\",\"width\":1200,\"height\":1200,\"caption\":\"Photoelectric Reflector Beam PR-11B\"},{\"@type\":\"BreadcrumbList\",\"@id\":\"https:\/\/bunkerseguridad.com\/fr\/produit\/barriere-reflecteur-photoelectrique-pr-11b-takex\/#breadcrumb\",\"itemListElement\":[{\"@type\":\"ListItem\",\"position\":1,\"name\":\"Home\",\"item\":\"https:\/\/bunkerseguridad.com\/fr\/\"},{\"@type\":\"ListItem\",\"position\":2,\"name\":\"Shop\",\"item\":\"https:\/\/bunkerseguridad.com\/fr\/shop\/\"},{\"@type\":\"ListItem\",\"position\":3,\"name\":\"Barri\u00e8re de infrarouge R\u00e9flecteur photo\u00e9lectrique PR-11B\"}]},{\"@type\":\"WebSite\",\"@id\":\"https:\/\/bunkerseguridad.com\/fr\/#website\",\"url\":\"https:\/\/bunkerseguridad.com\/fr\/\",\"name\":\"Bunker Seguridad\",\"description\":\"Otro sitio realizado con WordPress\",\"potentialAction\":[{\"@type\":\"SearchAction\",\"target\":{\"@type\":\"EntryPoint\",\"urlTemplate\":\"https:\/\/bunkerseguridad.com\/fr\/?s={search_term_string}\"},\"query-input\":{\"@type\":\"PropertyValueSpecification\",\"valueRequired\":true,\"valueName\":\"search_term_string\"}}],\"inLanguage\":\"fr-FR\"}]}<\/script>\n<!-- \/ Yoast SEO plugin. -->","yoast_head_json":{"title":"Barri\u00e8re de infrarouge R\u00e9flecteur photo\u00e9lectrique PR-11B - Bunker Seguridad","description":"Barriere Reflecteur utilisation \u00e0 l\u2019int\u00e9rieur o\u00f9 \u00e0 l\u2019ext\u00e9rieur, pour les zones impossibles \u00e0 c\u00e2bler un \u00e9metteur et un r\u00e9cepteur.","robots":{"index":"noindex","follow":"follow","max-snippet":"max-snippet:-1","max-image-preview":"max-image-preview:large","max-video-preview":"max-video-preview:-1"},"og_locale":"fr_FR","og_type":"article","og_title":"Barri\u00e8re de infrarouge R\u00e9flecteur photo\u00e9lectrique PR-11B - Bunker Seguridad","og_description":"Barriere Reflecteur utilisation \u00e0 l\u2019int\u00e9rieur o\u00f9 \u00e0 l\u2019ext\u00e9rieur, pour les zones impossibles \u00e0 c\u00e2bler un \u00e9metteur et un r\u00e9cepteur.","og_url":"https:\/\/bunkerseguridad.com\/fr\/produit\/barriere-reflecteur-photoelectrique-pr-11b-takex\/","og_site_name":"Bunker Seguridad","article_modified_time":"2021-02-11T10:04:24+00:00","og_image":[{"width":1200,"height":1200,"url":"https:\/\/bunkerseguridad.com\/fr\/wp-content\/uploads\/2020\/10\/1200-PRODUCTOS-PR-11B.png","type":"image\/png"}],"twitter_card":"summary_large_image","twitter_misc":{"Dur\u00e9e de lecture estim\u00e9e":"1 minute"},"schema":{"@context":"https:\/\/schema.org","@graph":[{"@type":"WebPage","@id":"https:\/\/bunkerseguridad.com\/fr\/produit\/barriere-reflecteur-photoelectrique-pr-11b-takex\/","url":"https:\/\/bunkerseguridad.com\/fr\/produit\/barriere-reflecteur-photoelectrique-pr-11b-takex\/","name":"Barri\u00e8re de infrarouge R\u00e9flecteur photo\u00e9lectrique PR-11B - Bunker Seguridad","isPartOf":{"@id":"https:\/\/bunkerseguridad.com\/fr\/#website"},"primaryImageOfPage":{"@id":"https:\/\/bunkerseguridad.com\/fr\/produit\/barriere-reflecteur-photoelectrique-pr-11b-takex\/#primaryimage"},"image":{"@id":"https:\/\/bunkerseguridad.com\/fr\/produit\/barriere-reflecteur-photoelectrique-pr-11b-takex\/#primaryimage"},"thumbnailUrl":"https:\/\/bunkerseguridad.com\/fr\/wp-content\/uploads\/2020\/10\/1200-PRODUCTOS-PR-11B.png","datePublished":"2020-10-07T08:59:16+00:00","dateModified":"2021-02-11T10:04:24+00:00","description":"Barriere Reflecteur utilisation \u00e0 l\u2019int\u00e9rieur o\u00f9 \u00e0 l\u2019ext\u00e9rieur, pour les zones impossibles \u00e0 c\u00e2bler un \u00e9metteur et un r\u00e9cepteur.","breadcrumb":{"@id":"https:\/\/bunkerseguridad.com\/fr\/produit\/barriere-reflecteur-photoelectrique-pr-11b-takex\/#breadcrumb"},"inLanguage":"fr-FR","potentialAction":[{"@type":"ReadAction","target":["https:\/\/bunkerseguridad.com\/fr\/produit\/barriere-reflecteur-photoelectrique-pr-11b-takex\/"]}]},{"@type":"ImageObject","inLanguage":"fr-FR","@id":"https:\/\/bunkerseguridad.com\/fr\/produit\/barriere-reflecteur-photoelectrique-pr-11b-takex\/#primaryimage","url":"https:\/\/bunkerseguridad.com\/fr\/wp-content\/uploads\/2020\/10\/1200-PRODUCTOS-PR-11B.png","contentUrl":"https:\/\/bunkerseguridad.com\/fr\/wp-content\/uploads\/2020\/10\/1200-PRODUCTOS-PR-11B.png","width":1200,"height":1200,"caption":"Photoelectric Reflector Beam PR-11B"},{"@type":"BreadcrumbList","@id":"https:\/\/bunkerseguridad.com\/fr\/produit\/barriere-reflecteur-photoelectrique-pr-11b-takex\/#breadcrumb","itemListElement":[{"@type":"ListItem","position":1,"name":"Home","item":"https:\/\/bunkerseguridad.com\/fr\/"},{"@type":"ListItem","position":2,"name":"Shop","item":"https:\/\/bunkerseguridad.com\/fr\/shop\/"},{"@type":"ListItem","position":3,"name":"Barri\u00e8re de infrarouge R\u00e9flecteur photo\u00e9lectrique PR-11B"}]},{"@type":"WebSite","@id":"https:\/\/bunkerseguridad.com\/fr\/#website","url":"https:\/\/bunkerseguridad.com\/fr\/","name":"Bunker Seguridad","description":"Otro sitio realizado con WordPress","potentialAction":[{"@type":"SearchAction","target":{"@type":"EntryPoint","urlTemplate":"https:\/\/bunkerseguridad.com\/fr\/?s={search_term_string}"},"query-input":{"@type":"PropertyValueSpecification","valueRequired":true,"valueName":"search_term_string"}}],"inLanguage":"fr-FR"}]}},"brands":[{"id":202,"name":"Takex","slug":"takex"}],"_links":{"self":[{"href":"https:\/\/bunkerseguridad.com\/fr\/wp-json\/wp\/v2\/product\/2120","targetHints":{"allow":["GET"]}}],"collection":[{"href":"https:\/\/bunkerseguridad.com\/fr\/wp-json\/wp\/v2\/product"}],"about":[{"href":"https:\/\/bunkerseguridad.com\/fr\/wp-json\/wp\/v2\/types\/product"}],"wp:featuredmedia":[{"embeddable":true,"href":"https:\/\/bunkerseguridad.com\/fr\/wp-json\/wp\/v2\/media\/2250"}],"wp:attachment":[{"href":"https:\/\/bunkerseguridad.com\/fr\/wp-json\/wp\/v2\/media?parent=2120"}],"wp:term":[{"taxonomy":"pwb-brand","embeddable":true,"href":"https:\/\/bunkerseguridad.com\/fr\/wp-json\/wp\/v2\/pwb-brand?post=2120"},{"taxonomy":"product_brand","embeddable":true,"href":"https:\/\/bunkerseguridad.com\/fr\/wp-json\/wp\/v2\/product_brand?post=2120"},{"taxonomy":"product_cat","embeddable":true,"href":"https:\/\/bunkerseguridad.com\/fr\/wp-json\/wp\/v2\/product_cat?post=2120"},{"taxonomy":"product_tag","embeddable":true,"href":"https:\/\/bunkerseguridad.com\/fr\/wp-json\/wp\/v2\/product_tag?post=2120"}],"curies":[{"name":"wp","href":"https:\/\/api.w.org\/{rel}","templated":true}]}}