{"id":2096,"date":"2020-10-07T07:17:29","date_gmt":"2020-10-07T07:17:29","guid":{"rendered":"http:\/\/www.bunkerseguridad.es\/en\/?post_type=product&#038;p=2096"},"modified":"2021-02-11T11:16:00","modified_gmt":"2021-02-11T11:16:00","slug":"laser-watch","status":"publish","type":"product","link":"https:\/\/bunkerseguridad.com\/fr\/produit\/laser-watch\/","title":{"rendered":"D\u00e9tecteur Laser Watch"},"content":{"rendered":"<p><strong>D\u00e9tecteur Laser Watc<\/strong>h permet \u00e0 l&rsquo;utilisateur de surveiller et de localiser les intrusions pour les applications o\u00f9 les cl\u00f4tures physiques ne sont pas souhaitables, possibles ou lorsqu&rsquo;une s\u00e9curit\u00e9 renforc\u00e9e est n\u00e9cessaire.<\/p>\n<p>Le capteur de surveillance laser de 500 m fonctionne sans r\u00e9flecteur et r\u00e9agit en quelques fractions de seconde.<\/p>\n<p>Outre la d\u00e9tection des intrusions, le Laser-Watch conna\u00eet la position exacte d&rsquo;un objet.<\/p>\n<p>Les param\u00e8tres d&rsquo;alarme sont extr\u00eamement adaptables. Par exemple, le capteur peut \u00eatre r\u00e9gl\u00e9 pour ne r\u00e9agir que sur les voitures se trouvant dans une voie sp\u00e9cifique et donner l&rsquo;alarme si un objet s&rsquo;est arr\u00eat\u00e9 ou si une porte s&rsquo;ouvre, tout en ignorant toutes les activit\u00e9s.<\/p>\n<p><strong>Caract\u00e9ristiques:<\/strong><\/p>\n<ul>\n<li>Port\u00e9e jusqu&rsquo;\u00e0 500 m\u00e8tres, aucun r\u00e9flecteur requis<\/li>\n<li>Cl\u00f4ture virtuelle capable de d\u00e9clencher une alarme et un enregistrement par cam\u00e9ra<\/li>\n<li>Des zones d&rsquo;alarme enti\u00e8rement adaptables \u00e0 toutes les situations<\/li>\n<li>Un taux de fausses alertes proche de z\u00e9ro<\/li>\n<li>Conception r\u00e9sistante \u00e0 l&rsquo;eau<\/li>\n<li>Interface utilisateur web intuitive et puissante<\/li>\n<li>Alarmes IP et sortie relais<\/li>\n<li>Le pouvoir sur etherne<\/li>\n<\/ul>\n","protected":false},"excerpt":{"rendered":"<p>Des impulsions laser infrarouges invisibles et sans danger pour les yeux sont \u00e9mises par le capteur \u00e0 400 Hz. Si un objet appara\u00eet dans la ligne de vis\u00e9e, il g\u00e9n\u00e8re des r\u00e9flexions, que le capteur d\u00e9tecte. Connectivit\u00e9 IP et tr\u00e8s faible consommation d&rsquo;\u00e9nergie.<\/p>\n","protected":false},"featured_media":2416,"template":"","meta":{"_et_pb_use_builder":"","_et_pb_old_content":"","_et_gb_content_width":""},"pwb-brand":[58],"product_brand":[],"product_cat":[41,48],"product_tag":[84,83],"class_list":{"0":"post-2096","1":"product","2":"type-product","3":"status-publish","4":"has-post-thumbnail","6":"pwb-brand-gjd-detect-deter","7":"product_cat-detection-intrusion-perimetrique","8":"product_cat-detecteur-laser","9":"product_tag-detecteur-laser","10":"product_tag-rideaux-virtuels","12":"first","13":"instock","14":"featured","15":"shipping-taxable","16":"product-type-simple"},"yoast_head":"<!-- This site is optimized with the Yoast SEO plugin v25.2 - https:\/\/yoast.com\/wordpress\/plugins\/seo\/ -->\n<title>D\u00e9tecteur Laser Watch - Bunker Seguridad<\/title>\n<meta name=\"description\" content=\"D\u00e9tecteur Laser Watch. La surveillance \u00e0 la vitesse de la lumi\u00e8re. Connectivit\u00e9 IP et tr\u00e8s faible consommation \u00e9lectrique.\" \/>\n<meta name=\"robots\" content=\"noindex, follow, max-snippet:-1, max-image-preview:large, max-video-preview:-1\" \/>\n<meta property=\"og:locale\" content=\"fr_FR\" \/>\n<meta property=\"og:type\" content=\"article\" \/>\n<meta property=\"og:title\" content=\"D\u00e9tecteur Laser Watch - Bunker Seguridad\" \/>\n<meta property=\"og:description\" content=\"D\u00e9tecteur Laser Watch. La surveillance \u00e0 la vitesse de la lumi\u00e8re. Connectivit\u00e9 IP et tr\u00e8s faible consommation \u00e9lectrique.\" \/>\n<meta property=\"og:url\" content=\"https:\/\/bunkerseguridad.com\/fr\/produit\/laser-watch\/\" \/>\n<meta property=\"og:site_name\" content=\"Bunker Seguridad\" \/>\n<meta property=\"article:modified_time\" content=\"2021-02-11T11:16:00+00:00\" \/>\n<meta property=\"og:image\" content=\"https:\/\/bunkerseguridad.com\/fr\/wp-content\/uploads\/2020\/10\/detect-laser-watch-gjd-515.png\" \/>\n\t<meta property=\"og:image:width\" content=\"1200\" \/>\n\t<meta property=\"og:image:height\" content=\"1200\" \/>\n\t<meta property=\"og:image:type\" content=\"image\/png\" \/>\n<meta name=\"twitter:card\" content=\"summary_large_image\" \/>\n<meta name=\"twitter:label1\" content=\"Dur\u00e9e de lecture estim\u00e9e\" \/>\n\t<meta name=\"twitter:data1\" content=\"1 minute\" \/>\n<script type=\"application\/ld+json\" class=\"yoast-schema-graph\">{\"@context\":\"https:\/\/schema.org\",\"@graph\":[{\"@type\":\"WebPage\",\"@id\":\"https:\/\/bunkerseguridad.com\/fr\/produit\/laser-watch\/\",\"url\":\"https:\/\/bunkerseguridad.com\/fr\/produit\/laser-watch\/\",\"name\":\"D\u00e9tecteur Laser Watch - Bunker Seguridad\",\"isPartOf\":{\"@id\":\"https:\/\/bunkerseguridad.com\/fr\/#website\"},\"primaryImageOfPage\":{\"@id\":\"https:\/\/bunkerseguridad.com\/fr\/produit\/laser-watch\/#primaryimage\"},\"image\":{\"@id\":\"https:\/\/bunkerseguridad.com\/fr\/produit\/laser-watch\/#primaryimage\"},\"thumbnailUrl\":\"https:\/\/bunkerseguridad.com\/fr\/wp-content\/uploads\/2020\/10\/detect-laser-watch-gjd-515.png\",\"datePublished\":\"2020-10-07T07:17:29+00:00\",\"dateModified\":\"2021-02-11T11:16:00+00:00\",\"description\":\"D\u00e9tecteur Laser Watch. La surveillance \u00e0 la vitesse de la lumi\u00e8re. Connectivit\u00e9 IP et tr\u00e8s faible consommation \u00e9lectrique.\",\"breadcrumb\":{\"@id\":\"https:\/\/bunkerseguridad.com\/fr\/produit\/laser-watch\/#breadcrumb\"},\"inLanguage\":\"fr-FR\",\"potentialAction\":[{\"@type\":\"ReadAction\",\"target\":[\"https:\/\/bunkerseguridad.com\/fr\/produit\/laser-watch\/\"]}]},{\"@type\":\"ImageObject\",\"inLanguage\":\"fr-FR\",\"@id\":\"https:\/\/bunkerseguridad.com\/fr\/produit\/laser-watch\/#primaryimage\",\"url\":\"https:\/\/bunkerseguridad.com\/fr\/wp-content\/uploads\/2020\/10\/detect-laser-watch-gjd-515.png\",\"contentUrl\":\"https:\/\/bunkerseguridad.com\/fr\/wp-content\/uploads\/2020\/10\/detect-laser-watch-gjd-515.png\",\"width\":1200,\"height\":1200,\"caption\":\"D\u00e9tecter la montre l\u00e1ser GJD 515\"},{\"@type\":\"BreadcrumbList\",\"@id\":\"https:\/\/bunkerseguridad.com\/fr\/produit\/laser-watch\/#breadcrumb\",\"itemListElement\":[{\"@type\":\"ListItem\",\"position\":1,\"name\":\"Home\",\"item\":\"https:\/\/bunkerseguridad.com\/fr\/\"},{\"@type\":\"ListItem\",\"position\":2,\"name\":\"Shop\",\"item\":\"https:\/\/bunkerseguridad.com\/fr\/shop\/\"},{\"@type\":\"ListItem\",\"position\":3,\"name\":\"D\u00e9tecteur Laser Watch\"}]},{\"@type\":\"WebSite\",\"@id\":\"https:\/\/bunkerseguridad.com\/fr\/#website\",\"url\":\"https:\/\/bunkerseguridad.com\/fr\/\",\"name\":\"Bunker Seguridad\",\"description\":\"Otro sitio realizado con WordPress\",\"potentialAction\":[{\"@type\":\"SearchAction\",\"target\":{\"@type\":\"EntryPoint\",\"urlTemplate\":\"https:\/\/bunkerseguridad.com\/fr\/?s={search_term_string}\"},\"query-input\":{\"@type\":\"PropertyValueSpecification\",\"valueRequired\":true,\"valueName\":\"search_term_string\"}}],\"inLanguage\":\"fr-FR\"}]}<\/script>\n<!-- \/ Yoast SEO plugin. -->","yoast_head_json":{"title":"D\u00e9tecteur Laser Watch - Bunker Seguridad","description":"D\u00e9tecteur Laser Watch. La surveillance \u00e0 la vitesse de la lumi\u00e8re. Connectivit\u00e9 IP et tr\u00e8s faible consommation \u00e9lectrique.","robots":{"index":"noindex","follow":"follow","max-snippet":"max-snippet:-1","max-image-preview":"max-image-preview:large","max-video-preview":"max-video-preview:-1"},"og_locale":"fr_FR","og_type":"article","og_title":"D\u00e9tecteur Laser Watch - Bunker Seguridad","og_description":"D\u00e9tecteur Laser Watch. La surveillance \u00e0 la vitesse de la lumi\u00e8re. Connectivit\u00e9 IP et tr\u00e8s faible consommation \u00e9lectrique.","og_url":"https:\/\/bunkerseguridad.com\/fr\/produit\/laser-watch\/","og_site_name":"Bunker Seguridad","article_modified_time":"2021-02-11T11:16:00+00:00","og_image":[{"width":1200,"height":1200,"url":"https:\/\/bunkerseguridad.com\/fr\/wp-content\/uploads\/2020\/10\/detect-laser-watch-gjd-515.png","type":"image\/png"}],"twitter_card":"summary_large_image","twitter_misc":{"Dur\u00e9e de lecture estim\u00e9e":"1 minute"},"schema":{"@context":"https:\/\/schema.org","@graph":[{"@type":"WebPage","@id":"https:\/\/bunkerseguridad.com\/fr\/produit\/laser-watch\/","url":"https:\/\/bunkerseguridad.com\/fr\/produit\/laser-watch\/","name":"D\u00e9tecteur Laser Watch - Bunker Seguridad","isPartOf":{"@id":"https:\/\/bunkerseguridad.com\/fr\/#website"},"primaryImageOfPage":{"@id":"https:\/\/bunkerseguridad.com\/fr\/produit\/laser-watch\/#primaryimage"},"image":{"@id":"https:\/\/bunkerseguridad.com\/fr\/produit\/laser-watch\/#primaryimage"},"thumbnailUrl":"https:\/\/bunkerseguridad.com\/fr\/wp-content\/uploads\/2020\/10\/detect-laser-watch-gjd-515.png","datePublished":"2020-10-07T07:17:29+00:00","dateModified":"2021-02-11T11:16:00+00:00","description":"D\u00e9tecteur Laser Watch. La surveillance \u00e0 la vitesse de la lumi\u00e8re. Connectivit\u00e9 IP et tr\u00e8s faible consommation \u00e9lectrique.","breadcrumb":{"@id":"https:\/\/bunkerseguridad.com\/fr\/produit\/laser-watch\/#breadcrumb"},"inLanguage":"fr-FR","potentialAction":[{"@type":"ReadAction","target":["https:\/\/bunkerseguridad.com\/fr\/produit\/laser-watch\/"]}]},{"@type":"ImageObject","inLanguage":"fr-FR","@id":"https:\/\/bunkerseguridad.com\/fr\/produit\/laser-watch\/#primaryimage","url":"https:\/\/bunkerseguridad.com\/fr\/wp-content\/uploads\/2020\/10\/detect-laser-watch-gjd-515.png","contentUrl":"https:\/\/bunkerseguridad.com\/fr\/wp-content\/uploads\/2020\/10\/detect-laser-watch-gjd-515.png","width":1200,"height":1200,"caption":"D\u00e9tecter la montre l\u00e1ser GJD 515"},{"@type":"BreadcrumbList","@id":"https:\/\/bunkerseguridad.com\/fr\/produit\/laser-watch\/#breadcrumb","itemListElement":[{"@type":"ListItem","position":1,"name":"Home","item":"https:\/\/bunkerseguridad.com\/fr\/"},{"@type":"ListItem","position":2,"name":"Shop","item":"https:\/\/bunkerseguridad.com\/fr\/shop\/"},{"@type":"ListItem","position":3,"name":"D\u00e9tecteur Laser Watch"}]},{"@type":"WebSite","@id":"https:\/\/bunkerseguridad.com\/fr\/#website","url":"https:\/\/bunkerseguridad.com\/fr\/","name":"Bunker Seguridad","description":"Otro sitio realizado con WordPress","potentialAction":[{"@type":"SearchAction","target":{"@type":"EntryPoint","urlTemplate":"https:\/\/bunkerseguridad.com\/fr\/?s={search_term_string}"},"query-input":{"@type":"PropertyValueSpecification","valueRequired":true,"valueName":"search_term_string"}}],"inLanguage":"fr-FR"}]}},"brands":[{"id":58,"name":"GJD","slug":"gjd-detect-deter"}],"_links":{"self":[{"href":"https:\/\/bunkerseguridad.com\/fr\/wp-json\/wp\/v2\/product\/2096","targetHints":{"allow":["GET"]}}],"collection":[{"href":"https:\/\/bunkerseguridad.com\/fr\/wp-json\/wp\/v2\/product"}],"about":[{"href":"https:\/\/bunkerseguridad.com\/fr\/wp-json\/wp\/v2\/types\/product"}],"wp:featuredmedia":[{"embeddable":true,"href":"https:\/\/bunkerseguridad.com\/fr\/wp-json\/wp\/v2\/media\/2416"}],"wp:attachment":[{"href":"https:\/\/bunkerseguridad.com\/fr\/wp-json\/wp\/v2\/media?parent=2096"}],"wp:term":[{"taxonomy":"pwb-brand","embeddable":true,"href":"https:\/\/bunkerseguridad.com\/fr\/wp-json\/wp\/v2\/pwb-brand?post=2096"},{"taxonomy":"product_brand","embeddable":true,"href":"https:\/\/bunkerseguridad.com\/fr\/wp-json\/wp\/v2\/product_brand?post=2096"},{"taxonomy":"product_cat","embeddable":true,"href":"https:\/\/bunkerseguridad.com\/fr\/wp-json\/wp\/v2\/product_cat?post=2096"},{"taxonomy":"product_tag","embeddable":true,"href":"https:\/\/bunkerseguridad.com\/fr\/wp-json\/wp\/v2\/product_tag?post=2096"}],"curies":[{"name":"wp","href":"https:\/\/api.w.org\/{rel}","templated":true}]}}