{"id":2005,"date":"2020-10-06T07:32:40","date_gmt":"2020-10-06T07:32:40","guid":{"rendered":"http:\/\/www.bunkerseguridad.es\/en\/?post_type=product&#038;p=2005"},"modified":"2021-02-12T12:34:48","modified_gmt":"2021-02-12T12:34:48","slug":"barriere-analogique-pour-exterieur-bm-60-m","status":"publish","type":"product","link":"https:\/\/bunkerseguridad.com\/fr\/produit\/barriere-analogique-pour-exterieur-bm-60-m\/","title":{"rendered":"Barri\u00e8re analogique hyperfr\u00e9quence pour l\u2019ext\u00e9rieur, BM 60 M"},"content":{"rendered":"<p>Les barri\u00e8res micro-ondes analogiques BM 60 M sont utilis\u00e9es pour la d\u00e9tection d&rsquo;intrusion dans le p\u00e9rim\u00e8tre ext\u00e9rieur des jardins, maisons, fronti\u00e8res, entrep\u00f4ts, a\u00e9roports, stations commerciales, parkings pour voitures et camions, centrales civiles, industrielles, militaires, nucl\u00e9aires et \u00e9lectriques.<\/p>\n<p>La BM est compos\u00e9e de 2 unit\u00e9s &#8211; 1 \u00e9metteur (TX) et 1 r\u00e9cepteur (RX) &#8211; install\u00e9es \u00e0 une distance maximale de 60 m\u00e8tres.<\/p>\n<p>Les BM int\u00e8grent des antennes planaires qui r\u00e9duisent de 20% la zone de sensibilit\u00e9 par rapport aux anciennes antennes paraboliques. Des antennes \u00e0 plus longue distance peuvent \u00eatre install\u00e9es pour les m\u00eames p\u00e9rim\u00e8tres et des \u00e9conomies sont r\u00e9alis\u00e9es. En outre, pour \u00eatre prot\u00e9g\u00e9es de la pluie, les antennes paraboliques utilisent des bo\u00eetiers \u00e9tanches de grande taille, difficiles \u00e0 manipuler, lorsque les antennes planes de la BM sont hautement prot\u00e9g\u00e9es par la tropicalisation et install\u00e9es dans des housses de protection tr\u00e8s r\u00e9sistantes qui \u00e9vitent la condensation et son d\u00e9veloppement cons\u00e9cutif de rouille.<\/p>\n<p>Ces barri\u00e8res \u00e0 micro-ondes fonctionnent dans toutes les conditions m\u00e9t\u00e9orologiques (neige, pluie, brouillard) sans r\u00e9duction des distances, contrairement aux barri\u00e8res \u00e0 infrarouge actif. Si la temp\u00e9rature atteint moins de -5\u00b0C, il est possible de placer un kit de chauffage TERM1. La plage de temp\u00e9rature de TERM1 est de -20\/+55\u00b0C.<\/p>\n<p><strong>Caract\u00e9ristiques<\/strong>:<\/p>\n<ul>\n<li><strong>SECURITE SUPERIEURE<\/strong> : La zone de s\u00e9curit\u00e9 est v\u00e9ritablement si large et si haute (jusqu&rsquo;\u00e0 4 x 3 m\u00e8tres) qu&rsquo;il est impossible de la traverser sans d\u00e9clencher une alarme et offre une s\u00e9curit\u00e9 sup\u00e9rieure par rapport aux autres technologies.<\/li>\n<li><strong>TAUX DE FAUSSES ALARMES PLUS FAIBLE<\/strong> : Le r\u00e9glage de l&rsquo;immunit\u00e9 des animaux est facile : le niveau d&rsquo;alarme est programm\u00e9 pour ignorer les petits animaux et g\u00e9n\u00e9rer moins d&rsquo;alarmes ind\u00e9sirables.<\/li>\n<li><strong>CIRCUIT D&rsquo;INT\u00c9GRATION<\/strong>: la s\u00e9curit\u00e9 peut \u00eatre augment\u00e9e automatiquement gr\u00e2ce \u00e0 son circuit d&rsquo;int\u00e9gration int\u00e9gr\u00e9 qui amplifie les conditions possibles d&rsquo;une alarme et se d\u00e9clenche plus facilement<\/li>\n<li><strong>DISQUALIFICATION:<\/strong> BM distingue une v\u00e9ritable alarme d&rsquo;une situation de disqualification (comme un fourgon gar\u00e9 entre les barri\u00e8res).<\/li>\n<li><strong>INTERFACE ET INSTALLATION COMMUNES<\/strong>: Avec les poteaux, les BM ne font que 120 cm de haut : il est facile et rapide de les installer, de sorte que le co\u00fbt d&rsquo;installation est inf\u00e9rieur par rapport aux autres technologies. Il est \u00e9galement simple \u00e0 r\u00e9gler parfaitement gr\u00e2ce \u00e0 quelques trimmers et dip-switchs. Enfin, gr\u00e2ce \u00e0 ses sorties CN r\u00e9guli\u00e8res, la BM fonctionne avec tous les syst\u00e8mes d&rsquo;alarme et de vid\u00e9osurveillance.<\/li>\n<\/ul>\n<p>.<\/p>\n","protected":false},"excerpt":{"rendered":"<p>Les barri\u00e8res micro-ondes analogiques BM 60 M <strong>sont utilis\u00e9es pour la d\u00e9tection d&rsquo;intrusion dans le p\u00e9rim\u00e8tre ext\u00e9rieur des jardins, maisons, fronti\u00e8res, entrep\u00f4ts, a\u00e9roports, stations commerciales, parkings pour voitures et camions, centrales civiles, industrielles, militaires, nucl\u00e9aires et \u00e9lectriques.s.<\/strong><\/p>\n","protected":false},"featured_media":2006,"template":"","meta":{"_et_pb_use_builder":"","_et_pb_old_content":"","_et_gb_content_width":""},"pwb-brand":[203],"product_brand":[],"product_cat":[41,45],"product_tag":[92,291],"class_list":{"0":"post-2005","1":"product","2":"type-product","3":"status-publish","4":"has-post-thumbnail","6":"pwb-brand-avs-electronics-s-p-a","7":"product_cat-detection-intrusion-perimetrique","8":"product_cat-barrieres-micro-ondes","9":"product_tag-60m","10":"product_tag-analogue-microwave-barriers","12":"first","13":"instock","14":"shipping-taxable","15":"product-type-simple"},"yoast_head":"<!-- This site is optimized with the Yoast SEO plugin v25.2 - https:\/\/yoast.com\/wordpress\/plugins\/seo\/ -->\n<title>Barri\u00e8re analogique hyperfr\u00e9quence pour l\u2019ext\u00e9rieur, BM 60 M - Bunker Seguridad<\/title>\n<meta name=\"description\" content=\"Les barri\u00e8res micro-ondes analogiques BM 60 M sont utilis\u00e9es pour la d\u00e9tection d&#039;intrusion dans le p\u00e9rim\u00e8tre ext\u00e9rieur\" \/>\n<meta name=\"robots\" content=\"noindex, follow, max-snippet:-1, max-image-preview:large, max-video-preview:-1\" \/>\n<meta property=\"og:locale\" content=\"fr_FR\" \/>\n<meta property=\"og:type\" content=\"article\" \/>\n<meta property=\"og:title\" content=\"Barri\u00e8re analogique hyperfr\u00e9quence pour l\u2019ext\u00e9rieur, BM 60 M - Bunker Seguridad\" \/>\n<meta property=\"og:description\" content=\"Les barri\u00e8res micro-ondes analogiques BM 60 M sont utilis\u00e9es pour la d\u00e9tection d&#039;intrusion dans le p\u00e9rim\u00e8tre ext\u00e9rieur\" \/>\n<meta property=\"og:url\" content=\"https:\/\/bunkerseguridad.com\/fr\/produit\/barriere-analogique-pour-exterieur-bm-60-m\/\" \/>\n<meta property=\"og:site_name\" content=\"Bunker Seguridad\" \/>\n<meta property=\"article:modified_time\" content=\"2021-02-12T12:34:48+00:00\" \/>\n<meta property=\"og:image\" content=\"https:\/\/bunkerseguridad.com\/fr\/wp-content\/uploads\/2020\/10\/mw-barriers-bm-60-m-avs-electronics.png\" \/>\n\t<meta property=\"og:image:width\" content=\"1200\" \/>\n\t<meta property=\"og:image:height\" content=\"1200\" \/>\n\t<meta property=\"og:image:type\" content=\"image\/png\" \/>\n<meta name=\"twitter:card\" content=\"summary_large_image\" \/>\n<meta name=\"twitter:label1\" content=\"Dur\u00e9e de lecture estim\u00e9e\" \/>\n\t<meta name=\"twitter:data1\" content=\"2 minutes\" \/>\n<script type=\"application\/ld+json\" class=\"yoast-schema-graph\">{\"@context\":\"https:\/\/schema.org\",\"@graph\":[{\"@type\":\"WebPage\",\"@id\":\"https:\/\/bunkerseguridad.com\/fr\/produit\/barriere-analogique-pour-exterieur-bm-60-m\/\",\"url\":\"https:\/\/bunkerseguridad.com\/fr\/produit\/barriere-analogique-pour-exterieur-bm-60-m\/\",\"name\":\"Barri\u00e8re analogique hyperfr\u00e9quence pour l\u2019ext\u00e9rieur, BM 60 M - Bunker Seguridad\",\"isPartOf\":{\"@id\":\"https:\/\/bunkerseguridad.com\/fr\/#website\"},\"primaryImageOfPage\":{\"@id\":\"https:\/\/bunkerseguridad.com\/fr\/produit\/barriere-analogique-pour-exterieur-bm-60-m\/#primaryimage\"},\"image\":{\"@id\":\"https:\/\/bunkerseguridad.com\/fr\/produit\/barriere-analogique-pour-exterieur-bm-60-m\/#primaryimage\"},\"thumbnailUrl\":\"https:\/\/bunkerseguridad.com\/fr\/wp-content\/uploads\/2020\/10\/mw-barriers-bm-60-m-avs-electronics.png\",\"datePublished\":\"2020-10-06T07:32:40+00:00\",\"dateModified\":\"2021-02-12T12:34:48+00:00\",\"description\":\"Les barri\u00e8res micro-ondes analogiques BM 60 M sont utilis\u00e9es pour la d\u00e9tection d'intrusion dans le p\u00e9rim\u00e8tre ext\u00e9rieur\",\"breadcrumb\":{\"@id\":\"https:\/\/bunkerseguridad.com\/fr\/produit\/barriere-analogique-pour-exterieur-bm-60-m\/#breadcrumb\"},\"inLanguage\":\"fr-FR\",\"potentialAction\":[{\"@type\":\"ReadAction\",\"target\":[\"https:\/\/bunkerseguridad.com\/fr\/produit\/barriere-analogique-pour-exterieur-bm-60-m\/\"]}]},{\"@type\":\"ImageObject\",\"inLanguage\":\"fr-FR\",\"@id\":\"https:\/\/bunkerseguridad.com\/fr\/produit\/barriere-analogique-pour-exterieur-bm-60-m\/#primaryimage\",\"url\":\"https:\/\/bunkerseguridad.com\/fr\/wp-content\/uploads\/2020\/10\/mw-barriers-bm-60-m-avs-electronics.png\",\"contentUrl\":\"https:\/\/bunkerseguridad.com\/fr\/wp-content\/uploads\/2020\/10\/mw-barriers-bm-60-m-avs-electronics.png\",\"width\":1200,\"height\":1200,\"caption\":\"Analogue Microwave Barriers BM\"},{\"@type\":\"BreadcrumbList\",\"@id\":\"https:\/\/bunkerseguridad.com\/fr\/produit\/barriere-analogique-pour-exterieur-bm-60-m\/#breadcrumb\",\"itemListElement\":[{\"@type\":\"ListItem\",\"position\":1,\"name\":\"Home\",\"item\":\"https:\/\/bunkerseguridad.com\/fr\/\"},{\"@type\":\"ListItem\",\"position\":2,\"name\":\"Shop\",\"item\":\"https:\/\/bunkerseguridad.com\/fr\/shop\/\"},{\"@type\":\"ListItem\",\"position\":3,\"name\":\"Barri\u00e8re analogique hyperfr\u00e9quence pour l\u2019ext\u00e9rieur, BM 60 M\"}]},{\"@type\":\"WebSite\",\"@id\":\"https:\/\/bunkerseguridad.com\/fr\/#website\",\"url\":\"https:\/\/bunkerseguridad.com\/fr\/\",\"name\":\"Bunker Seguridad\",\"description\":\"Otro sitio realizado con WordPress\",\"potentialAction\":[{\"@type\":\"SearchAction\",\"target\":{\"@type\":\"EntryPoint\",\"urlTemplate\":\"https:\/\/bunkerseguridad.com\/fr\/?s={search_term_string}\"},\"query-input\":{\"@type\":\"PropertyValueSpecification\",\"valueRequired\":true,\"valueName\":\"search_term_string\"}}],\"inLanguage\":\"fr-FR\"}]}<\/script>\n<!-- \/ Yoast SEO plugin. -->","yoast_head_json":{"title":"Barri\u00e8re analogique hyperfr\u00e9quence pour l\u2019ext\u00e9rieur, BM 60 M - Bunker Seguridad","description":"Les barri\u00e8res micro-ondes analogiques BM 60 M sont utilis\u00e9es pour la d\u00e9tection d'intrusion dans le p\u00e9rim\u00e8tre ext\u00e9rieur","robots":{"index":"noindex","follow":"follow","max-snippet":"max-snippet:-1","max-image-preview":"max-image-preview:large","max-video-preview":"max-video-preview:-1"},"og_locale":"fr_FR","og_type":"article","og_title":"Barri\u00e8re analogique hyperfr\u00e9quence pour l\u2019ext\u00e9rieur, BM 60 M - Bunker Seguridad","og_description":"Les barri\u00e8res micro-ondes analogiques BM 60 M sont utilis\u00e9es pour la d\u00e9tection d'intrusion dans le p\u00e9rim\u00e8tre ext\u00e9rieur","og_url":"https:\/\/bunkerseguridad.com\/fr\/produit\/barriere-analogique-pour-exterieur-bm-60-m\/","og_site_name":"Bunker Seguridad","article_modified_time":"2021-02-12T12:34:48+00:00","og_image":[{"width":1200,"height":1200,"url":"https:\/\/bunkerseguridad.com\/fr\/wp-content\/uploads\/2020\/10\/mw-barriers-bm-60-m-avs-electronics.png","type":"image\/png"}],"twitter_card":"summary_large_image","twitter_misc":{"Dur\u00e9e de lecture estim\u00e9e":"2 minutes"},"schema":{"@context":"https:\/\/schema.org","@graph":[{"@type":"WebPage","@id":"https:\/\/bunkerseguridad.com\/fr\/produit\/barriere-analogique-pour-exterieur-bm-60-m\/","url":"https:\/\/bunkerseguridad.com\/fr\/produit\/barriere-analogique-pour-exterieur-bm-60-m\/","name":"Barri\u00e8re analogique hyperfr\u00e9quence pour l\u2019ext\u00e9rieur, BM 60 M - Bunker Seguridad","isPartOf":{"@id":"https:\/\/bunkerseguridad.com\/fr\/#website"},"primaryImageOfPage":{"@id":"https:\/\/bunkerseguridad.com\/fr\/produit\/barriere-analogique-pour-exterieur-bm-60-m\/#primaryimage"},"image":{"@id":"https:\/\/bunkerseguridad.com\/fr\/produit\/barriere-analogique-pour-exterieur-bm-60-m\/#primaryimage"},"thumbnailUrl":"https:\/\/bunkerseguridad.com\/fr\/wp-content\/uploads\/2020\/10\/mw-barriers-bm-60-m-avs-electronics.png","datePublished":"2020-10-06T07:32:40+00:00","dateModified":"2021-02-12T12:34:48+00:00","description":"Les barri\u00e8res micro-ondes analogiques BM 60 M sont utilis\u00e9es pour la d\u00e9tection d'intrusion dans le p\u00e9rim\u00e8tre ext\u00e9rieur","breadcrumb":{"@id":"https:\/\/bunkerseguridad.com\/fr\/produit\/barriere-analogique-pour-exterieur-bm-60-m\/#breadcrumb"},"inLanguage":"fr-FR","potentialAction":[{"@type":"ReadAction","target":["https:\/\/bunkerseguridad.com\/fr\/produit\/barriere-analogique-pour-exterieur-bm-60-m\/"]}]},{"@type":"ImageObject","inLanguage":"fr-FR","@id":"https:\/\/bunkerseguridad.com\/fr\/produit\/barriere-analogique-pour-exterieur-bm-60-m\/#primaryimage","url":"https:\/\/bunkerseguridad.com\/fr\/wp-content\/uploads\/2020\/10\/mw-barriers-bm-60-m-avs-electronics.png","contentUrl":"https:\/\/bunkerseguridad.com\/fr\/wp-content\/uploads\/2020\/10\/mw-barriers-bm-60-m-avs-electronics.png","width":1200,"height":1200,"caption":"Analogue Microwave Barriers BM"},{"@type":"BreadcrumbList","@id":"https:\/\/bunkerseguridad.com\/fr\/produit\/barriere-analogique-pour-exterieur-bm-60-m\/#breadcrumb","itemListElement":[{"@type":"ListItem","position":1,"name":"Home","item":"https:\/\/bunkerseguridad.com\/fr\/"},{"@type":"ListItem","position":2,"name":"Shop","item":"https:\/\/bunkerseguridad.com\/fr\/shop\/"},{"@type":"ListItem","position":3,"name":"Barri\u00e8re analogique hyperfr\u00e9quence pour l\u2019ext\u00e9rieur, BM 60 M"}]},{"@type":"WebSite","@id":"https:\/\/bunkerseguridad.com\/fr\/#website","url":"https:\/\/bunkerseguridad.com\/fr\/","name":"Bunker Seguridad","description":"Otro sitio realizado con WordPress","potentialAction":[{"@type":"SearchAction","target":{"@type":"EntryPoint","urlTemplate":"https:\/\/bunkerseguridad.com\/fr\/?s={search_term_string}"},"query-input":{"@type":"PropertyValueSpecification","valueRequired":true,"valueName":"search_term_string"}}],"inLanguage":"fr-FR"}]}},"brands":[{"id":203,"name":"AVS Electronics","slug":"avs-electronics-s-p-a"}],"_links":{"self":[{"href":"https:\/\/bunkerseguridad.com\/fr\/wp-json\/wp\/v2\/product\/2005","targetHints":{"allow":["GET"]}}],"collection":[{"href":"https:\/\/bunkerseguridad.com\/fr\/wp-json\/wp\/v2\/product"}],"about":[{"href":"https:\/\/bunkerseguridad.com\/fr\/wp-json\/wp\/v2\/types\/product"}],"wp:featuredmedia":[{"embeddable":true,"href":"https:\/\/bunkerseguridad.com\/fr\/wp-json\/wp\/v2\/media\/2006"}],"wp:attachment":[{"href":"https:\/\/bunkerseguridad.com\/fr\/wp-json\/wp\/v2\/media?parent=2005"}],"wp:term":[{"taxonomy":"pwb-brand","embeddable":true,"href":"https:\/\/bunkerseguridad.com\/fr\/wp-json\/wp\/v2\/pwb-brand?post=2005"},{"taxonomy":"product_brand","embeddable":true,"href":"https:\/\/bunkerseguridad.com\/fr\/wp-json\/wp\/v2\/product_brand?post=2005"},{"taxonomy":"product_cat","embeddable":true,"href":"https:\/\/bunkerseguridad.com\/fr\/wp-json\/wp\/v2\/product_cat?post=2005"},{"taxonomy":"product_tag","embeddable":true,"href":"https:\/\/bunkerseguridad.com\/fr\/wp-json\/wp\/v2\/product_tag?post=2005"}],"curies":[{"name":"wp","href":"https:\/\/api.w.org\/{rel}","templated":true}]}}