{"id":1391,"date":"2020-09-29T12:02:43","date_gmt":"2020-09-29T12:02:43","guid":{"rendered":"http:\/\/www.bunkerseguridad.es\/en\/?post_type=product&#038;p=1391"},"modified":"2021-02-09T11:05:36","modified_gmt":"2021-02-09T11:05:36","slug":"pt-tour-perimetrique-de-protection-double-face-360-pour-les-faisceaux-photoelectriques-infrarouges","status":"publish","type":"product","link":"https:\/\/bunkerseguridad.com\/fr\/produit\/pt-tour-perimetrique-de-protection-double-face-360-pour-les-faisceaux-photoelectriques-infrarouges\/","title":{"rendered":"PT &#8211; Tour p\u00e9rim\u00e9trique de protection double face (360\u00b0) pour les faisceaux photo\u00e9lectriques infrarouges"},"content":{"rendered":"<p><strong>Bunker Seguridad<\/strong>, fabricant de syst\u00e8mes de s\u00e9curit\u00e9 p\u00e9rim\u00e9trique, pr\u00e9sente un mod\u00e8le de tour infrarouge pour les capteurs PT et les d\u00e9tecteurs photo\u00e9lectriques de moyenne (zone moyenne) et longue (p\u00e9rim\u00e8tre) port\u00e9e. La particularit\u00e9 de ce mod\u00e8le de tour infrarouge est sa structure principale compos\u00e9e d&rsquo;un profil\u00e9 en aluminium, qui permet de fixer un \u00e9metteur et\/ou un r\u00e9cepteur (Tx\/Rx) des photo-faisceaux infrarouges \u00e0 la m\u00eame hauteur avec la possibilit\u00e9 d&rsquo;orienter le photo-faisceau IR dans deux directions diff\u00e9rentes avec une port\u00e9e de protection de 360\u00ba.<\/p>\n<p>\u00c9tant donn\u00e9 que Bunker fabrique une large gamme de produits p\u00e9rim\u00e9triques, tels que Garden Guard (MALTA, CAV et CAV-W), destin\u00e9s uniquement aux zones r\u00e9sidentielles, nous faisons r\u00e9f\u00e9rence \u00e0 la tour infrarouge PT avec l&rsquo;adjectif \u00ab\u00a0industrielle\u00a0\u00bb, m\u00eame si, dans des situations r\u00e9elles, les tours IR MB (180\u00ba) et les tours de s\u00e9curit\u00e9 PT sont tr\u00e8s souvent install\u00e9es dans des zones r\u00e9sidentielles et qu&rsquo;elles int\u00e8grent parfaitement leur design \u00e9l\u00e9gant dans l&rsquo;environnement, m\u00eame en utilisant les accessoires PT-LUX et PT-CCTV (le premier transforme la tour de s\u00e9curit\u00e9 p\u00e9rim\u00e9trique en lampe car des ampoules \u00e0 faible consommation peuvent y \u00eatre fix\u00e9es. Quant \u00e0 la PT-CCTV, elle permet d&rsquo;int\u00e9grer \u00e0 l&rsquo;int\u00e9rieur de la tour infrarouge (AIR) jusqu&rsquo;\u00e0 deux cam\u00e9ras CCTV, ce qui rend la solution tr\u00e8s compacte et propre. Veuillez consulter le paragraphe \u00ab\u00a0Accessoires\u00a0\u00bb pour plus d&rsquo;informations.<\/p>\n<p><strong>Caract\u00e9ristiques :<\/strong><\/p>\n<ul>\n<li>Deux profils en polycarbonate noir qui laissent passer les rayons infrarouges, \u00e9mis par le faisceau photo\u00e9lectrique.<\/li>\n<li>Un profil\u00e9 en aluminium anodis\u00e9 noir qui fait partie de la structure de la tour IR.<\/li>\n<li>Un sabot anti-sabotage \u00e0 fixer sur la partie sup\u00e9rieure de la tour IR et \u00e0 \u00e9viter ainsi une \u00e9ventuelle manipulation du syst\u00e8me de s\u00e9curit\u00e9 du p\u00e9rim\u00e8tre en mettant hors service une cellule photo\u00e9lectrique ou m\u00eame en annulant un rayon photo\u00e9lectrique infrarouge.<\/li>\n<li>Kit d&rsquo;installation : il est compos\u00e9 de vis inoxydables, utilis\u00e9es pour fixer une tour infrarouge au sol, pour fixer des faisceaux de photos infrarouges \u00e0 la partie principale de la tour de s\u00e9curit\u00e9, etc.<\/li>\n<\/ul>\n<p>En outre, le mod\u00e8le de tour infrarouge de 3 m de haut (PT300), fabriqu\u00e9 par Bunker Seguridad, est \u00e9quip\u00e9 de supports lat\u00e9raux MB3SB de 70 cm. Celles-ci donnent plus de stabilit\u00e9 aux faisceaux de photos infrarouges plac\u00e9s \u00e0 l&rsquo;int\u00e9rieur, mais aussi plus de rigidit\u00e9 \u00e0 la tour \u00e9lectrique, ce qui a un effet sur le syst\u00e8me de s\u00e9curit\u00e9 du p\u00e9rim\u00e8tre avec moins d&rsquo;alarmes ind\u00e9sirables.<\/p>\n<p>&nbsp;<\/p>\n","protected":false},"excerpt":{"rendered":"<p><strong>La tour \u00e0 faisceau infrarouge PT double face (360\u00ba) est une solution id\u00e9ale pour prot\u00e9ger les p\u00e9rim\u00e8tres en conservant la m\u00eame ligne ou hauteur infrarouge<\/strong> (pour les longues distances) ou deux directions diff\u00e9rentes. Comme elles peuvent \u00eatre fix\u00e9es dos \u00e0 dos, la continuit\u00e9 est assur\u00e9e sans avoir \u00e0 faire face \u00e0 des hauteurs diff\u00e9rentes, ce qui est le cas des tours infrarouges unilat\u00e9rales (180\u00b0).<\/p>\n<p>Inclusion d&rsquo;une protection contre l&rsquo;ouverture.<\/p>\n","protected":false},"featured_media":1410,"template":"","meta":{"_et_pb_use_builder":"","_et_pb_old_content":"","_et_gb_content_width":""},"pwb-brand":[198],"product_brand":[],"product_cat":[41,50,53],"product_tag":[366,65,67,356,68,64,63,69,71],"class_list":{"0":"post-1391","1":"product","2":"type-product","3":"status-publish","4":"has-post-thumbnail","6":"pwb-brand-bunker-seguridad-electronica-s-l","7":"product_cat-detection-intrusion-perimetrique","8":"product_cat-colonnes-perimetriques","9":"product_cat-colonnes-industriel","10":"product_tag-1-5m","11":"product_tag-1m","12":"product_tag-2m","13":"product_tag-360o","14":"product_tag-3m","15":"product_tag-50cm","16":"product_tag-double-face","17":"product_tag-installation-au-sol","18":"product_tag-tour-industrielle","20":"first","21":"instock","22":"shipping-taxable","23":"product-type-simple"},"yoast_head":"<!-- This site is optimized with the Yoast SEO plugin v25.2 - https:\/\/yoast.com\/wordpress\/plugins\/seo\/ -->\n<title>PT - Tour p\u00e9rim\u00e9trique de protection double face (360\u00b0) pour les faisceaux photo\u00e9lectriques infrarouges - Bunker Seguridad<\/title>\n<meta name=\"description\" content=\"Double-sided (360\u00ba) PT infrared beam tower is an ideal solution to protect perimeters for long distances or two different directions.\" \/>\n<meta name=\"robots\" content=\"noindex, follow, max-snippet:-1, max-image-preview:large, max-video-preview:-1\" \/>\n<meta property=\"og:locale\" content=\"fr_FR\" \/>\n<meta property=\"og:type\" content=\"article\" \/>\n<meta property=\"og:title\" content=\"PT - Tour p\u00e9rim\u00e9trique de protection double face (360\u00b0) pour les faisceaux photo\u00e9lectriques infrarouges - Bunker Seguridad\" \/>\n<meta property=\"og:description\" content=\"Double-sided (360\u00ba) PT infrared beam tower is an ideal solution to protect perimeters for long distances or two different directions.\" \/>\n<meta property=\"og:url\" content=\"https:\/\/bunkerseguridad.com\/fr\/produit\/pt-tour-perimetrique-de-protection-double-face-360-pour-les-faisceaux-photoelectriques-infrarouges\/\" \/>\n<meta property=\"og:site_name\" content=\"Bunker Seguridad\" \/>\n<meta property=\"article:modified_time\" content=\"2021-02-09T11:05:36+00:00\" \/>\n<meta property=\"og:image\" content=\"https:\/\/bunkerseguridad.com\/fr\/wp-content\/uploads\/2020\/09\/Perimeter-Security-Beam-Tower-1.jpg\" \/>\n\t<meta property=\"og:image:width\" content=\"1200\" \/>\n\t<meta property=\"og:image:height\" content=\"1200\" \/>\n\t<meta property=\"og:image:type\" content=\"image\/jpeg\" \/>\n<meta name=\"twitter:card\" content=\"summary_large_image\" \/>\n<meta name=\"twitter:label1\" content=\"Dur\u00e9e de lecture estim\u00e9e\" \/>\n\t<meta name=\"twitter:data1\" content=\"2 minutes\" \/>\n<script type=\"application\/ld+json\" class=\"yoast-schema-graph\">{\"@context\":\"https:\/\/schema.org\",\"@graph\":[{\"@type\":\"WebPage\",\"@id\":\"https:\/\/bunkerseguridad.com\/fr\/produit\/pt-tour-perimetrique-de-protection-double-face-360-pour-les-faisceaux-photoelectriques-infrarouges\/\",\"url\":\"https:\/\/bunkerseguridad.com\/fr\/produit\/pt-tour-perimetrique-de-protection-double-face-360-pour-les-faisceaux-photoelectriques-infrarouges\/\",\"name\":\"PT - Tour p\u00e9rim\u00e9trique de protection double face (360\u00b0) pour les faisceaux photo\u00e9lectriques infrarouges - Bunker Seguridad\",\"isPartOf\":{\"@id\":\"https:\/\/bunkerseguridad.com\/fr\/#website\"},\"primaryImageOfPage\":{\"@id\":\"https:\/\/bunkerseguridad.com\/fr\/produit\/pt-tour-perimetrique-de-protection-double-face-360-pour-les-faisceaux-photoelectriques-infrarouges\/#primaryimage\"},\"image\":{\"@id\":\"https:\/\/bunkerseguridad.com\/fr\/produit\/pt-tour-perimetrique-de-protection-double-face-360-pour-les-faisceaux-photoelectriques-infrarouges\/#primaryimage\"},\"thumbnailUrl\":\"https:\/\/bunkerseguridad.com\/fr\/wp-content\/uploads\/2020\/09\/Perimeter-Security-Beam-Tower-1.jpg\",\"datePublished\":\"2020-09-29T12:02:43+00:00\",\"dateModified\":\"2021-02-09T11:05:36+00:00\",\"description\":\"Double-sided (360\u00ba) PT infrared beam tower is an ideal solution to protect perimeters for long distances or two different directions.\",\"breadcrumb\":{\"@id\":\"https:\/\/bunkerseguridad.com\/fr\/produit\/pt-tour-perimetrique-de-protection-double-face-360-pour-les-faisceaux-photoelectriques-infrarouges\/#breadcrumb\"},\"inLanguage\":\"fr-FR\",\"potentialAction\":[{\"@type\":\"ReadAction\",\"target\":[\"https:\/\/bunkerseguridad.com\/fr\/produit\/pt-tour-perimetrique-de-protection-double-face-360-pour-les-faisceaux-photoelectriques-infrarouges\/\"]}]},{\"@type\":\"ImageObject\",\"inLanguage\":\"fr-FR\",\"@id\":\"https:\/\/bunkerseguridad.com\/fr\/produit\/pt-tour-perimetrique-de-protection-double-face-360-pour-les-faisceaux-photoelectriques-infrarouges\/#primaryimage\",\"url\":\"https:\/\/bunkerseguridad.com\/fr\/wp-content\/uploads\/2020\/09\/Perimeter-Security-Beam-Tower-1.jpg\",\"contentUrl\":\"https:\/\/bunkerseguridad.com\/fr\/wp-content\/uploads\/2020\/09\/Perimeter-Security-Beam-Tower-1.jpg\",\"width\":1200,\"height\":1200,\"caption\":\"PT - Double-sided protection perimeter tower (360\u00b0) for infrared photoelectric beams\"},{\"@type\":\"BreadcrumbList\",\"@id\":\"https:\/\/bunkerseguridad.com\/fr\/produit\/pt-tour-perimetrique-de-protection-double-face-360-pour-les-faisceaux-photoelectriques-infrarouges\/#breadcrumb\",\"itemListElement\":[{\"@type\":\"ListItem\",\"position\":1,\"name\":\"Home\",\"item\":\"https:\/\/bunkerseguridad.com\/fr\/\"},{\"@type\":\"ListItem\",\"position\":2,\"name\":\"Shop\",\"item\":\"https:\/\/bunkerseguridad.com\/fr\/shop\/\"},{\"@type\":\"ListItem\",\"position\":3,\"name\":\"PT &#8211; Tour p\u00e9rim\u00e9trique de protection double face (360\u00b0) pour les faisceaux photo\u00e9lectriques infrarouges\"}]},{\"@type\":\"WebSite\",\"@id\":\"https:\/\/bunkerseguridad.com\/fr\/#website\",\"url\":\"https:\/\/bunkerseguridad.com\/fr\/\",\"name\":\"Bunker Seguridad\",\"description\":\"Otro sitio realizado con WordPress\",\"potentialAction\":[{\"@type\":\"SearchAction\",\"target\":{\"@type\":\"EntryPoint\",\"urlTemplate\":\"https:\/\/bunkerseguridad.com\/fr\/?s={search_term_string}\"},\"query-input\":{\"@type\":\"PropertyValueSpecification\",\"valueRequired\":true,\"valueName\":\"search_term_string\"}}],\"inLanguage\":\"fr-FR\"}]}<\/script>\n<!-- \/ Yoast SEO plugin. -->","yoast_head_json":{"title":"PT - Tour p\u00e9rim\u00e9trique de protection double face (360\u00b0) pour les faisceaux photo\u00e9lectriques infrarouges - Bunker Seguridad","description":"Double-sided (360\u00ba) PT infrared beam tower is an ideal solution to protect perimeters for long distances or two different directions.","robots":{"index":"noindex","follow":"follow","max-snippet":"max-snippet:-1","max-image-preview":"max-image-preview:large","max-video-preview":"max-video-preview:-1"},"og_locale":"fr_FR","og_type":"article","og_title":"PT - Tour p\u00e9rim\u00e9trique de protection double face (360\u00b0) pour les faisceaux photo\u00e9lectriques infrarouges - Bunker Seguridad","og_description":"Double-sided (360\u00ba) PT infrared beam tower is an ideal solution to protect perimeters for long distances or two different directions.","og_url":"https:\/\/bunkerseguridad.com\/fr\/produit\/pt-tour-perimetrique-de-protection-double-face-360-pour-les-faisceaux-photoelectriques-infrarouges\/","og_site_name":"Bunker Seguridad","article_modified_time":"2021-02-09T11:05:36+00:00","og_image":[{"width":1200,"height":1200,"url":"https:\/\/bunkerseguridad.com\/fr\/wp-content\/uploads\/2020\/09\/Perimeter-Security-Beam-Tower-1.jpg","type":"image\/jpeg"}],"twitter_card":"summary_large_image","twitter_misc":{"Dur\u00e9e de lecture estim\u00e9e":"2 minutes"},"schema":{"@context":"https:\/\/schema.org","@graph":[{"@type":"WebPage","@id":"https:\/\/bunkerseguridad.com\/fr\/produit\/pt-tour-perimetrique-de-protection-double-face-360-pour-les-faisceaux-photoelectriques-infrarouges\/","url":"https:\/\/bunkerseguridad.com\/fr\/produit\/pt-tour-perimetrique-de-protection-double-face-360-pour-les-faisceaux-photoelectriques-infrarouges\/","name":"PT - Tour p\u00e9rim\u00e9trique de protection double face (360\u00b0) pour les faisceaux photo\u00e9lectriques infrarouges - Bunker Seguridad","isPartOf":{"@id":"https:\/\/bunkerseguridad.com\/fr\/#website"},"primaryImageOfPage":{"@id":"https:\/\/bunkerseguridad.com\/fr\/produit\/pt-tour-perimetrique-de-protection-double-face-360-pour-les-faisceaux-photoelectriques-infrarouges\/#primaryimage"},"image":{"@id":"https:\/\/bunkerseguridad.com\/fr\/produit\/pt-tour-perimetrique-de-protection-double-face-360-pour-les-faisceaux-photoelectriques-infrarouges\/#primaryimage"},"thumbnailUrl":"https:\/\/bunkerseguridad.com\/fr\/wp-content\/uploads\/2020\/09\/Perimeter-Security-Beam-Tower-1.jpg","datePublished":"2020-09-29T12:02:43+00:00","dateModified":"2021-02-09T11:05:36+00:00","description":"Double-sided (360\u00ba) PT infrared beam tower is an ideal solution to protect perimeters for long distances or two different directions.","breadcrumb":{"@id":"https:\/\/bunkerseguridad.com\/fr\/produit\/pt-tour-perimetrique-de-protection-double-face-360-pour-les-faisceaux-photoelectriques-infrarouges\/#breadcrumb"},"inLanguage":"fr-FR","potentialAction":[{"@type":"ReadAction","target":["https:\/\/bunkerseguridad.com\/fr\/produit\/pt-tour-perimetrique-de-protection-double-face-360-pour-les-faisceaux-photoelectriques-infrarouges\/"]}]},{"@type":"ImageObject","inLanguage":"fr-FR","@id":"https:\/\/bunkerseguridad.com\/fr\/produit\/pt-tour-perimetrique-de-protection-double-face-360-pour-les-faisceaux-photoelectriques-infrarouges\/#primaryimage","url":"https:\/\/bunkerseguridad.com\/fr\/wp-content\/uploads\/2020\/09\/Perimeter-Security-Beam-Tower-1.jpg","contentUrl":"https:\/\/bunkerseguridad.com\/fr\/wp-content\/uploads\/2020\/09\/Perimeter-Security-Beam-Tower-1.jpg","width":1200,"height":1200,"caption":"PT - Double-sided protection perimeter tower (360\u00b0) for infrared photoelectric beams"},{"@type":"BreadcrumbList","@id":"https:\/\/bunkerseguridad.com\/fr\/produit\/pt-tour-perimetrique-de-protection-double-face-360-pour-les-faisceaux-photoelectriques-infrarouges\/#breadcrumb","itemListElement":[{"@type":"ListItem","position":1,"name":"Home","item":"https:\/\/bunkerseguridad.com\/fr\/"},{"@type":"ListItem","position":2,"name":"Shop","item":"https:\/\/bunkerseguridad.com\/fr\/shop\/"},{"@type":"ListItem","position":3,"name":"PT &#8211; Tour p\u00e9rim\u00e9trique de protection double face (360\u00b0) pour les faisceaux photo\u00e9lectriques infrarouges"}]},{"@type":"WebSite","@id":"https:\/\/bunkerseguridad.com\/fr\/#website","url":"https:\/\/bunkerseguridad.com\/fr\/","name":"Bunker Seguridad","description":"Otro sitio realizado con WordPress","potentialAction":[{"@type":"SearchAction","target":{"@type":"EntryPoint","urlTemplate":"https:\/\/bunkerseguridad.com\/fr\/?s={search_term_string}"},"query-input":{"@type":"PropertyValueSpecification","valueRequired":true,"valueName":"search_term_string"}}],"inLanguage":"fr-FR"}]}},"brands":[{"id":198,"name":"Bunker Seguridad","slug":"bunker-seguridad-electronica-s-l"}],"_links":{"self":[{"href":"https:\/\/bunkerseguridad.com\/fr\/wp-json\/wp\/v2\/product\/1391","targetHints":{"allow":["GET"]}}],"collection":[{"href":"https:\/\/bunkerseguridad.com\/fr\/wp-json\/wp\/v2\/product"}],"about":[{"href":"https:\/\/bunkerseguridad.com\/fr\/wp-json\/wp\/v2\/types\/product"}],"wp:featuredmedia":[{"embeddable":true,"href":"https:\/\/bunkerseguridad.com\/fr\/wp-json\/wp\/v2\/media\/1410"}],"wp:attachment":[{"href":"https:\/\/bunkerseguridad.com\/fr\/wp-json\/wp\/v2\/media?parent=1391"}],"wp:term":[{"taxonomy":"pwb-brand","embeddable":true,"href":"https:\/\/bunkerseguridad.com\/fr\/wp-json\/wp\/v2\/pwb-brand?post=1391"},{"taxonomy":"product_brand","embeddable":true,"href":"https:\/\/bunkerseguridad.com\/fr\/wp-json\/wp\/v2\/product_brand?post=1391"},{"taxonomy":"product_cat","embeddable":true,"href":"https:\/\/bunkerseguridad.com\/fr\/wp-json\/wp\/v2\/product_cat?post=1391"},{"taxonomy":"product_tag","embeddable":true,"href":"https:\/\/bunkerseguridad.com\/fr\/wp-json\/wp\/v2\/product_tag?post=1391"}],"curies":[{"name":"wp","href":"https:\/\/api.w.org\/{rel}","templated":true}]}}