{"id":1328,"date":"2020-09-29T08:13:13","date_gmt":"2020-09-29T08:13:13","guid":{"rendered":"http:\/\/www.bunkerseguridad.es\/en\/?post_type=product&#038;p=1328"},"modified":"2021-03-11T12:28:57","modified_gmt":"2021-03-11T12:28:57","slug":"tsr-ind2-analyse-video-pour-de-courtes-distances","status":"publish","type":"product","link":"https:\/\/bunkerseguridad.com\/fr\/produit\/tsr-ind2-analyse-video-pour-de-courtes-distances\/","title":{"rendered":"TSR-IND2 Analyse vid\u00e9o pour de courtes distances"},"content":{"rendered":"<p>Analyse vid\u00e9o pour la protection p\u00e9rim\u00e9trique \u00e0 courte distance fournie dans un mat\u00e9riel compact au format industriel.<\/p>\n<p>La r\u00e9solution de l&rsquo;analyse est optimis\u00e9e pour fonctionner au format CIF.<\/p>\n<p>Il comprend 2 licences TSR-LIC et prend en charge jusqu&rsquo;\u00e0 16 licences de ce type<\/p>\n","protected":false},"excerpt":{"rendered":"<p>Analyse vid\u00e9o<strong> pour la protection p\u00e9rim\u00e9trique \u00e0 courte distance fournie dans un mat\u00e9riel compact au format industriel.<\/strong><\/p>\n","protected":false},"featured_media":3965,"template":"","meta":{"_et_pb_use_builder":"","_et_pb_old_content":"","_et_gb_content_width":""},"pwb-brand":[205],"product_brand":[],"product_cat":[27,30,225],"product_tag":[110,113],"class_list":{"0":"post-1328","1":"product","2":"type-product","3":"status-publish","4":"has-post-thumbnail","6":"pwb-brand-tempos-analytics","7":"product_cat-solutions-analyse-video","8":"product_cat-protection-intelligente-du-perimetre","9":"product_cat-ind-family-vida","10":"product_tag-cif-resolution","11":"product_tag-courtes-distances","13":"first","14":"instock","15":"shipping-taxable","16":"product-type-simple"},"yoast_head":"<!-- This site is optimized with the Yoast SEO plugin v25.2 - https:\/\/yoast.com\/wordpress\/plugins\/seo\/ -->\n<title>TSR-IND2 Analyse vid\u00e9o pour de courtes distances - Bunker Seguridad<\/title>\n<meta name=\"description\" content=\"TSR-IND2 Analyse vid\u00e9o pour la protection p\u00e9rim\u00e9trique de courtes distances. empos Analytics. Famille Vida.\" \/>\n<meta name=\"robots\" content=\"noindex, follow, max-snippet:-1, max-image-preview:large, max-video-preview:-1\" \/>\n<meta property=\"og:locale\" content=\"fr_FR\" \/>\n<meta property=\"og:type\" content=\"article\" \/>\n<meta property=\"og:title\" content=\"TSR-IND2 Analyse vid\u00e9o pour de courtes distances - Bunker Seguridad\" \/>\n<meta property=\"og:description\" content=\"TSR-IND2 Analyse vid\u00e9o pour la protection p\u00e9rim\u00e9trique de courtes distances. empos Analytics. Famille Vida.\" \/>\n<meta property=\"og:url\" content=\"https:\/\/bunkerseguridad.com\/fr\/produit\/tsr-ind2-analyse-video-pour-de-courtes-distances\/\" \/>\n<meta property=\"og:site_name\" content=\"Bunker Seguridad\" \/>\n<meta property=\"article:modified_time\" content=\"2021-03-11T12:28:57+00:00\" \/>\n<meta property=\"og:image\" content=\"https:\/\/bunkerseguridad.com\/fr\/wp-content\/uploads\/2020\/11\/Ind-Family-Vida-Video-analytics-in-industrial-hw.jpg\" \/>\n\t<meta property=\"og:image:width\" content=\"1200\" \/>\n\t<meta property=\"og:image:height\" content=\"1200\" \/>\n\t<meta property=\"og:image:type\" content=\"image\/jpeg\" \/>\n<meta name=\"twitter:card\" content=\"summary_large_image\" \/>\n<meta name=\"twitter:label1\" content=\"Dur\u00e9e de lecture estim\u00e9e\" \/>\n\t<meta name=\"twitter:data1\" content=\"1 minute\" \/>\n<script type=\"application\/ld+json\" class=\"yoast-schema-graph\">{\"@context\":\"https:\/\/schema.org\",\"@graph\":[{\"@type\":\"WebPage\",\"@id\":\"https:\/\/bunkerseguridad.com\/fr\/produit\/tsr-ind2-analyse-video-pour-de-courtes-distances\/\",\"url\":\"https:\/\/bunkerseguridad.com\/fr\/produit\/tsr-ind2-analyse-video-pour-de-courtes-distances\/\",\"name\":\"TSR-IND2 Analyse vid\u00e9o pour de courtes distances - Bunker Seguridad\",\"isPartOf\":{\"@id\":\"https:\/\/bunkerseguridad.com\/fr\/#website\"},\"primaryImageOfPage\":{\"@id\":\"https:\/\/bunkerseguridad.com\/fr\/produit\/tsr-ind2-analyse-video-pour-de-courtes-distances\/#primaryimage\"},\"image\":{\"@id\":\"https:\/\/bunkerseguridad.com\/fr\/produit\/tsr-ind2-analyse-video-pour-de-courtes-distances\/#primaryimage\"},\"thumbnailUrl\":\"https:\/\/bunkerseguridad.com\/fr\/wp-content\/uploads\/2020\/11\/Ind-Family-Vida-Video-analytics-in-industrial-hw.jpg\",\"datePublished\":\"2020-09-29T08:13:13+00:00\",\"dateModified\":\"2021-03-11T12:28:57+00:00\",\"description\":\"TSR-IND2 Analyse vid\u00e9o pour la protection p\u00e9rim\u00e9trique de courtes distances. empos Analytics. Famille Vida.\",\"breadcrumb\":{\"@id\":\"https:\/\/bunkerseguridad.com\/fr\/produit\/tsr-ind2-analyse-video-pour-de-courtes-distances\/#breadcrumb\"},\"inLanguage\":\"fr-FR\",\"potentialAction\":[{\"@type\":\"ReadAction\",\"target\":[\"https:\/\/bunkerseguridad.com\/fr\/produit\/tsr-ind2-analyse-video-pour-de-courtes-distances\/\"]}]},{\"@type\":\"ImageObject\",\"inLanguage\":\"fr-FR\",\"@id\":\"https:\/\/bunkerseguridad.com\/fr\/produit\/tsr-ind2-analyse-video-pour-de-courtes-distances\/#primaryimage\",\"url\":\"https:\/\/bunkerseguridad.com\/fr\/wp-content\/uploads\/2020\/11\/Ind-Family-Vida-Video-analytics-in-industrial-hw.jpg\",\"contentUrl\":\"https:\/\/bunkerseguridad.com\/fr\/wp-content\/uploads\/2020\/11\/Ind-Family-Vida-Video-analytics-in-industrial-hw.jpg\",\"width\":1200,\"height\":1200,\"caption\":\"S\u00e9rie IND Family-Vida\"},{\"@type\":\"BreadcrumbList\",\"@id\":\"https:\/\/bunkerseguridad.com\/fr\/produit\/tsr-ind2-analyse-video-pour-de-courtes-distances\/#breadcrumb\",\"itemListElement\":[{\"@type\":\"ListItem\",\"position\":1,\"name\":\"Home\",\"item\":\"https:\/\/bunkerseguridad.com\/fr\/\"},{\"@type\":\"ListItem\",\"position\":2,\"name\":\"Shop\",\"item\":\"https:\/\/bunkerseguridad.com\/fr\/shop\/\"},{\"@type\":\"ListItem\",\"position\":3,\"name\":\"TSR-IND2 Analyse vid\u00e9o pour de courtes distances\"}]},{\"@type\":\"WebSite\",\"@id\":\"https:\/\/bunkerseguridad.com\/fr\/#website\",\"url\":\"https:\/\/bunkerseguridad.com\/fr\/\",\"name\":\"Bunker Seguridad\",\"description\":\"Otro sitio realizado con WordPress\",\"potentialAction\":[{\"@type\":\"SearchAction\",\"target\":{\"@type\":\"EntryPoint\",\"urlTemplate\":\"https:\/\/bunkerseguridad.com\/fr\/?s={search_term_string}\"},\"query-input\":{\"@type\":\"PropertyValueSpecification\",\"valueRequired\":true,\"valueName\":\"search_term_string\"}}],\"inLanguage\":\"fr-FR\"}]}<\/script>\n<!-- \/ Yoast SEO plugin. -->","yoast_head_json":{"title":"TSR-IND2 Analyse vid\u00e9o pour de courtes distances - Bunker Seguridad","description":"TSR-IND2 Analyse vid\u00e9o pour la protection p\u00e9rim\u00e9trique de courtes distances. empos Analytics. Famille Vida.","robots":{"index":"noindex","follow":"follow","max-snippet":"max-snippet:-1","max-image-preview":"max-image-preview:large","max-video-preview":"max-video-preview:-1"},"og_locale":"fr_FR","og_type":"article","og_title":"TSR-IND2 Analyse vid\u00e9o pour de courtes distances - Bunker Seguridad","og_description":"TSR-IND2 Analyse vid\u00e9o pour la protection p\u00e9rim\u00e9trique de courtes distances. empos Analytics. Famille Vida.","og_url":"https:\/\/bunkerseguridad.com\/fr\/produit\/tsr-ind2-analyse-video-pour-de-courtes-distances\/","og_site_name":"Bunker Seguridad","article_modified_time":"2021-03-11T12:28:57+00:00","og_image":[{"width":1200,"height":1200,"url":"https:\/\/bunkerseguridad.com\/fr\/wp-content\/uploads\/2020\/11\/Ind-Family-Vida-Video-analytics-in-industrial-hw.jpg","type":"image\/jpeg"}],"twitter_card":"summary_large_image","twitter_misc":{"Dur\u00e9e de lecture estim\u00e9e":"1 minute"},"schema":{"@context":"https:\/\/schema.org","@graph":[{"@type":"WebPage","@id":"https:\/\/bunkerseguridad.com\/fr\/produit\/tsr-ind2-analyse-video-pour-de-courtes-distances\/","url":"https:\/\/bunkerseguridad.com\/fr\/produit\/tsr-ind2-analyse-video-pour-de-courtes-distances\/","name":"TSR-IND2 Analyse vid\u00e9o pour de courtes distances - Bunker Seguridad","isPartOf":{"@id":"https:\/\/bunkerseguridad.com\/fr\/#website"},"primaryImageOfPage":{"@id":"https:\/\/bunkerseguridad.com\/fr\/produit\/tsr-ind2-analyse-video-pour-de-courtes-distances\/#primaryimage"},"image":{"@id":"https:\/\/bunkerseguridad.com\/fr\/produit\/tsr-ind2-analyse-video-pour-de-courtes-distances\/#primaryimage"},"thumbnailUrl":"https:\/\/bunkerseguridad.com\/fr\/wp-content\/uploads\/2020\/11\/Ind-Family-Vida-Video-analytics-in-industrial-hw.jpg","datePublished":"2020-09-29T08:13:13+00:00","dateModified":"2021-03-11T12:28:57+00:00","description":"TSR-IND2 Analyse vid\u00e9o pour la protection p\u00e9rim\u00e9trique de courtes distances. empos Analytics. Famille Vida.","breadcrumb":{"@id":"https:\/\/bunkerseguridad.com\/fr\/produit\/tsr-ind2-analyse-video-pour-de-courtes-distances\/#breadcrumb"},"inLanguage":"fr-FR","potentialAction":[{"@type":"ReadAction","target":["https:\/\/bunkerseguridad.com\/fr\/produit\/tsr-ind2-analyse-video-pour-de-courtes-distances\/"]}]},{"@type":"ImageObject","inLanguage":"fr-FR","@id":"https:\/\/bunkerseguridad.com\/fr\/produit\/tsr-ind2-analyse-video-pour-de-courtes-distances\/#primaryimage","url":"https:\/\/bunkerseguridad.com\/fr\/wp-content\/uploads\/2020\/11\/Ind-Family-Vida-Video-analytics-in-industrial-hw.jpg","contentUrl":"https:\/\/bunkerseguridad.com\/fr\/wp-content\/uploads\/2020\/11\/Ind-Family-Vida-Video-analytics-in-industrial-hw.jpg","width":1200,"height":1200,"caption":"S\u00e9rie IND Family-Vida"},{"@type":"BreadcrumbList","@id":"https:\/\/bunkerseguridad.com\/fr\/produit\/tsr-ind2-analyse-video-pour-de-courtes-distances\/#breadcrumb","itemListElement":[{"@type":"ListItem","position":1,"name":"Home","item":"https:\/\/bunkerseguridad.com\/fr\/"},{"@type":"ListItem","position":2,"name":"Shop","item":"https:\/\/bunkerseguridad.com\/fr\/shop\/"},{"@type":"ListItem","position":3,"name":"TSR-IND2 Analyse vid\u00e9o pour de courtes distances"}]},{"@type":"WebSite","@id":"https:\/\/bunkerseguridad.com\/fr\/#website","url":"https:\/\/bunkerseguridad.com\/fr\/","name":"Bunker Seguridad","description":"Otro sitio realizado con WordPress","potentialAction":[{"@type":"SearchAction","target":{"@type":"EntryPoint","urlTemplate":"https:\/\/bunkerseguridad.com\/fr\/?s={search_term_string}"},"query-input":{"@type":"PropertyValueSpecification","valueRequired":true,"valueName":"search_term_string"}}],"inLanguage":"fr-FR"}]}},"brands":[{"id":205,"name":"Tempos Analytics","slug":"tempos-analytics"}],"_links":{"self":[{"href":"https:\/\/bunkerseguridad.com\/fr\/wp-json\/wp\/v2\/product\/1328","targetHints":{"allow":["GET"]}}],"collection":[{"href":"https:\/\/bunkerseguridad.com\/fr\/wp-json\/wp\/v2\/product"}],"about":[{"href":"https:\/\/bunkerseguridad.com\/fr\/wp-json\/wp\/v2\/types\/product"}],"wp:featuredmedia":[{"embeddable":true,"href":"https:\/\/bunkerseguridad.com\/fr\/wp-json\/wp\/v2\/media\/3965"}],"wp:attachment":[{"href":"https:\/\/bunkerseguridad.com\/fr\/wp-json\/wp\/v2\/media?parent=1328"}],"wp:term":[{"taxonomy":"pwb-brand","embeddable":true,"href":"https:\/\/bunkerseguridad.com\/fr\/wp-json\/wp\/v2\/pwb-brand?post=1328"},{"taxonomy":"product_brand","embeddable":true,"href":"https:\/\/bunkerseguridad.com\/fr\/wp-json\/wp\/v2\/product_brand?post=1328"},{"taxonomy":"product_cat","embeddable":true,"href":"https:\/\/bunkerseguridad.com\/fr\/wp-json\/wp\/v2\/product_cat?post=1328"},{"taxonomy":"product_tag","embeddable":true,"href":"https:\/\/bunkerseguridad.com\/fr\/wp-json\/wp\/v2\/product_tag?post=1328"}],"curies":[{"name":"wp","href":"https:\/\/api.w.org\/{rel}","templated":true}]}}