{"id":1022,"date":"2020-09-25T10:28:48","date_gmt":"2020-09-25T10:28:48","guid":{"rendered":"http:\/\/www.bunkerseguridad.es\/en\/?post_type=product&#038;p=1022"},"modified":"2021-03-05T08:57:18","modified_gmt":"2021-03-05T08:57:18","slug":"eecf1-ls1-t-mn-b","status":"publish","type":"product","link":"https:\/\/bunkerseguridad.com\/fr\/produit\/eecf1-ls1-t-mn-b\/","title":{"rendered":"EECF1-LS1-T-MN-B"},"content":{"rendered":"<p><strong>Le KBC EECF1-LS1-T-MN-B est un transmetteur Ethernet sur coaxial enti\u00e8rement durci.<\/strong> Ce transmetteur offre une connectivit\u00e9 pour un port en cuivre \u00e0 paires torsad\u00e9es 10\/100 Mbps conforme aux Standards IEEE sur un c\u00e2ble coaxial de 75 ohms. L&rsquo;alimentation est fournie par l&rsquo;un des r\u00e9cepteurs de t\u00eate de r\u00e9seau, EECF16-GN3-R, EECF8-GN3-R, EECF4-DN1-R, ou EECF1-LN1-R Ethernet over coax switch, via le c\u00e2ble coaxial par la technologie Power over Coax (PoC). Cet \u00e9metteur offre une prise en charge PoE\/PoE+. Diff\u00e9rents d\u00e9bits de donn\u00e9es sont pris en charge en fonction de la distance et de la qualit\u00e9 du c\u00e2ble. La conception plug-and-play assure une installation facile sans aucun r\u00e9glage \u00e9lectrique. Des voyants DEL sont fournis pour indiquer clairement l&rsquo;\u00e9tat de fonctionnement de l&rsquo;unit\u00e9. La taille de l&rsquo;\u00e9metteur est adapt\u00e9e \u00e0 un montage \u00e0 l&rsquo;int\u00e9rieur d&rsquo;un bo\u00eetier de cam\u00e9ra et dans les endroits o\u00f9 l&rsquo;espace est minimal.<\/p>\n<p><strong>Caract\u00e9ristiques:<\/strong><\/p>\n<p>conforme \u00e0 la norme 3af\/802.3at<br \/>\nPoE+ (30W) et Power over Coax<br \/>\nD\u00e9bit de donn\u00e9es coaxial &gt;50Mbps (300m) bas\u00e9 sur la qualit\u00e9 coaxiale<br \/>\nLe PoE+ est pris en charge jusqu&rsquo;\u00e0 300 m en fonction de la qualit\u00e9 du c\u00e2ble coaxial et de la tension appliqu\u00e9e \u00e0 la t\u00eate de r\u00e9seau<br \/>\nAliment\u00e9 par le PoC de Headend : EECF16-GN3-R, EECF8-GN3-R, EECF4-DN1-R, ou EECF1-LN1-R<br \/>\nConception compl\u00e8te de la protection, y compris la protection contre les surtensions et l&rsquo;\u00e9clairage<br \/>\nConception unique de protection de la transmission du PoC avec 1, 4, 8 et 16 canaux<\/p>\n<p>Certains produits offrent des garanties suppl\u00e9mentaires. <a href=\"https:\/\/bunkerseguridad.com\/fr\/contactez-nous\/\">Consultez-nous!<\/a><\/p>\n","protected":false},"excerpt":{"rendered":"<p><strong>ThruLink\u2122 hardware de capacit\u00e9 standard, \u00e9metteur-r\u00e9cepteur VPN. 15Mbps, firmware TL2, jusqu&rsquo;\u00e0 256-bit AES, Camellia, Blowfish<\/strong>. (1) port LAN, (1) port WAN, montage sur bureau\/mur.<\/p>\n","protected":false},"featured_media":1035,"template":"","meta":{"_et_pb_use_builder":"","_et_pb_old_content":"","_et_gb_content_width":""},"pwb-brand":[206],"product_brand":[],"product_cat":[31,36],"product_tag":[155,165,166,163,147,146],"class_list":{"0":"post-1022","1":"product","2":"type-product","3":"status-publish","4":"has-post-thumbnail","6":"pwb-brand-kbc-networks","7":"product_cat-transmission-des-donnees","8":"product_cat-ecopper-ip-over-utp-coax","9":"product_tag-10-100mbps","10":"product_tag-eoc-poc","11":"product_tag-eou-pow","12":"product_tag-ip-sur-coaxial","13":"product_tag-non-poe","14":"product_tag-poe","16":"first","17":"instock","18":"shipping-taxable","19":"product-type-simple"},"yoast_head":"<!-- This site is optimized with the Yoast SEO plugin v25.2 - https:\/\/yoast.com\/wordpress\/plugins\/seo\/ -->\n<title>EECF1-LS1-T-MN-B - Bunker Seguridad<\/title>\n<meta name=\"description\" content=\"Le KBC est un \u00e9metteur Ethernet sur coaxial enti\u00e8rement robuste. Cet \u00e9metteur fournit la connectivit\u00e9 pour un port cuivre \u00e0 paire torsad\u00e9e.\" \/>\n<meta name=\"robots\" content=\"noindex, follow, max-snippet:-1, max-image-preview:large, max-video-preview:-1\" \/>\n<meta property=\"og:locale\" content=\"fr_FR\" \/>\n<meta property=\"og:type\" content=\"article\" \/>\n<meta property=\"og:title\" content=\"EECF1-LS1-T-MN-B - Bunker Seguridad\" \/>\n<meta property=\"og:description\" content=\"Le KBC est un \u00e9metteur Ethernet sur coaxial enti\u00e8rement robuste. Cet \u00e9metteur fournit la connectivit\u00e9 pour un port cuivre \u00e0 paire torsad\u00e9e.\" \/>\n<meta property=\"og:url\" content=\"https:\/\/bunkerseguridad.com\/fr\/produit\/eecf1-ls1-t-mn-b\/\" \/>\n<meta property=\"og:site_name\" content=\"Bunker Seguridad\" \/>\n<meta property=\"article:modified_time\" content=\"2021-03-05T08:57:18+00:00\" \/>\n<meta property=\"og:image\" content=\"https:\/\/bunkerseguridad.com\/fr\/wp-content\/uploads\/2020\/09\/IP-Over-Coax.png\" \/>\n\t<meta property=\"og:image:width\" content=\"1200\" \/>\n\t<meta property=\"og:image:height\" content=\"1200\" \/>\n\t<meta property=\"og:image:type\" content=\"image\/png\" \/>\n<meta name=\"twitter:card\" content=\"summary_large_image\" \/>\n<meta name=\"twitter:label1\" content=\"Dur\u00e9e de lecture estim\u00e9e\" \/>\n\t<meta name=\"twitter:data1\" content=\"2 minutes\" \/>\n<script type=\"application\/ld+json\" class=\"yoast-schema-graph\">{\"@context\":\"https:\/\/schema.org\",\"@graph\":[{\"@type\":\"WebPage\",\"@id\":\"https:\/\/bunkerseguridad.com\/fr\/produit\/eecf1-ls1-t-mn-b\/\",\"url\":\"https:\/\/bunkerseguridad.com\/fr\/produit\/eecf1-ls1-t-mn-b\/\",\"name\":\"EECF1-LS1-T-MN-B - Bunker Seguridad\",\"isPartOf\":{\"@id\":\"https:\/\/bunkerseguridad.com\/fr\/#website\"},\"primaryImageOfPage\":{\"@id\":\"https:\/\/bunkerseguridad.com\/fr\/produit\/eecf1-ls1-t-mn-b\/#primaryimage\"},\"image\":{\"@id\":\"https:\/\/bunkerseguridad.com\/fr\/produit\/eecf1-ls1-t-mn-b\/#primaryimage\"},\"thumbnailUrl\":\"https:\/\/bunkerseguridad.com\/fr\/wp-content\/uploads\/2020\/09\/IP-Over-Coax.png\",\"datePublished\":\"2020-09-25T10:28:48+00:00\",\"dateModified\":\"2021-03-05T08:57:18+00:00\",\"description\":\"Le KBC est un \u00e9metteur Ethernet sur coaxial enti\u00e8rement robuste. Cet \u00e9metteur fournit la connectivit\u00e9 pour un port cuivre \u00e0 paire torsad\u00e9e.\",\"breadcrumb\":{\"@id\":\"https:\/\/bunkerseguridad.com\/fr\/produit\/eecf1-ls1-t-mn-b\/#breadcrumb\"},\"inLanguage\":\"fr-FR\",\"potentialAction\":[{\"@type\":\"ReadAction\",\"target\":[\"https:\/\/bunkerseguridad.com\/fr\/produit\/eecf1-ls1-t-mn-b\/\"]}]},{\"@type\":\"ImageObject\",\"inLanguage\":\"fr-FR\",\"@id\":\"https:\/\/bunkerseguridad.com\/fr\/produit\/eecf1-ls1-t-mn-b\/#primaryimage\",\"url\":\"https:\/\/bunkerseguridad.com\/fr\/wp-content\/uploads\/2020\/09\/IP-Over-Coax.png\",\"contentUrl\":\"https:\/\/bunkerseguridad.com\/fr\/wp-content\/uploads\/2020\/09\/IP-Over-Coax.png\",\"width\":1200,\"height\":1200},{\"@type\":\"BreadcrumbList\",\"@id\":\"https:\/\/bunkerseguridad.com\/fr\/produit\/eecf1-ls1-t-mn-b\/#breadcrumb\",\"itemListElement\":[{\"@type\":\"ListItem\",\"position\":1,\"name\":\"Home\",\"item\":\"https:\/\/bunkerseguridad.com\/fr\/\"},{\"@type\":\"ListItem\",\"position\":2,\"name\":\"Shop\",\"item\":\"https:\/\/bunkerseguridad.com\/fr\/shop\/\"},{\"@type\":\"ListItem\",\"position\":3,\"name\":\"EECF1-LS1-T-MN-B\"}]},{\"@type\":\"WebSite\",\"@id\":\"https:\/\/bunkerseguridad.com\/fr\/#website\",\"url\":\"https:\/\/bunkerseguridad.com\/fr\/\",\"name\":\"Bunker Seguridad\",\"description\":\"Otro sitio realizado con WordPress\",\"potentialAction\":[{\"@type\":\"SearchAction\",\"target\":{\"@type\":\"EntryPoint\",\"urlTemplate\":\"https:\/\/bunkerseguridad.com\/fr\/?s={search_term_string}\"},\"query-input\":{\"@type\":\"PropertyValueSpecification\",\"valueRequired\":true,\"valueName\":\"search_term_string\"}}],\"inLanguage\":\"fr-FR\"}]}<\/script>\n<!-- \/ Yoast SEO plugin. -->","yoast_head_json":{"title":"EECF1-LS1-T-MN-B - Bunker Seguridad","description":"Le KBC est un \u00e9metteur Ethernet sur coaxial enti\u00e8rement robuste. Cet \u00e9metteur fournit la connectivit\u00e9 pour un port cuivre \u00e0 paire torsad\u00e9e.","robots":{"index":"noindex","follow":"follow","max-snippet":"max-snippet:-1","max-image-preview":"max-image-preview:large","max-video-preview":"max-video-preview:-1"},"og_locale":"fr_FR","og_type":"article","og_title":"EECF1-LS1-T-MN-B - Bunker Seguridad","og_description":"Le KBC est un \u00e9metteur Ethernet sur coaxial enti\u00e8rement robuste. Cet \u00e9metteur fournit la connectivit\u00e9 pour un port cuivre \u00e0 paire torsad\u00e9e.","og_url":"https:\/\/bunkerseguridad.com\/fr\/produit\/eecf1-ls1-t-mn-b\/","og_site_name":"Bunker Seguridad","article_modified_time":"2021-03-05T08:57:18+00:00","og_image":[{"width":1200,"height":1200,"url":"https:\/\/bunkerseguridad.com\/fr\/wp-content\/uploads\/2020\/09\/IP-Over-Coax.png","type":"image\/png"}],"twitter_card":"summary_large_image","twitter_misc":{"Dur\u00e9e de lecture estim\u00e9e":"2 minutes"},"schema":{"@context":"https:\/\/schema.org","@graph":[{"@type":"WebPage","@id":"https:\/\/bunkerseguridad.com\/fr\/produit\/eecf1-ls1-t-mn-b\/","url":"https:\/\/bunkerseguridad.com\/fr\/produit\/eecf1-ls1-t-mn-b\/","name":"EECF1-LS1-T-MN-B - Bunker Seguridad","isPartOf":{"@id":"https:\/\/bunkerseguridad.com\/fr\/#website"},"primaryImageOfPage":{"@id":"https:\/\/bunkerseguridad.com\/fr\/produit\/eecf1-ls1-t-mn-b\/#primaryimage"},"image":{"@id":"https:\/\/bunkerseguridad.com\/fr\/produit\/eecf1-ls1-t-mn-b\/#primaryimage"},"thumbnailUrl":"https:\/\/bunkerseguridad.com\/fr\/wp-content\/uploads\/2020\/09\/IP-Over-Coax.png","datePublished":"2020-09-25T10:28:48+00:00","dateModified":"2021-03-05T08:57:18+00:00","description":"Le KBC est un \u00e9metteur Ethernet sur coaxial enti\u00e8rement robuste. Cet \u00e9metteur fournit la connectivit\u00e9 pour un port cuivre \u00e0 paire torsad\u00e9e.","breadcrumb":{"@id":"https:\/\/bunkerseguridad.com\/fr\/produit\/eecf1-ls1-t-mn-b\/#breadcrumb"},"inLanguage":"fr-FR","potentialAction":[{"@type":"ReadAction","target":["https:\/\/bunkerseguridad.com\/fr\/produit\/eecf1-ls1-t-mn-b\/"]}]},{"@type":"ImageObject","inLanguage":"fr-FR","@id":"https:\/\/bunkerseguridad.com\/fr\/produit\/eecf1-ls1-t-mn-b\/#primaryimage","url":"https:\/\/bunkerseguridad.com\/fr\/wp-content\/uploads\/2020\/09\/IP-Over-Coax.png","contentUrl":"https:\/\/bunkerseguridad.com\/fr\/wp-content\/uploads\/2020\/09\/IP-Over-Coax.png","width":1200,"height":1200},{"@type":"BreadcrumbList","@id":"https:\/\/bunkerseguridad.com\/fr\/produit\/eecf1-ls1-t-mn-b\/#breadcrumb","itemListElement":[{"@type":"ListItem","position":1,"name":"Home","item":"https:\/\/bunkerseguridad.com\/fr\/"},{"@type":"ListItem","position":2,"name":"Shop","item":"https:\/\/bunkerseguridad.com\/fr\/shop\/"},{"@type":"ListItem","position":3,"name":"EECF1-LS1-T-MN-B"}]},{"@type":"WebSite","@id":"https:\/\/bunkerseguridad.com\/fr\/#website","url":"https:\/\/bunkerseguridad.com\/fr\/","name":"Bunker Seguridad","description":"Otro sitio realizado con WordPress","potentialAction":[{"@type":"SearchAction","target":{"@type":"EntryPoint","urlTemplate":"https:\/\/bunkerseguridad.com\/fr\/?s={search_term_string}"},"query-input":{"@type":"PropertyValueSpecification","valueRequired":true,"valueName":"search_term_string"}}],"inLanguage":"fr-FR"}]}},"brands":[{"id":206,"name":"KBC Networks","slug":"kbc-networks"}],"_links":{"self":[{"href":"https:\/\/bunkerseguridad.com\/fr\/wp-json\/wp\/v2\/product\/1022","targetHints":{"allow":["GET"]}}],"collection":[{"href":"https:\/\/bunkerseguridad.com\/fr\/wp-json\/wp\/v2\/product"}],"about":[{"href":"https:\/\/bunkerseguridad.com\/fr\/wp-json\/wp\/v2\/types\/product"}],"wp:featuredmedia":[{"embeddable":true,"href":"https:\/\/bunkerseguridad.com\/fr\/wp-json\/wp\/v2\/media\/1035"}],"wp:attachment":[{"href":"https:\/\/bunkerseguridad.com\/fr\/wp-json\/wp\/v2\/media?parent=1022"}],"wp:term":[{"taxonomy":"pwb-brand","embeddable":true,"href":"https:\/\/bunkerseguridad.com\/fr\/wp-json\/wp\/v2\/pwb-brand?post=1022"},{"taxonomy":"product_brand","embeddable":true,"href":"https:\/\/bunkerseguridad.com\/fr\/wp-json\/wp\/v2\/product_brand?post=1022"},{"taxonomy":"product_cat","embeddable":true,"href":"https:\/\/bunkerseguridad.com\/fr\/wp-json\/wp\/v2\/product_cat?post=1022"},{"taxonomy":"product_tag","embeddable":true,"href":"https:\/\/bunkerseguridad.com\/fr\/wp-json\/wp\/v2\/product_tag?post=1022"}],"curies":[{"name":"wp","href":"https:\/\/api.w.org\/{rel}","templated":true}]}}