{"id":5516,"date":"2020-12-16T09:10:26","date_gmt":"2020-12-16T09:10:26","guid":{"rendered":"http:\/\/www.bunkerseguridad.es\/en\/?page_id=5516"},"modified":"2021-04-15T08:02:04","modified_gmt":"2021-04-15T08:02:04","slug":"politique-de-confidentialite","status":"publish","type":"page","link":"https:\/\/bunkerseguridad.com\/fr\/politique-de-confidentialite\/","title":{"rendered":"Politique de confidentialit\u00e9"},"content":{"rendered":"<p>[et_pb_section fb_built=\u00a0\u00bb1&Prime; _builder_version=\u00a0\u00bb4.7.7&Prime; _module_preset=\u00a0\u00bbdefault\u00a0\u00bb][et_pb_row custom_padding_last_edited=\u00a0\u00bbon|phone\u00a0\u00bb _builder_version=\u00a0\u00bb4.8.1&Prime; _module_preset=\u00a0\u00bbdefault\u00a0\u00bb custom_margin_tablet=\u00a0\u00bb\u00a0\u00bb custom_margin_phone=\u00a0\u00bb0px||0px||true|false\u00a0\u00bb custom_margin_last_edited=\u00a0\u00bbon|phone\u00a0\u00bb custom_padding_tablet=\u00a0\u00bb\u00a0\u00bb custom_padding_phone=\u00a0\u00bb0px||0px||true|false\u00a0\u00bb][et_pb_column type=\u00a0\u00bb4_4&Prime; _builder_version=\u00a0\u00bb4.7.7&Prime; _module_preset=\u00a0\u00bbdefault\u00a0\u00bb][et_pb_text _builder_version=\u00a0\u00bb4.8.1&Prime; _module_preset=\u00a0\u00bbdefault\u00a0\u00bb text_text_color=\u00a0\u00bb#004d9a\u00a0\u00bb text_font_size=\u00a0\u00bb50px\u00a0\u00bb text_line_height=\u00a0\u00bb1.2em\u00a0\u00bb animation_style=\u00a0\u00bbslide\u00a0\u00bb animation_direction=\u00a0\u00bbleft\u00a0\u00bb animation_intensity_slide=\u00a0\u00bb5%\u00a0\u00bb text_font_size_tablet=\u00a0\u00bb\u00a0\u00bb text_font_size_phone=\u00a0\u00bb30px\u00a0\u00bb text_font_size_last_edited=\u00a0\u00bbon|phone\u00a0\u00bb]<\/p>\n<p><strong>Politique de confidentialit\u00e9<\/strong><\/p>\n<p>[\/et_pb_text][et_pb_divider color=\u00a0\u00bb#004d9a\u00a0\u00bb divider_weight=\u00a0\u00bb2px\u00a0\u00bb _builder_version=\u00a0\u00bb4.7.0&Prime; _module_preset=\u00a0\u00bbdefault\u00a0\u00bb width=\u00a0\u00bb6%\u00a0\u00bb animation_style=\u00a0\u00bbslide\u00a0\u00bb animation_direction=\u00a0\u00bbleft\u00a0\u00bb][\/et_pb_divider][\/et_pb_column][\/et_pb_row][et_pb_row use_custom_gutter=\u00a0\u00bbon\u00a0\u00bb make_equal=\u00a0\u00bbon\u00a0\u00bb _builder_version=\u00a0\u00bb4.8.1&Prime; _module_preset=\u00a0\u00bbdefault\u00a0\u00bb width_tablet=\u00a0\u00bb\u00a0\u00bb width_phone=\u00a0\u00bb90%\u00a0\u00bb width_last_edited=\u00a0\u00bbon|phone\u00a0\u00bb max_width_tablet=\u00a0\u00bb\u00a0\u00bb max_width_phone=\u00a0\u00bb100%\u00a0\u00bb max_width_last_edited=\u00a0\u00bbon|phone\u00a0\u00bb][et_pb_column type=\u00a0\u00bb4_4&Prime; _builder_version=\u00a0\u00bb4.7.7&Prime; _module_preset=\u00a0\u00bbdefault\u00a0\u00bb][et_pb_text _builder_version=\u00a0\u00bb4.8.1&Prime; _module_preset=\u00a0\u00bbdefault\u00a0\u00bb text_text_color=\u00a0\u00bb#000000&Prime; text_line_height=\u00a0\u00bb1.3em\u00a0\u00bb background_size=\u00a0\u00bbinitial\u00a0\u00bb background_position=\u00a0\u00bbtop_left\u00a0\u00bb background_repeat=\u00a0\u00bbrepeat\u00a0\u00bb text_orientation=\u00a0\u00bbjustified\u00a0\u00bb]<\/p>\n<p>Conform\u00e9ment aux dispositions du R\u00e8glement g\u00e9n\u00e9ral europ\u00e9en sur la protection des donn\u00e9es (RGPD), les donn\u00e9es personnelles fournies seront trait\u00e9es par <strong>Bunker Seguridad Electr\u00f3nica, S.L.<\/strong>, titulaire du num\u00e9ro de TVA (CIF) B62851712, dans le but de g\u00e9rer la relation avec le client et la facturation et le recouvrement de nos services. La fourniture des donn\u00e9es \u00e0 cette fin est obligatoire, sinon la prestation du service et le respect du contrat seront entrav\u00e9s. Les coordonn\u00e9es de cette soci\u00e9t\u00e9 sont les suivantes : Calle Arboleda, 18 Nave 9, 28031 &#8211; Madrid, T\u00e9l\u00e9phone : 913316313, E-mail : info@bunkerseguridad.com.<\/p>\n<p>Les donn\u00e9es seront trait\u00e9es sur la base de la relation juridico-contractuelle maintenue entre les parties et seront conserv\u00e9es pendant toute la dur\u00e9e du contrat. Une fois ce rapport termin\u00e9, le cas \u00e9ch\u00e9ant, les donn\u00e9es pourront \u00eatre conserv\u00e9es pendant la dur\u00e9e requise par la l\u00e9gislation applicable et jusqu&rsquo;\u00e0 l&rsquo;expiration des obligations d\u00e9coulant du contrat.<\/p>\n<p>Pour la finalit\u00e9 indiqu\u00e9e, vos donn\u00e9es seraient transf\u00e9r\u00e9es aux Administrations publiques comp\u00e9tentes, dans les cas pr\u00e9vus par la loi et pour les finalit\u00e9s qui y sont d\u00e9finies, et aux entit\u00e9s financi\u00e8res \u00e0 travers lesquelles s&rsquo;articule la gestion des encaissements et des paiements.<\/p>\n<p>De m\u00eame, les donn\u00e9es seront trait\u00e9es pour l&rsquo;envoi de communications commerciales sur nos services, sauf si vous exprimez par tout moyen votre volont\u00e9 contraire. Dans tous les cas, l&rsquo;autorisation de traiter vos donn\u00e9es \u00e0 cette fin est volontaire et votre refus aurait pour seul effet de vous emp\u00eacher de recevoir des offres commerciales de nos services. Les donn\u00e9es destin\u00e9es \u00e0 l&rsquo;envoi de communications commerciales de nos services seront conserv\u00e9es ind\u00e9finiment, jusqu&rsquo;\u00e0 ce que, le cas \u00e9ch\u00e9ant, vous exprimiez votre volont\u00e9 de les supprimer.<\/p>\n<p>Les droits d&rsquo;acc\u00e8s, de rectification, de suppression, de limitation, de portabilit\u00e9 et d&rsquo;opposition peuvent \u00eatre exerc\u00e9s en \u00e9crivant, en joignant une copie de votre carte d&rsquo;identit\u00e9, \u00e0 l&rsquo;adresse de contact (physique et \u00e9lectronique) mentionn\u00e9e ci-dessus. En cas de violation \u00e9ventuelle de vos droits, vous pouvez d\u00e9poser une plainte aupr\u00e8s de l&rsquo;Agence espagnole de protection des donn\u00e9es.<\/p>\n<p>Dans le cas o\u00f9 des donn\u00e9es de tiers ont \u00e9t\u00e9 fournies, il incombe \u00e0 la personne qui a fourni les donn\u00e9es de les informer de toutes les dispositions de la pr\u00e9sente clause et, en particulier, des dispositions de l&rsquo;article 14 du r\u00e8glement g\u00e9n\u00e9ral sur la protection des donn\u00e9es, ainsi que d&rsquo;obtenir leur consentement pr\u00e9alable \u00e0 cette fin.<\/p>\n<p>[\/et_pb_text][\/et_pb_column][\/et_pb_row][\/et_pb_section]<\/p>\n","protected":false},"excerpt":{"rendered":"<p>Politique de confidentialit\u00e9Conform\u00e9ment aux dispositions du R\u00e8glement g\u00e9n\u00e9ral europ\u00e9en sur la protection des donn\u00e9es (RGPD), les donn\u00e9es personnelles fournies seront trait\u00e9es par Bunker Seguridad Electr\u00f3nica, S.L., titulaire du num\u00e9ro de TVA (CIF) B62851712, dans le but de g\u00e9rer la relation avec le client et la facturation et le recouvrement de nos services. La fourniture des [&hellip;]<\/p>\n","protected":false},"author":1,"featured_media":0,"parent":0,"menu_order":0,"comment_status":"closed","ping_status":"closed","template":"","meta":{"_et_pb_use_builder":"on","_et_pb_old_content":"","_et_gb_content_width":"","footnotes":""},"class_list":["post-5516","page","type-page","status-publish","hentry"],"yoast_head":"<!-- This site is optimized with the Yoast SEO plugin v25.2 - https:\/\/yoast.com\/wordpress\/plugins\/seo\/ -->\n<title>Politique de confidentialit\u00e9 - Bunker Seguridad<\/title>\n<meta name=\"robots\" content=\"noindex, follow, max-snippet:-1, max-image-preview:large, max-video-preview:-1\" \/>\n<meta property=\"og:locale\" content=\"fr_FR\" \/>\n<meta property=\"og:type\" content=\"article\" \/>\n<meta property=\"og:title\" content=\"Politique de confidentialit\u00e9 - Bunker Seguridad\" \/>\n<meta property=\"og:description\" content=\"Politique de confidentialit\u00e9Conform\u00e9ment aux dispositions du R\u00e8glement g\u00e9n\u00e9ral europ\u00e9en sur la protection des donn\u00e9es (RGPD), les donn\u00e9es personnelles fournies seront trait\u00e9es par Bunker Seguridad Electr\u00f3nica, S.L., titulaire du num\u00e9ro de TVA (CIF) B62851712, dans le but de g\u00e9rer la relation avec le client et la facturation et le recouvrement de nos services. La fourniture des [&hellip;]\" \/>\n<meta property=\"og:url\" content=\"https:\/\/bunkerseguridad.com\/fr\/politique-de-confidentialite\/\" \/>\n<meta property=\"og:site_name\" content=\"Bunker Seguridad\" \/>\n<meta property=\"article:modified_time\" content=\"2021-04-15T08:02:04+00:00\" \/>\n<meta name=\"twitter:card\" content=\"summary_large_image\" \/>\n<meta name=\"twitter:label1\" content=\"Dur\u00e9e de lecture estim\u00e9e\" \/>\n\t<meta name=\"twitter:data1\" content=\"3 minutes\" \/>\n<script type=\"application\/ld+json\" class=\"yoast-schema-graph\">{\"@context\":\"https:\/\/schema.org\",\"@graph\":[{\"@type\":\"WebPage\",\"@id\":\"https:\/\/bunkerseguridad.com\/fr\/politique-de-confidentialite\/\",\"url\":\"https:\/\/bunkerseguridad.com\/fr\/politique-de-confidentialite\/\",\"name\":\"Politique de confidentialit\u00e9 - Bunker Seguridad\",\"isPartOf\":{\"@id\":\"https:\/\/bunkerseguridad.com\/fr\/#website\"},\"datePublished\":\"2020-12-16T09:10:26+00:00\",\"dateModified\":\"2021-04-15T08:02:04+00:00\",\"breadcrumb\":{\"@id\":\"https:\/\/bunkerseguridad.com\/fr\/politique-de-confidentialite\/#breadcrumb\"},\"inLanguage\":\"fr-FR\",\"potentialAction\":[{\"@type\":\"ReadAction\",\"target\":[\"https:\/\/bunkerseguridad.com\/fr\/politique-de-confidentialite\/\"]}]},{\"@type\":\"BreadcrumbList\",\"@id\":\"https:\/\/bunkerseguridad.com\/fr\/politique-de-confidentialite\/#breadcrumb\",\"itemListElement\":[{\"@type\":\"ListItem\",\"position\":1,\"name\":\"Home\",\"item\":\"https:\/\/bunkerseguridad.com\/fr\/\"},{\"@type\":\"ListItem\",\"position\":2,\"name\":\"Politique de confidentialit\u00e9\"}]},{\"@type\":\"WebSite\",\"@id\":\"https:\/\/bunkerseguridad.com\/fr\/#website\",\"url\":\"https:\/\/bunkerseguridad.com\/fr\/\",\"name\":\"Bunker Seguridad\",\"description\":\"Otro sitio realizado con WordPress\",\"potentialAction\":[{\"@type\":\"SearchAction\",\"target\":{\"@type\":\"EntryPoint\",\"urlTemplate\":\"https:\/\/bunkerseguridad.com\/fr\/?s={search_term_string}\"},\"query-input\":{\"@type\":\"PropertyValueSpecification\",\"valueRequired\":true,\"valueName\":\"search_term_string\"}}],\"inLanguage\":\"fr-FR\"}]}<\/script>\n<!-- \/ Yoast SEO plugin. -->","yoast_head_json":{"title":"Politique de confidentialit\u00e9 - Bunker Seguridad","robots":{"index":"noindex","follow":"follow","max-snippet":"max-snippet:-1","max-image-preview":"max-image-preview:large","max-video-preview":"max-video-preview:-1"},"og_locale":"fr_FR","og_type":"article","og_title":"Politique de confidentialit\u00e9 - Bunker Seguridad","og_description":"Politique de confidentialit\u00e9Conform\u00e9ment aux dispositions du R\u00e8glement g\u00e9n\u00e9ral europ\u00e9en sur la protection des donn\u00e9es (RGPD), les donn\u00e9es personnelles fournies seront trait\u00e9es par Bunker Seguridad Electr\u00f3nica, S.L., titulaire du num\u00e9ro de TVA (CIF) B62851712, dans le but de g\u00e9rer la relation avec le client et la facturation et le recouvrement de nos services. La fourniture des [&hellip;]","og_url":"https:\/\/bunkerseguridad.com\/fr\/politique-de-confidentialite\/","og_site_name":"Bunker Seguridad","article_modified_time":"2021-04-15T08:02:04+00:00","twitter_card":"summary_large_image","twitter_misc":{"Dur\u00e9e de lecture estim\u00e9e":"3 minutes"},"schema":{"@context":"https:\/\/schema.org","@graph":[{"@type":"WebPage","@id":"https:\/\/bunkerseguridad.com\/fr\/politique-de-confidentialite\/","url":"https:\/\/bunkerseguridad.com\/fr\/politique-de-confidentialite\/","name":"Politique de confidentialit\u00e9 - Bunker Seguridad","isPartOf":{"@id":"https:\/\/bunkerseguridad.com\/fr\/#website"},"datePublished":"2020-12-16T09:10:26+00:00","dateModified":"2021-04-15T08:02:04+00:00","breadcrumb":{"@id":"https:\/\/bunkerseguridad.com\/fr\/politique-de-confidentialite\/#breadcrumb"},"inLanguage":"fr-FR","potentialAction":[{"@type":"ReadAction","target":["https:\/\/bunkerseguridad.com\/fr\/politique-de-confidentialite\/"]}]},{"@type":"BreadcrumbList","@id":"https:\/\/bunkerseguridad.com\/fr\/politique-de-confidentialite\/#breadcrumb","itemListElement":[{"@type":"ListItem","position":1,"name":"Home","item":"https:\/\/bunkerseguridad.com\/fr\/"},{"@type":"ListItem","position":2,"name":"Politique de confidentialit\u00e9"}]},{"@type":"WebSite","@id":"https:\/\/bunkerseguridad.com\/fr\/#website","url":"https:\/\/bunkerseguridad.com\/fr\/","name":"Bunker Seguridad","description":"Otro sitio realizado con WordPress","potentialAction":[{"@type":"SearchAction","target":{"@type":"EntryPoint","urlTemplate":"https:\/\/bunkerseguridad.com\/fr\/?s={search_term_string}"},"query-input":{"@type":"PropertyValueSpecification","valueRequired":true,"valueName":"search_term_string"}}],"inLanguage":"fr-FR"}]}},"_links":{"self":[{"href":"https:\/\/bunkerseguridad.com\/fr\/wp-json\/wp\/v2\/pages\/5516","targetHints":{"allow":["GET"]}}],"collection":[{"href":"https:\/\/bunkerseguridad.com\/fr\/wp-json\/wp\/v2\/pages"}],"about":[{"href":"https:\/\/bunkerseguridad.com\/fr\/wp-json\/wp\/v2\/types\/page"}],"author":[{"embeddable":true,"href":"https:\/\/bunkerseguridad.com\/fr\/wp-json\/wp\/v2\/users\/1"}],"replies":[{"embeddable":true,"href":"https:\/\/bunkerseguridad.com\/fr\/wp-json\/wp\/v2\/comments?post=5516"}],"version-history":[{"count":12,"href":"https:\/\/bunkerseguridad.com\/fr\/wp-json\/wp\/v2\/pages\/5516\/revisions"}],"predecessor-version":[{"id":8318,"href":"https:\/\/bunkerseguridad.com\/fr\/wp-json\/wp\/v2\/pages\/5516\/revisions\/8318"}],"wp:attachment":[{"href":"https:\/\/bunkerseguridad.com\/fr\/wp-json\/wp\/v2\/media?parent=5516"}],"curies":[{"name":"wp","href":"https:\/\/api.w.org\/{rel}","templated":true}]}}