{"id":3019,"date":"2020-10-19T08:11:46","date_gmt":"2020-10-19T08:11:46","guid":{"rendered":"https:\/\/bunkerseguridad.com\/en\/?post_type=product&#038;p=3019"},"modified":"2020-10-19T08:46:17","modified_gmt":"2020-10-19T08:46:17","slug":"ip-interface-module-int-quadip","status":"publish","type":"product","link":"https:\/\/bunkerseguridad.com\/en\/security-product\/ip-interface-module-int-quadip\/","title":{"rendered":"IP interface module INT-QUADIP"},"content":{"rendered":"<p>Allow your <strong>surveillance solution<\/strong> to reach its full potential by integrating <strong>Takex beam sensors<\/strong> directly with your <strong>IP system<\/strong>; start recording when somebody enters the area, move a<strong> PTZ camera<\/strong> to the location of an intrusion, or <strong>activate lighting<\/strong>. While <strong>network alarms<\/strong> and <strong>Power over Ethernet<\/strong> are standard on <strong>IP cameras<\/strong>, most <strong>surveillance equipment<\/strong> use relay outputs and <strong>12V power<\/strong>. With the <strong>Takex IP interface module<\/strong>, our <strong>photoelectric beams<\/strong> are as easy as<strong> IP cameras<\/strong> to install and integrate with<strong> Video Management Systems<\/strong>.<\/p>\n<p><strong>VMS Integration<\/strong><\/p>\n<p>Takex <strong>IP sensors<\/strong> support direct integration with <strong>leading VMS<\/strong> and <strong>camera systems<\/strong> on the market. Create powerful <strong>security solutions<\/strong> where <strong>recording starts automatically<\/strong>, the cameras are directed to the location of intrusion, and guards are alerted with detailed alarm information.<\/p>\n<p><strong>One Cable Installation<\/strong><\/p>\n<p>Integrating a <strong>sensor<\/strong> to a <strong>modern IP security system<\/strong> using old technologies requires a lot of <strong>third-party products<\/strong> and <strong>man-hours<\/strong>. With IP and <strong>PoE<\/strong> only an <strong>ethernet cable<\/strong> from the product to the nearest <strong>PoE switch<\/strong> is required. Installation is just as easy as installing an <strong>IP camera<\/strong>.<\/p>\n<p>keywords: surveillance solution,  Takex, beam sensors, IP system, PTZ camera, activate lighting, network alarms, Power over Ethernet, IP cameras, surveillance equipment, 12V power, IP interface module, photoelectric beams, IP cameras, Video Management Systems, IP sensors, leading VMS, camera systems, security solutions, recording automatically, detailed alarm information, sensor, modern IP,  security system, third-party products, man-hours, PoE, ethernet cable, PoE switch, IP camera, PoE Class 3, IEEE 802.3af, VMS compatible, Axis, Bosch, Hikvision, Sony, plug &amp; play web, browser interface, PB-IN-HF\/A, PB-F, PB-IN-100AT, PB-KH series,<\/p>\n<p><strong>Features:<\/strong><\/p>\n<ul>\n<li>PoE Class 3<\/li>\n<li>IEEE 802.3af<\/li>\n<li>VMS compatible<\/li>\n<li>Direct control of supported cameras* including: Axis, Bosch, Hikvision, Sony<\/li>\n<li>Plug &amp; play web browser interface<\/li>\n<li>No software or installation required<\/li>\n<li>One cable installation<\/li>\n<li>Designed for PB-IN-HF\/A, PB-F, PB-IN-100AT, &amp; PB-KH series<\/li>\n<\/ul>\n","protected":false},"excerpt":{"rendered":"<p>Allow your <strong>surveillance solution<\/strong> to reach its full potential by integrating <strong>Takex beam sensors<\/strong> directly with your <strong>IP system<\/strong>; start recording when somebody enters the area, move a<strong> PTZ camera<\/strong> to the location of an intrusion, or <strong>activate lighting<\/strong><\/p>\n","protected":false},"featured_media":3024,"template":"","meta":{"_et_pb_use_builder":"off","_et_pb_old_content":"<strong><span style=\"vertical-align: inherit\"><span style=\"vertical-align: inherit\">Para monitoreo de intrusos, control de acceso, bienvenida, advertencia o aviso<\/span><\/span><\/strong><span style=\"vertical-align: inherit\"><span style=\"vertical-align: inherit\"> \u00a0, recomendamos el\u00a0 <\/span><\/span><strong><span style=\"vertical-align: inherit\"><span style=\"vertical-align: inherit\">enunciador de voz de 4 canales - <\/span><\/span><\/strong>\u00a0<strong><span style=\"vertical-align: inherit\"><span style=\"vertical-align: inherit\">Multispeech Kit GJD090<\/span><\/span><\/strong><span style=\"vertical-align: inherit\"><span style=\"vertical-align: inherit\"> . <\/span><span style=\"vertical-align: inherit\">Se puede grabar un mensaje diferente de 30 segundos en cada canal o podr\u00eda ser un solo mensaje de 120 segundos.<\/span><\/span>\r\n\r\n<span style=\"vertical-align: inherit\"><span style=\"vertical-align: inherit\">El m\u00f3dulo es configurable para aceptar cualquier entrada normalmente abierta o normalmente cerrada, lo que le da una mayor flexibilidad para usarlo con cualquier\u00a0 <\/span><\/span><strong><span style=\"vertical-align: inherit\"><span style=\"vertical-align: inherit\">dispositivo de detecci\u00f3n, panel de alarma, bot\u00f3n de p\u00e1nico, contestador telef\u00f3nico o activaci\u00f3n desde una estaci\u00f3n de monitoreo de video remota.\u00a0<\/span><\/span><\/strong><span style=\"vertical-align: inherit\"><span style=\"vertical-align: inherit\">El control de volumen es ajustable y hay dos sonidos de preatenci\u00f3n disponibles.<\/span><\/span>\r\n\r\n<span style=\"vertical-align: inherit\"><span style=\"vertical-align: inherit\">El kit Multispeech proporciona una salida de audio de 8 ohmios que se puede aplicar a un altavoz o un marcador que tenga una entrada de procesador de voz. <\/span><span style=\"vertical-align: inherit\">La grabaci\u00f3n se puede realizar utilizando el micr\u00f3fono integrado o, alternativamente, mediante una entrada de l\u00ednea de 1V pp.\u00a0<\/span><\/span><strong><span style=\"vertical-align: inherit\"><span style=\"vertical-align: inherit\">La instalaci\u00f3n es f\u00e1cil y la grabaci\u00f3n de mensajes es r\u00e1pida y sencilla<\/span><\/span><\/strong><span style=\"vertical-align: inherit\"><span style=\"vertical-align: inherit\"> .<\/span><\/span>\r\n\r\n<span style=\"vertical-align: inherit\"><span style=\"vertical-align: inherit\">Este kit incluye:<\/span><\/span>\r\n\r\n<strong><span style=\"vertical-align: inherit\"><span style=\"vertical-align: inherit\">1 altavoz de bocina de 8 vatios y 8 ohmios<\/span><\/span><\/strong>\r\n\r\n<strong><span style=\"vertical-align: inherit\"><span style=\"vertical-align: inherit\">1 x Multispeech y PSU en caja resistente a la intemperie<\/span><\/span><\/strong>","_et_gb_content_width":""},"pwb-brand":[202],"product_brand":[],"product_cat":[41,43],"product_tag":[102,101],"class_list":{"0":"post-3019","1":"product","2":"type-product","3":"status-publish","4":"has-post-thumbnail","6":"pwb-brand-takex","7":"product_cat-perimeter-intrusion-detection-systems","8":"product_cat-auxiliary-solutions","9":"product_tag-auxiliary-solution","10":"product_tag-sanitising-solution","12":"first","13":"instock","14":"shipping-taxable","15":"product-type-simple"},"yoast_head":"<!-- This site is optimized with the Yoast SEO plugin v25.2 - https:\/\/yoast.com\/wordpress\/plugins\/seo\/ -->\n<title>IP interface module INT-QUADIP - Bunker Seguridad Electr\u00f3nica S.L.<\/title>\n<meta name=\"description\" content=\"4-channel speech enunciator kit for intruder monitoring, access control, welcoming or warning with a hornspeaker, a musltispeech and a PSU.\" \/>\n<meta name=\"robots\" content=\"index, follow, max-snippet:-1, max-image-preview:large, max-video-preview:-1\" \/>\n<link rel=\"canonical\" href=\"https:\/\/bunkerseguridad.com\/en\/security-product\/ip-interface-module-int-quadip\/\" \/>\n<meta property=\"og:locale\" content=\"en_US\" \/>\n<meta property=\"og:type\" content=\"article\" \/>\n<meta property=\"og:title\" content=\"IP interface module INT-QUADIP - Bunker Seguridad Electr\u00f3nica S.L.\" \/>\n<meta property=\"og:description\" content=\"4-channel speech enunciator kit for intruder monitoring, access control, welcoming or warning with a hornspeaker, a musltispeech and a PSU.\" \/>\n<meta property=\"og:url\" content=\"https:\/\/bunkerseguridad.com\/en\/security-product\/ip-interface-module-int-quadip\/\" \/>\n<meta property=\"og:site_name\" content=\"Bunker Seguridad Electr\u00f3nica S.L.\" \/>\n<meta property=\"article:modified_time\" content=\"2020-10-19T08:46:17+00:00\" \/>\n<meta property=\"og:image\" content=\"https:\/\/bunkerseguridad.com\/en\/wp-content\/uploads\/2020\/10\/datasheet_int-quadip_takex.png\" \/>\n\t<meta property=\"og:image:width\" content=\"1200\" \/>\n\t<meta property=\"og:image:height\" content=\"1200\" \/>\n\t<meta property=\"og:image:type\" content=\"image\/png\" \/>\n<meta name=\"twitter:card\" content=\"summary_large_image\" \/>\n<meta name=\"twitter:label1\" content=\"Est. reading time\" \/>\n\t<meta name=\"twitter:data1\" content=\"2 minutes\" \/>\n<script type=\"application\/ld+json\" class=\"yoast-schema-graph\">{\"@context\":\"https:\/\/schema.org\",\"@graph\":[{\"@type\":\"WebPage\",\"@id\":\"https:\/\/bunkerseguridad.com\/en\/security-product\/ip-interface-module-int-quadip\/\",\"url\":\"https:\/\/bunkerseguridad.com\/en\/security-product\/ip-interface-module-int-quadip\/\",\"name\":\"IP interface module INT-QUADIP - Bunker Seguridad Electr\u00f3nica S.L.\",\"isPartOf\":{\"@id\":\"https:\/\/bunkerseguridad.com\/en\/#website\"},\"primaryImageOfPage\":{\"@id\":\"https:\/\/bunkerseguridad.com\/en\/security-product\/ip-interface-module-int-quadip\/#primaryimage\"},\"image\":{\"@id\":\"https:\/\/bunkerseguridad.com\/en\/security-product\/ip-interface-module-int-quadip\/#primaryimage\"},\"thumbnailUrl\":\"https:\/\/bunkerseguridad.com\/en\/wp-content\/uploads\/2020\/10\/datasheet_int-quadip_takex.png\",\"datePublished\":\"2020-10-19T08:11:46+00:00\",\"dateModified\":\"2020-10-19T08:46:17+00:00\",\"description\":\"4-channel speech enunciator kit for intruder monitoring, access control, welcoming or warning with a hornspeaker, a musltispeech and a PSU.\",\"breadcrumb\":{\"@id\":\"https:\/\/bunkerseguridad.com\/en\/security-product\/ip-interface-module-int-quadip\/#breadcrumb\"},\"inLanguage\":\"en-US\",\"potentialAction\":[{\"@type\":\"ReadAction\",\"target\":[\"https:\/\/bunkerseguridad.com\/en\/security-product\/ip-interface-module-int-quadip\/\"]}]},{\"@type\":\"ImageObject\",\"inLanguage\":\"en-US\",\"@id\":\"https:\/\/bunkerseguridad.com\/en\/security-product\/ip-interface-module-int-quadip\/#primaryimage\",\"url\":\"https:\/\/bunkerseguridad.com\/en\/wp-content\/uploads\/2020\/10\/datasheet_int-quadip_takex.png\",\"contentUrl\":\"https:\/\/bunkerseguridad.com\/en\/wp-content\/uploads\/2020\/10\/datasheet_int-quadip_takex.png\",\"width\":1200,\"height\":1200,\"caption\":\"IP interface module INT-QUADIP\"},{\"@type\":\"BreadcrumbList\",\"@id\":\"https:\/\/bunkerseguridad.com\/en\/security-product\/ip-interface-module-int-quadip\/#breadcrumb\",\"itemListElement\":[{\"@type\":\"ListItem\",\"position\":1,\"name\":\"Home\",\"item\":\"https:\/\/bunkerseguridad.com\/en\/\"},{\"@type\":\"ListItem\",\"position\":2,\"name\":\"Shop\",\"item\":\"https:\/\/bunkerseguridad.com\/en\/shop\/\"},{\"@type\":\"ListItem\",\"position\":3,\"name\":\"IP interface module INT-QUADIP\"}]},{\"@type\":\"WebSite\",\"@id\":\"https:\/\/bunkerseguridad.com\/en\/#website\",\"url\":\"https:\/\/bunkerseguridad.com\/en\/\",\"name\":\"Bunker Seguridad Electr\u00f3nica S.L.\",\"description\":\"Manufacturing and distribution of perimeter detection systems in Europe.\",\"potentialAction\":[{\"@type\":\"SearchAction\",\"target\":{\"@type\":\"EntryPoint\",\"urlTemplate\":\"https:\/\/bunkerseguridad.com\/en\/?s={search_term_string}\"},\"query-input\":{\"@type\":\"PropertyValueSpecification\",\"valueRequired\":true,\"valueName\":\"search_term_string\"}}],\"inLanguage\":\"en-US\"}]}<\/script>\n<!-- \/ Yoast SEO plugin. -->","yoast_head_json":{"title":"IP interface module INT-QUADIP - Bunker Seguridad Electr\u00f3nica S.L.","description":"4-channel speech enunciator kit for intruder monitoring, access control, welcoming or warning with a hornspeaker, a musltispeech and a PSU.","robots":{"index":"index","follow":"follow","max-snippet":"max-snippet:-1","max-image-preview":"max-image-preview:large","max-video-preview":"max-video-preview:-1"},"canonical":"https:\/\/bunkerseguridad.com\/en\/security-product\/ip-interface-module-int-quadip\/","og_locale":"en_US","og_type":"article","og_title":"IP interface module INT-QUADIP - Bunker Seguridad Electr\u00f3nica S.L.","og_description":"4-channel speech enunciator kit for intruder monitoring, access control, welcoming or warning with a hornspeaker, a musltispeech and a PSU.","og_url":"https:\/\/bunkerseguridad.com\/en\/security-product\/ip-interface-module-int-quadip\/","og_site_name":"Bunker Seguridad Electr\u00f3nica S.L.","article_modified_time":"2020-10-19T08:46:17+00:00","og_image":[{"width":1200,"height":1200,"url":"https:\/\/bunkerseguridad.com\/en\/wp-content\/uploads\/2020\/10\/datasheet_int-quadip_takex.png","type":"image\/png"}],"twitter_card":"summary_large_image","twitter_misc":{"Est. reading time":"2 minutes"},"schema":{"@context":"https:\/\/schema.org","@graph":[{"@type":"WebPage","@id":"https:\/\/bunkerseguridad.com\/en\/security-product\/ip-interface-module-int-quadip\/","url":"https:\/\/bunkerseguridad.com\/en\/security-product\/ip-interface-module-int-quadip\/","name":"IP interface module INT-QUADIP - Bunker Seguridad Electr\u00f3nica S.L.","isPartOf":{"@id":"https:\/\/bunkerseguridad.com\/en\/#website"},"primaryImageOfPage":{"@id":"https:\/\/bunkerseguridad.com\/en\/security-product\/ip-interface-module-int-quadip\/#primaryimage"},"image":{"@id":"https:\/\/bunkerseguridad.com\/en\/security-product\/ip-interface-module-int-quadip\/#primaryimage"},"thumbnailUrl":"https:\/\/bunkerseguridad.com\/en\/wp-content\/uploads\/2020\/10\/datasheet_int-quadip_takex.png","datePublished":"2020-10-19T08:11:46+00:00","dateModified":"2020-10-19T08:46:17+00:00","description":"4-channel speech enunciator kit for intruder monitoring, access control, welcoming or warning with a hornspeaker, a musltispeech and a PSU.","breadcrumb":{"@id":"https:\/\/bunkerseguridad.com\/en\/security-product\/ip-interface-module-int-quadip\/#breadcrumb"},"inLanguage":"en-US","potentialAction":[{"@type":"ReadAction","target":["https:\/\/bunkerseguridad.com\/en\/security-product\/ip-interface-module-int-quadip\/"]}]},{"@type":"ImageObject","inLanguage":"en-US","@id":"https:\/\/bunkerseguridad.com\/en\/security-product\/ip-interface-module-int-quadip\/#primaryimage","url":"https:\/\/bunkerseguridad.com\/en\/wp-content\/uploads\/2020\/10\/datasheet_int-quadip_takex.png","contentUrl":"https:\/\/bunkerseguridad.com\/en\/wp-content\/uploads\/2020\/10\/datasheet_int-quadip_takex.png","width":1200,"height":1200,"caption":"IP interface module INT-QUADIP"},{"@type":"BreadcrumbList","@id":"https:\/\/bunkerseguridad.com\/en\/security-product\/ip-interface-module-int-quadip\/#breadcrumb","itemListElement":[{"@type":"ListItem","position":1,"name":"Home","item":"https:\/\/bunkerseguridad.com\/en\/"},{"@type":"ListItem","position":2,"name":"Shop","item":"https:\/\/bunkerseguridad.com\/en\/shop\/"},{"@type":"ListItem","position":3,"name":"IP interface module INT-QUADIP"}]},{"@type":"WebSite","@id":"https:\/\/bunkerseguridad.com\/en\/#website","url":"https:\/\/bunkerseguridad.com\/en\/","name":"Bunker Seguridad Electr\u00f3nica S.L.","description":"Manufacturing and distribution of perimeter detection systems in Europe.","potentialAction":[{"@type":"SearchAction","target":{"@type":"EntryPoint","urlTemplate":"https:\/\/bunkerseguridad.com\/en\/?s={search_term_string}"},"query-input":{"@type":"PropertyValueSpecification","valueRequired":true,"valueName":"search_term_string"}}],"inLanguage":"en-US"}]}},"brands":[{"id":202,"name":"Takex","slug":"takex"}],"_links":{"self":[{"href":"https:\/\/bunkerseguridad.com\/en\/wp-json\/wp\/v2\/product\/3019","targetHints":{"allow":["GET"]}}],"collection":[{"href":"https:\/\/bunkerseguridad.com\/en\/wp-json\/wp\/v2\/product"}],"about":[{"href":"https:\/\/bunkerseguridad.com\/en\/wp-json\/wp\/v2\/types\/product"}],"wp:featuredmedia":[{"embeddable":true,"href":"https:\/\/bunkerseguridad.com\/en\/wp-json\/wp\/v2\/media\/3024"}],"wp:attachment":[{"href":"https:\/\/bunkerseguridad.com\/en\/wp-json\/wp\/v2\/media?parent=3019"}],"wp:term":[{"taxonomy":"pwb-brand","embeddable":true,"href":"https:\/\/bunkerseguridad.com\/en\/wp-json\/wp\/v2\/pwb-brand?post=3019"},{"taxonomy":"product_brand","embeddable":true,"href":"https:\/\/bunkerseguridad.com\/en\/wp-json\/wp\/v2\/product_brand?post=3019"},{"taxonomy":"product_cat","embeddable":true,"href":"https:\/\/bunkerseguridad.com\/en\/wp-json\/wp\/v2\/product_cat?post=3019"},{"taxonomy":"product_tag","embeddable":true,"href":"https:\/\/bunkerseguridad.com\/en\/wp-json\/wp\/v2\/product_tag?post=3019"}],"curies":[{"name":"wp","href":"https:\/\/api.w.org\/{rel}","templated":true}]}}