{"id":2040,"date":"2020-10-06T09:34:39","date_gmt":"2020-10-06T09:34:39","guid":{"rendered":"https:\/\/bunkerseguridad.com\/en\/?post_type=product&#038;p=2040"},"modified":"2020-10-20T08:02:19","modified_gmt":"2020-10-20T08:02:19","slug":"sany-safe-environmental-sanitization-system","status":"publish","type":"product","link":"https:\/\/bunkerseguridad.com\/en\/security-product\/sany-safe-environmental-sanitization-system\/","title":{"rendered":"SANY SAFE: Environmental sanitization system"},"content":{"rendered":"<p><strong>Sany Safe steams a powerful sanitizing detergent, non-toxic, suitable for all environments that eliminates pathogens such as viruses, germs, bacteria and fungi both on surfaces and in air suspension<\/strong>, spreading in the environment invisible micro-particles able to penetrate even in the most inaccessible places.<\/p>\n<p>A fully automatic solution for <strong>60 to 600m<sup>3<\/sup> applications<\/strong>.<\/p>\n<p><strong>Effective formulation against viruses, fungi and bacteria<\/strong>.<\/p>\n<p><strong>Sanitizes for up to 8 months*<\/strong>: The hot vaporization allows to spread in the environment invisible micro-particles that eradicate bacteria and viruses present on every surface and in fissure, ensuring sanitization even up to 8 months, in complete autonomy.<\/p>\n<p>*low intensity sanitization \u2013 once a week \u2013 environment of 100m<sup>3<\/sup> \u2013 tank 25 Liters.<\/p>\n<p><strong>Automatic system of sanitization:<\/strong> Once installed and connected to the main power, SANY SAFE is ready to use and does not require any technical assistance.<\/p>\n<p><strong>Tank replacement in autonomy:<\/strong> The external tank has been designed to be replaced directly by the user, without technical assistance. It is available in different sizes: 5, 10 or 25 liters to perform many sanitization cycles, according to your needs.<\/p>\n<p><strong>Management and monitoring by APP:<\/strong> Once installed, SANY SAFE has a programmed weekly schedule, that allows an immediate use. Thanks to the simple and intuitive configuration by APP, you can, at any time, manage SANY SAFE and customize volumes, frequency and intensity of the sanitization cycles.<\/p>\n<p><strong>Quick sanitization:<\/strong> 3 levels of intensity to choose the level and frequency of sanitization best suited to your environment. For example, you can do a low intensity sanitization every day in a 120m3room in a minute and enter after a quarter of an hour.<\/p>\n<p><strong>Connected to the Cloud:<\/strong> Thanks to the included GSM device and the DATA SIM active for 2 years*, SANY SAFE is always connected to the Cloud and can be controlled remotely. (Available only for European countries.)<\/p>\n<p><strong>Maximum security:<\/strong> The vaporized steam in the air does not present any toxicity to people, animals and plants, does not damage surfaces and tissues and releases a pleasant clean scent. The environment should be adequately ventilated after use.<\/p>\n<p><strong>Energy saving:<\/strong> SANY SAFE has been designed to dynamically manage consumption. During the time slots when the steam diffusion is not performed, SANY SAFE activates the standby mode, turning off and saving energy.<\/p>\n","protected":false},"excerpt":{"rendered":"<p><strong>Sany Safe steams a powerful sanitizing detergent, non-toxic, suitable for all environments that eliminates pathogens such as viruses, germs, bacteria and fungi both on surfaces and in air suspension<\/strong>, spreading in the environment invisible micro-particles able to penetrate even in the most inaccessible places.<\/p>\n","protected":false},"featured_media":2066,"template":"","meta":{"_et_pb_use_builder":"off","_et_pb_old_content":"<strong><span style=\"vertical-align: inherit\"><span style=\"vertical-align: inherit\">Para monitoreo de intrusos, control de acceso, bienvenida, advertencia o aviso<\/span><\/span><\/strong><span style=\"vertical-align: inherit\"><span style=\"vertical-align: inherit\"> \u00a0, recomendamos el\u00a0 <\/span><\/span><strong><span style=\"vertical-align: inherit\"><span style=\"vertical-align: inherit\">enunciador de voz de 4 canales - <\/span><\/span><\/strong>\u00a0<strong><span style=\"vertical-align: inherit\"><span style=\"vertical-align: inherit\">Multispeech Kit GJD090<\/span><\/span><\/strong><span style=\"vertical-align: inherit\"><span style=\"vertical-align: inherit\"> . <\/span><span style=\"vertical-align: inherit\">Se puede grabar un mensaje diferente de 30 segundos en cada canal o podr\u00eda ser un solo mensaje de 120 segundos.<\/span><\/span>\r\n\r\n<span style=\"vertical-align: inherit\"><span style=\"vertical-align: inherit\">El m\u00f3dulo es configurable para aceptar cualquier entrada normalmente abierta o normalmente cerrada, lo que le da una mayor flexibilidad para usarlo con cualquier\u00a0 <\/span><\/span><strong><span style=\"vertical-align: inherit\"><span style=\"vertical-align: inherit\">dispositivo de detecci\u00f3n, panel de alarma, bot\u00f3n de p\u00e1nico, contestador telef\u00f3nico o activaci\u00f3n desde una estaci\u00f3n de monitoreo de video remota.\u00a0<\/span><\/span><\/strong><span style=\"vertical-align: inherit\"><span style=\"vertical-align: inherit\">El control de volumen es ajustable y hay dos sonidos de preatenci\u00f3n disponibles.<\/span><\/span>\r\n\r\n<span style=\"vertical-align: inherit\"><span style=\"vertical-align: inherit\">El kit Multispeech proporciona una salida de audio de 8 ohmios que se puede aplicar a un altavoz o un marcador que tenga una entrada de procesador de voz. <\/span><span style=\"vertical-align: inherit\">La grabaci\u00f3n se puede realizar utilizando el micr\u00f3fono integrado o, alternativamente, mediante una entrada de l\u00ednea de 1V pp.\u00a0<\/span><\/span><strong><span style=\"vertical-align: inherit\"><span style=\"vertical-align: inherit\">La instalaci\u00f3n es f\u00e1cil y la grabaci\u00f3n de mensajes es r\u00e1pida y sencilla<\/span><\/span><\/strong><span style=\"vertical-align: inherit\"><span style=\"vertical-align: inherit\"> .<\/span><\/span>\r\n\r\n<span style=\"vertical-align: inherit\"><span style=\"vertical-align: inherit\">Este kit incluye:<\/span><\/span>\r\n\r\n<strong><span style=\"vertical-align: inherit\"><span style=\"vertical-align: inherit\">1 altavoz de bocina de 8 vatios y 8 ohmios<\/span><\/span><\/strong>\r\n\r\n<strong><span style=\"vertical-align: inherit\"><span style=\"vertical-align: inherit\">1 x Multispeech y PSU en caja resistente a la intemperie<\/span><\/span><\/strong>","_et_gb_content_width":""},"pwb-brand":[203],"product_brand":[],"product_cat":[41,43],"product_tag":[102,101],"class_list":{"0":"post-2040","1":"product","2":"type-product","3":"status-publish","4":"has-post-thumbnail","6":"pwb-brand-avs-electronics-s-p-a","7":"product_cat-perimeter-intrusion-detection-systems","8":"product_cat-auxiliary-solutions","9":"product_tag-auxiliary-solution","10":"product_tag-sanitising-solution","12":"first","13":"instock","14":"featured","15":"shipping-taxable","16":"product-type-simple"},"yoast_head":"<!-- This site is optimized with the Yoast SEO plugin v25.2 - https:\/\/yoast.com\/wordpress\/plugins\/seo\/ -->\n<title>SANY SAFE: Environmental sanitization system - Bunker Seguridad Electr\u00f3nica S.L.<\/title>\n<meta name=\"description\" content=\"4-channel speech enunciator kit for intruder monitoring, access control, welcoming or warning with a hornspeaker, a musltispeech and a PSU.\" \/>\n<meta name=\"robots\" content=\"index, follow, max-snippet:-1, max-image-preview:large, max-video-preview:-1\" \/>\n<link rel=\"canonical\" href=\"https:\/\/bunkerseguridad.com\/en\/security-product\/sany-safe-environmental-sanitization-system\/\" \/>\n<meta property=\"og:locale\" content=\"en_US\" \/>\n<meta property=\"og:type\" content=\"article\" \/>\n<meta property=\"og:title\" content=\"SANY SAFE: Environmental sanitization system - Bunker Seguridad Electr\u00f3nica S.L.\" \/>\n<meta property=\"og:description\" content=\"4-channel speech enunciator kit for intruder monitoring, access control, welcoming or warning with a hornspeaker, a musltispeech and a PSU.\" \/>\n<meta property=\"og:url\" content=\"https:\/\/bunkerseguridad.com\/en\/security-product\/sany-safe-environmental-sanitization-system\/\" \/>\n<meta property=\"og:site_name\" content=\"Bunker Seguridad Electr\u00f3nica S.L.\" \/>\n<meta property=\"article:modified_time\" content=\"2020-10-20T08:02:19+00:00\" \/>\n<meta property=\"og:image\" content=\"https:\/\/bunkerseguridad.com\/en\/wp-content\/uploads\/2020\/10\/sany-safe-system.png\" \/>\n\t<meta property=\"og:image:width\" content=\"1200\" \/>\n\t<meta property=\"og:image:height\" content=\"1200\" \/>\n\t<meta property=\"og:image:type\" content=\"image\/png\" \/>\n<meta name=\"twitter:card\" content=\"summary_large_image\" \/>\n<meta name=\"twitter:label1\" content=\"Est. reading time\" \/>\n\t<meta name=\"twitter:data1\" content=\"2 minutes\" \/>\n<script type=\"application\/ld+json\" class=\"yoast-schema-graph\">{\"@context\":\"https:\/\/schema.org\",\"@graph\":[{\"@type\":\"WebPage\",\"@id\":\"https:\/\/bunkerseguridad.com\/en\/security-product\/sany-safe-environmental-sanitization-system\/\",\"url\":\"https:\/\/bunkerseguridad.com\/en\/security-product\/sany-safe-environmental-sanitization-system\/\",\"name\":\"SANY SAFE: Environmental sanitization system - Bunker Seguridad Electr\u00f3nica S.L.\",\"isPartOf\":{\"@id\":\"https:\/\/bunkerseguridad.com\/en\/#website\"},\"primaryImageOfPage\":{\"@id\":\"https:\/\/bunkerseguridad.com\/en\/security-product\/sany-safe-environmental-sanitization-system\/#primaryimage\"},\"image\":{\"@id\":\"https:\/\/bunkerseguridad.com\/en\/security-product\/sany-safe-environmental-sanitization-system\/#primaryimage\"},\"thumbnailUrl\":\"https:\/\/bunkerseguridad.com\/en\/wp-content\/uploads\/2020\/10\/sany-safe-system.png\",\"datePublished\":\"2020-10-06T09:34:39+00:00\",\"dateModified\":\"2020-10-20T08:02:19+00:00\",\"description\":\"4-channel speech enunciator kit for intruder monitoring, access control, welcoming or warning with a hornspeaker, a musltispeech and a PSU.\",\"breadcrumb\":{\"@id\":\"https:\/\/bunkerseguridad.com\/en\/security-product\/sany-safe-environmental-sanitization-system\/#breadcrumb\"},\"inLanguage\":\"en-US\",\"potentialAction\":[{\"@type\":\"ReadAction\",\"target\":[\"https:\/\/bunkerseguridad.com\/en\/security-product\/sany-safe-environmental-sanitization-system\/\"]}]},{\"@type\":\"ImageObject\",\"inLanguage\":\"en-US\",\"@id\":\"https:\/\/bunkerseguridad.com\/en\/security-product\/sany-safe-environmental-sanitization-system\/#primaryimage\",\"url\":\"https:\/\/bunkerseguridad.com\/en\/wp-content\/uploads\/2020\/10\/sany-safe-system.png\",\"contentUrl\":\"https:\/\/bunkerseguridad.com\/en\/wp-content\/uploads\/2020\/10\/sany-safe-system.png\",\"width\":1200,\"height\":1200,\"caption\":\"Sany Safe system\"},{\"@type\":\"BreadcrumbList\",\"@id\":\"https:\/\/bunkerseguridad.com\/en\/security-product\/sany-safe-environmental-sanitization-system\/#breadcrumb\",\"itemListElement\":[{\"@type\":\"ListItem\",\"position\":1,\"name\":\"Home\",\"item\":\"https:\/\/bunkerseguridad.com\/en\/\"},{\"@type\":\"ListItem\",\"position\":2,\"name\":\"Shop\",\"item\":\"https:\/\/bunkerseguridad.com\/en\/shop\/\"},{\"@type\":\"ListItem\",\"position\":3,\"name\":\"SANY SAFE: Environmental sanitization system\"}]},{\"@type\":\"WebSite\",\"@id\":\"https:\/\/bunkerseguridad.com\/en\/#website\",\"url\":\"https:\/\/bunkerseguridad.com\/en\/\",\"name\":\"Bunker Seguridad Electr\u00f3nica S.L.\",\"description\":\"Manufacturing and distribution of perimeter detection systems in Europe.\",\"potentialAction\":[{\"@type\":\"SearchAction\",\"target\":{\"@type\":\"EntryPoint\",\"urlTemplate\":\"https:\/\/bunkerseguridad.com\/en\/?s={search_term_string}\"},\"query-input\":{\"@type\":\"PropertyValueSpecification\",\"valueRequired\":true,\"valueName\":\"search_term_string\"}}],\"inLanguage\":\"en-US\"}]}<\/script>\n<!-- \/ Yoast SEO plugin. -->","yoast_head_json":{"title":"SANY SAFE: Environmental sanitization system - Bunker Seguridad Electr\u00f3nica S.L.","description":"4-channel speech enunciator kit for intruder monitoring, access control, welcoming or warning with a hornspeaker, a musltispeech and a PSU.","robots":{"index":"index","follow":"follow","max-snippet":"max-snippet:-1","max-image-preview":"max-image-preview:large","max-video-preview":"max-video-preview:-1"},"canonical":"https:\/\/bunkerseguridad.com\/en\/security-product\/sany-safe-environmental-sanitization-system\/","og_locale":"en_US","og_type":"article","og_title":"SANY SAFE: Environmental sanitization system - Bunker Seguridad Electr\u00f3nica S.L.","og_description":"4-channel speech enunciator kit for intruder monitoring, access control, welcoming or warning with a hornspeaker, a musltispeech and a PSU.","og_url":"https:\/\/bunkerseguridad.com\/en\/security-product\/sany-safe-environmental-sanitization-system\/","og_site_name":"Bunker Seguridad Electr\u00f3nica S.L.","article_modified_time":"2020-10-20T08:02:19+00:00","og_image":[{"width":1200,"height":1200,"url":"https:\/\/bunkerseguridad.com\/en\/wp-content\/uploads\/2020\/10\/sany-safe-system.png","type":"image\/png"}],"twitter_card":"summary_large_image","twitter_misc":{"Est. reading time":"2 minutes"},"schema":{"@context":"https:\/\/schema.org","@graph":[{"@type":"WebPage","@id":"https:\/\/bunkerseguridad.com\/en\/security-product\/sany-safe-environmental-sanitization-system\/","url":"https:\/\/bunkerseguridad.com\/en\/security-product\/sany-safe-environmental-sanitization-system\/","name":"SANY SAFE: Environmental sanitization system - Bunker Seguridad Electr\u00f3nica S.L.","isPartOf":{"@id":"https:\/\/bunkerseguridad.com\/en\/#website"},"primaryImageOfPage":{"@id":"https:\/\/bunkerseguridad.com\/en\/security-product\/sany-safe-environmental-sanitization-system\/#primaryimage"},"image":{"@id":"https:\/\/bunkerseguridad.com\/en\/security-product\/sany-safe-environmental-sanitization-system\/#primaryimage"},"thumbnailUrl":"https:\/\/bunkerseguridad.com\/en\/wp-content\/uploads\/2020\/10\/sany-safe-system.png","datePublished":"2020-10-06T09:34:39+00:00","dateModified":"2020-10-20T08:02:19+00:00","description":"4-channel speech enunciator kit for intruder monitoring, access control, welcoming or warning with a hornspeaker, a musltispeech and a PSU.","breadcrumb":{"@id":"https:\/\/bunkerseguridad.com\/en\/security-product\/sany-safe-environmental-sanitization-system\/#breadcrumb"},"inLanguage":"en-US","potentialAction":[{"@type":"ReadAction","target":["https:\/\/bunkerseguridad.com\/en\/security-product\/sany-safe-environmental-sanitization-system\/"]}]},{"@type":"ImageObject","inLanguage":"en-US","@id":"https:\/\/bunkerseguridad.com\/en\/security-product\/sany-safe-environmental-sanitization-system\/#primaryimage","url":"https:\/\/bunkerseguridad.com\/en\/wp-content\/uploads\/2020\/10\/sany-safe-system.png","contentUrl":"https:\/\/bunkerseguridad.com\/en\/wp-content\/uploads\/2020\/10\/sany-safe-system.png","width":1200,"height":1200,"caption":"Sany Safe system"},{"@type":"BreadcrumbList","@id":"https:\/\/bunkerseguridad.com\/en\/security-product\/sany-safe-environmental-sanitization-system\/#breadcrumb","itemListElement":[{"@type":"ListItem","position":1,"name":"Home","item":"https:\/\/bunkerseguridad.com\/en\/"},{"@type":"ListItem","position":2,"name":"Shop","item":"https:\/\/bunkerseguridad.com\/en\/shop\/"},{"@type":"ListItem","position":3,"name":"SANY SAFE: Environmental sanitization system"}]},{"@type":"WebSite","@id":"https:\/\/bunkerseguridad.com\/en\/#website","url":"https:\/\/bunkerseguridad.com\/en\/","name":"Bunker Seguridad Electr\u00f3nica S.L.","description":"Manufacturing and distribution of perimeter detection systems in Europe.","potentialAction":[{"@type":"SearchAction","target":{"@type":"EntryPoint","urlTemplate":"https:\/\/bunkerseguridad.com\/en\/?s={search_term_string}"},"query-input":{"@type":"PropertyValueSpecification","valueRequired":true,"valueName":"search_term_string"}}],"inLanguage":"en-US"}]}},"brands":[{"id":203,"name":"AVS Electronics","slug":"avs-electronics-s-p-a"}],"_links":{"self":[{"href":"https:\/\/bunkerseguridad.com\/en\/wp-json\/wp\/v2\/product\/2040","targetHints":{"allow":["GET"]}}],"collection":[{"href":"https:\/\/bunkerseguridad.com\/en\/wp-json\/wp\/v2\/product"}],"about":[{"href":"https:\/\/bunkerseguridad.com\/en\/wp-json\/wp\/v2\/types\/product"}],"wp:featuredmedia":[{"embeddable":true,"href":"https:\/\/bunkerseguridad.com\/en\/wp-json\/wp\/v2\/media\/2066"}],"wp:attachment":[{"href":"https:\/\/bunkerseguridad.com\/en\/wp-json\/wp\/v2\/media?parent=2040"}],"wp:term":[{"taxonomy":"pwb-brand","embeddable":true,"href":"https:\/\/bunkerseguridad.com\/en\/wp-json\/wp\/v2\/pwb-brand?post=2040"},{"taxonomy":"product_brand","embeddable":true,"href":"https:\/\/bunkerseguridad.com\/en\/wp-json\/wp\/v2\/product_brand?post=2040"},{"taxonomy":"product_cat","embeddable":true,"href":"https:\/\/bunkerseguridad.com\/en\/wp-json\/wp\/v2\/product_cat?post=2040"},{"taxonomy":"product_tag","embeddable":true,"href":"https:\/\/bunkerseguridad.com\/en\/wp-json\/wp\/v2\/product_tag?post=2040"}],"curies":[{"name":"wp","href":"https:\/\/api.w.org\/{rel}","templated":true}]}}